{"id":157,"date":"2015-07-30T11:40:28","date_gmt":"2015-07-30T11:40:28","guid":{"rendered":"http:\/\/venus.webdesign-grancanaria.de\/es\/hausordnung\/"},"modified":"2025-08-21T21:55:39","modified_gmt":"2025-08-21T21:55:39","slug":"reglas-de-la-casa","status":"publish","type":"page","link":"https:\/\/www.swparadiseresort.com\/es\/reglas-de-la-casa\/","title":{"rendered":"Reglas de la Casa"},"content":{"rendered":"\t\t<div data-elementor-type=\"wp-page\" data-elementor-id=\"157\" class=\"elementor elementor-157 elementor-7\" data-elementor-post-type=\"page\">\n\t\t\t\t\t\t<section class=\"elementor-section elementor-top-section elementor-element elementor-element-62a180a elementor-section-boxed elementor-section-height-default elementor-section-height-default\" data-id=\"62a180a\" data-element_type=\"section\">\n\t\t\t\t\t\t<div class=\"elementor-container elementor-column-gap-default\">\n\t\t\t\t\t<div class=\"elementor-column elementor-col-100 elementor-top-column elementor-element elementor-element-c00ef9b\" data-id=\"c00ef9b\" data-element_type=\"column\">\n\t\t\t<div class=\"elementor-widget-wrap elementor-element-populated\">\n\t\t\t\t\t\t<div class=\"elementor-element elementor-element-47c615b elementor-widget elementor-widget-spacer\" data-id=\"47c615b\" data-element_type=\"widget\" data-widget_type=\"spacer.default\">\n\t\t\t\t<div class=\"elementor-widget-container\">\n\t\t\t\t\t\t\t<div class=\"elementor-spacer\">\n\t\t\t<div class=\"elementor-spacer-inner\"><\/div>\n\t\t<\/div>\n\t\t\t\t\t\t<\/div>\n\t\t\t\t<\/div>\n\t\t\t\t\t<\/div>\n\t\t<\/div>\n\t\t\t\t\t<\/div>\n\t\t<\/section>\n\t\t\t\t<section class=\"elementor-section elementor-top-section elementor-element elementor-element-6ae87c3d elementor-section-boxed elementor-section-height-default elementor-section-height-default\" data-id=\"6ae87c3d\" data-element_type=\"section\">\n\t\t\t\t\t\t<div class=\"elementor-container elementor-column-gap-default\">\n\t\t\t\t\t<div class=\"elementor-column elementor-col-100 elementor-top-column elementor-element elementor-element-482ffbef\" data-id=\"482ffbef\" data-element_type=\"column\">\n\t\t\t<div class=\"elementor-widget-wrap elementor-element-populated\">\n\t\t\t\t\t\t<div class=\"elementor-element elementor-element-6297612 elementor-widget elementor-widget-heading\" data-id=\"6297612\" data-element_type=\"widget\" data-widget_type=\"heading.default\">\n\t\t\t\t<div class=\"elementor-widget-container\">\n\t\t\t\t\t<h2 class=\"elementor-heading-title elementor-size-default\">Reglas de la Casa &amp; Infos<\/h2>\t\t\t\t<\/div>\n\t\t\t\t<\/div>\n\t\t\t\t\t<\/div>\n\t\t<\/div>\n\t\t\t\t\t<\/div>\n\t\t<\/section>\n\t\t\t\t<section class=\"elementor-section elementor-top-section elementor-element elementor-element-320a0cb elementor-section-boxed elementor-section-height-default elementor-section-height-default\" data-id=\"320a0cb\" data-element_type=\"section\">\n\t\t\t\t\t\t<div class=\"elementor-container elementor-column-gap-default\">\n\t\t\t\t\t<div class=\"elementor-column elementor-col-50 elementor-top-column elementor-element elementor-element-a9c302c\" data-id=\"a9c302c\" data-element_type=\"column\">\n\t\t\t<div class=\"elementor-widget-wrap elementor-element-populated\">\n\t\t\t\t\t\t<div class=\"elementor-element elementor-element-0f78773 elementor-widget elementor-widget-text-editor\" data-id=\"0f78773\" data-element_type=\"widget\" data-widget_type=\"text-editor.default\">\n\t\t\t\t<div class=\"elementor-widget-container\">\n\t\t\t\t\t\t\t\t\t<p>Check-in a partir de las 14h.<\/p>\n<p>Salida hasta las 11 a.m. <\/p>\n<p>La recepci\u00f3n est\u00e1 abierta de 08:00 a 20:00. Por favor, h\u00e1ganos saber su hora de llegada para que podamos asegurarnos de que llega al complejo. Tambi\u00e9n puede reservar un traslado al aeropuerto a trav\u00e9s de nosotros (servicio externo, el pago se realiza al conductor).<\/p>\n<p><strong>SEG\u00daN LEY SE REQUIERE PRESENTAR IDENTIFICACI\u00d3N O PASAPORTE AL PERSONAL<\/strong><\/p>\t\t\t\t\t\t\t\t<\/div>\n\t\t\t\t<\/div>\n\t\t\t\t<div class=\"elementor-element elementor-element-338ea69 elementor-widget elementor-widget-text-editor\" data-id=\"338ea69\" data-element_type=\"widget\" data-widget_type=\"text-editor.default\">\n\t\t\t\t<div class=\"elementor-widget-container\">\n\t\t\t\t\t\t\t\t\t<p>Est\u00e1 terminantemente prohibido fumar en las zonas comunes del complejo:<\/p>\n<ul>\n<li>Zona de la piscina (Comunzone) En las tumbonas.<\/li>\n<li>En el interior de los bungalows.<\/li>\n<\/ul>\n<p>Zonas de fumadores:<\/p>\n<ul>\n<li>Zona de fumadores en la Comunzone<\/li>\n<li>Terraza del restaurante<\/li>\n<li>Terrazas de los bungalows<\/li>\n<\/ul>\n<p>Los hu\u00e9spedes de d\u00eda tienen totalmente prohibida la entrada a los bungalows y nuestros hu\u00e9spedes no pueden invitar a hu\u00e9spedes de d\u00eda a su bungalow.<\/p>\n<p>SEG\u00daN LEY SE REQUIERE PRESENTAR IDENTIFICACI\u00d3N O PASAPORTE AL PERSONAL<\/p>\n<p><strong>Est\u00e1 terminantemente prohibido comer, hacer barbacoas u otras comidas en la terraza.<\/strong><\/p>\n<p> <\/p>\n<h3><strong>PROHIBICI\u00d3N DE CELEBRACIONES EN LOS BUNGALOWS<\/strong><\/h3>\n<p><strong>A todos los hu\u00e9spedes.<\/strong><br>Si desean celebrar una fiesta en nuestro complejo, p\u00f3nganse en contacto con la direcci\u00f3n para que podamos organizarla juntos. La direcci\u00f3n decorar\u00e1 la sala elegida y les ofrecer\u00e1 un precio especial para el men\u00fa en funci\u00f3n del n\u00famero de participantes. <br><strong>No est\u00e1 permitido cocinar en la terraza de los bungalows.<\/strong><\/p>\n<p><br>Las tumbonas de la zona com\u00fan de la piscina est\u00e1n disponibles a partir de las 9 de la ma\u00f1ana. No se admiten reservas. <\/p>\n<p>En nuestro complejo est\u00e1 terminantemente prohibido utilizar c\u00e1maras, tel\u00e9fonos m\u00f3viles, gafas o cualquier otro tipo de dispositivo capaz de captar im\u00e1genes de nuestros hu\u00e9spedes en todo el complejo.<br>Si no respeta esta norma, tendr\u00e1 abandonar el complejo inmediatamente.<\/p>\n<p> <\/p>\n<p>Les informamos de que la empresa puede cargar en su tarjeta el coste de los da\u00f1os. Al realizar la reserva, usted acepta estas condiciones. Si no est\u00e1 de acuerdo con esta medida, deber\u00e1 confirm\u00e1rnoslo por escrito, teniendo en cuenta que la reserva se cancelar\u00e1 autom\u00e1ticamente.  <\/p>\n<p>La limpieza de los bungalows se hacen obligatoriamente todos los d\u00edas.<br>En caso de no querer limpieza de forma puntual, avisamos que los bungalows no podr\u00e1n estar mas de 2 d\u00edas sin limpiar.<br>En cualquier caso las camareras de piso tienen la orden de entrar para mirar el estado del bungalow.<br>En caso de suciedad extrema se le cobrar\u00e1 un suplemento.<\/p>\t\t\t\t\t\t\t\t<\/div>\n\t\t\t\t<\/div>\n\t\t\t\t\t<\/div>\n\t\t<\/div>\n\t\t\t\t<div class=\"elementor-column elementor-col-50 elementor-top-column elementor-element elementor-element-a65dcf1\" data-id=\"a65dcf1\" data-element_type=\"column\">\n\t\t\t<div class=\"elementor-widget-wrap elementor-element-populated\">\n\t\t\t\t\t\t<div class=\"elementor-element elementor-element-0fc444b elementor-widget elementor-widget-image\" data-id=\"0fc444b\" data-element_type=\"widget\" data-widget_type=\"image.default\">\n\t\t\t\t<div class=\"elementor-widget-container\">\n\t\t\t\t\t\t\t\t\t\t\t\t\t\t\t<img fetchpriority=\"high\" decoding=\"async\" width=\"768\" height=\"1024\" src=\"https:\/\/www.swparadiseresort.com\/wp-content\/uploads\/buganvilla-768x1024.jpg\" class=\"attachment-large size-large wp-image-6356\" alt=\"\" srcset=\"https:\/\/www.swparadiseresort.com\/wp-content\/uploads\/buganvilla-768x1024.jpg 768w, https:\/\/www.swparadiseresort.com\/wp-content\/uploads\/buganvilla-225x300.jpg 225w, https:\/\/www.swparadiseresort.com\/wp-content\/uploads\/buganvilla-1152x1536.jpg 1152w, https:\/\/www.swparadiseresort.com\/wp-content\/uploads\/buganvilla-1536x2048.jpg 1536w, https:\/\/www.swparadiseresort.com\/wp-content\/uploads\/buganvilla-scaled.jpg 1440w\" sizes=\"(max-width: 768px) 100vw, 768px\" \/>\t\t\t\t\t\t\t\t\t\t\t\t\t\t\t<\/div>\n\t\t\t\t<\/div>\n\t\t\t\t\t<\/div>\n\t\t<\/div>\n\t\t\t\t\t<\/div>\n\t\t<\/section>\n\t\t\t\t<section class=\"elementor-section elementor-top-section elementor-element elementor-element-0a044d5 elementor-section-boxed elementor-section-height-default elementor-section-height-default\" data-id=\"0a044d5\" data-element_type=\"section\">\n\t\t\t\t\t\t<div class=\"elementor-container elementor-column-gap-default\">\n\t\t\t\t\t<div class=\"elementor-column elementor-col-50 elementor-top-column elementor-element elementor-element-1df66da\" data-id=\"1df66da\" data-element_type=\"column\">\n\t\t\t<div class=\"elementor-widget-wrap elementor-element-populated\">\n\t\t\t\t\t\t<div class=\"elementor-element elementor-element-9e01779 elementor-widget elementor-widget-image\" data-id=\"9e01779\" data-element_type=\"widget\" data-widget_type=\"image.default\">\n\t\t\t\t<div class=\"elementor-widget-container\">\n\t\t\t\t\t\t\t\t\t\t\t\t\t\t\t<img decoding=\"async\" width=\"768\" height=\"1024\" src=\"https:\/\/www.swparadiseresort.com\/wp-content\/uploads\/cama-decorada-768x1024.jpg\" class=\"attachment-large size-large wp-image-6044\" alt=\"\" srcset=\"https:\/\/www.swparadiseresort.com\/wp-content\/uploads\/cama-decorada-768x1024.jpg 768w, https:\/\/www.swparadiseresort.com\/wp-content\/uploads\/cama-decorada-225x300.jpg 225w, https:\/\/www.swparadiseresort.com\/wp-content\/uploads\/cama-decorada-1152x1536.jpg 1152w, https:\/\/www.swparadiseresort.com\/wp-content\/uploads\/cama-decorada-1536x2048.jpg 1536w, https:\/\/www.swparadiseresort.com\/wp-content\/uploads\/cama-decorada-scaled.jpg 1440w\" sizes=\"(max-width: 768px) 100vw, 768px\" \/>\t\t\t\t\t\t\t\t\t\t\t\t\t\t\t<\/div>\n\t\t\t\t<\/div>\n\t\t\t\t\t<\/div>\n\t\t<\/div>\n\t\t\t\t<div class=\"elementor-column elementor-col-50 elementor-top-column elementor-element elementor-element-91d21ff\" data-id=\"91d21ff\" data-element_type=\"column\">\n\t\t\t<div class=\"elementor-widget-wrap elementor-element-populated\">\n\t\t\t\t\t\t<div class=\"elementor-element elementor-element-a95c7b5 elementor-widget elementor-widget-heading\" data-id=\"a95c7b5\" data-element_type=\"widget\" data-widget_type=\"heading.default\">\n\t\t\t\t<div class=\"elementor-widget-container\">\n\t\t\t\t\t<h2 class=\"elementor-heading-title elementor-size-default\">solo para adultos<\/h2>\t\t\t\t<\/div>\n\t\t\t\t<\/div>\n\t\t\t\t<div class=\"elementor-element elementor-element-e667c37 elementor-widget elementor-widget-text-editor\" data-id=\"e667c37\" data-element_type=\"widget\" data-widget_type=\"text-editor.default\">\n\t\t\t\t<div class=\"elementor-widget-container\">\n\t\t\t\t\t\t\t\t\t<p>Este es un complejo solo para adultos; sin embargo, no hay obligaci\u00f3n ni garant\u00eda de sexo. Sin embargo, se aplican todas las reglas normales para tratar con swingers, como buenos modales, discreci\u00f3n y limpieza. Un no significa no y no es una ofensa.<\/p>\n<p>Para evitar molestias, el uso del jacuzzi est\u00e1 prohibido despu\u00e9s de las 10 p.m. Adem\u00e1s, a partir de este momento, todas las actividades que pudieran generar contaminaci\u00f3n ac\u00fastica deber\u00e1n trasladarse al interior del resort. Hay habitaciones disponibles para esto.<\/p>\t\t\t\t\t\t\t\t<\/div>\n\t\t\t\t<\/div>\n\t\t\t\t<div class=\"elementor-element elementor-element-2868180 elementor-widget elementor-widget-heading\" data-id=\"2868180\" data-element_type=\"widget\" data-widget_type=\"heading.default\">\n\t\t\t\t<div class=\"elementor-widget-container\">\n\t\t\t\t\t<h2 class=\"elementor-heading-title elementor-size-default\">no fotos<\/h2>\t\t\t\t<\/div>\n\t\t\t\t<\/div>\n\t\t\t\t<div class=\"elementor-element elementor-element-53f7212c elementor-widget elementor-widget-text-editor\" data-id=\"53f7212c\" data-element_type=\"widget\" data-widget_type=\"text-editor.default\">\n\t\t\t\t<div class=\"elementor-widget-container\">\n\t\t\t\t\t\t\t\t\t<p>Para la protecci\u00f3n de la discreci\u00f3n, privacidad y confidencialidad, no se pueden tomar fotograf\u00edas o videos de ning\u00fan tipo en el sistema sin el consentimiento expreso de todas las personas contenidas en las fotos o videos. \u00a1No habr\u00e1 excepci\u00f3n a esto!<\/p>\n<p>Cualquiera que en secreto y sin permiso tome fotos o videos de otros hu\u00e9spedes en el complejo sin su permiso expreso puede ser expulsado del SW Paradise Resort sin ning\u00fan reembolso de los costos de alojamiento pagados. <\/p>\n<p> <\/p>\t\t\t\t\t\t\t\t<\/div>\n\t\t\t\t<\/div>\n\t\t\t\t\t<\/div>\n\t\t<\/div>\n\t\t\t\t\t<\/div>\n\t\t<\/section>\n\t\t\t\t<section class=\"elementor-section elementor-top-section elementor-element elementor-element-dc07018 elementor-section-boxed elementor-section-height-default elementor-section-height-default\" data-id=\"dc07018\" data-element_type=\"section\">\n\t\t\t\t\t\t<div class=\"elementor-container elementor-column-gap-default\">\n\t\t\t\t\t<div class=\"elementor-column elementor-col-50 elementor-top-column elementor-element elementor-element-b068ec3\" data-id=\"b068ec3\" data-element_type=\"column\">\n\t\t\t<div class=\"elementor-widget-wrap elementor-element-populated\">\n\t\t\t\t\t\t<div class=\"elementor-element elementor-element-d9e6d7b elementor-widget elementor-widget-text-editor\" data-id=\"d9e6d7b\" data-element_type=\"widget\" data-widget_type=\"text-editor.default\">\n\t\t\t\t<div class=\"elementor-widget-container\">\n\t\t\t\t\t\t\t\t\t<p>Asumimos que nuestros hu\u00e9spedes son conscientes del car\u00e1cter especial de sus vacaciones aqu\u00ed en el SW Paradise Resort. No se pueden reembolsar los gastos de alojamiento debido a malentendidos.<\/p>\n<p>Tratamos toda la informaci\u00f3n con la m\u00e1s estricta confidencialidad y garantizamos que ninguna de esta informaci\u00f3n ser\u00e1 cedida a terceros. Su identidad y la de todas las personas que se re\u00fanen con nosotros son absolutamente confidenciales.<\/p>\n<p>El establecimiento se reserva el derecho de acceso de acuerdo con la legislaci\u00f3n vigente y las condiciones indicadas en el acceso al establecimiento.<\/p>\n<p> <\/p>\t\t\t\t\t\t\t\t<\/div>\n\t\t\t\t<\/div>\n\t\t\t\t\t<\/div>\n\t\t<\/div>\n\t\t\t\t<div class=\"elementor-column elementor-col-50 elementor-top-column elementor-element elementor-element-e2e51c9\" data-id=\"e2e51c9\" data-element_type=\"column\">\n\t\t\t<div class=\"elementor-widget-wrap elementor-element-populated\">\n\t\t\t\t\t\t<div class=\"elementor-element elementor-element-057640b elementor-widget elementor-widget-text-editor\" data-id=\"057640b\" data-element_type=\"widget\" data-widget_type=\"text-editor.default\">\n\t\t\t\t<div class=\"elementor-widget-container\">\n\t\t\t\t\t\t\t\t\t<p>La utilizaci\u00f3n del pase de un d\u00eda est\u00e1 sujeta al buen uso y mantenimiento de las instalaciones y equipos. En caso de desperfectos, el centro podr\u00e1 cobrar por ello.<\/p>\n<p>Los hu\u00e9spedes diurnos solo pueden ingresar a los bungalows con la aprobaci\u00f3n expresa de la recepci\u00f3n o del restaurante del SW Paradise Resort.<\/p>\n<p>La sauna se activa todos los d\u00edas de 12:00 a 22:00 (desde octubre hasta abril)<\/p>\n<p>Los hu\u00e9spedes del d\u00eda deben salir del resort a m\u00e1s tardar a las 8 p.m.<\/p>\n<p>  <\/p>\t\t\t\t\t\t\t\t<\/div>\n\t\t\t\t<\/div>\n\t\t\t\t\t<\/div>\n\t\t<\/div>\n\t\t\t\t\t<\/div>\n\t\t<\/section>\n\t\t\t\t<section class=\"elementor-section elementor-top-section elementor-element elementor-element-3bda8d9 elementor-section-boxed elementor-section-height-default elementor-section-height-default\" data-id=\"3bda8d9\" data-element_type=\"section\">\n\t\t\t\t\t\t<div class=\"elementor-container elementor-column-gap-default\">\n\t\t\t\t\t<div class=\"elementor-column elementor-col-100 elementor-top-column elementor-element elementor-element-ce8bbd7\" data-id=\"ce8bbd7\" data-element_type=\"column\">\n\t\t\t<div class=\"elementor-widget-wrap elementor-element-populated\">\n\t\t\t\t\t\t<div class=\"elementor-element elementor-element-7a4c72b elementor-widget elementor-widget-heading\" data-id=\"7a4c72b\" data-element_type=\"widget\" data-widget_type=\"heading.default\">\n\t\t\t\t<div class=\"elementor-widget-container\">\n\t\t\t\t\t<h2 class=\"elementor-heading-title elementor-size-default\">Deseamos a todos nuestros hu\u00e9spedes una estancia agradable e inolvidable en el SW Paradise Resort. <\/h2>\t\t\t\t<\/div>\n\t\t\t\t<\/div>\n\t\t\t\t<div class=\"elementor-element elementor-element-a8fece5 elementor-widget elementor-widget-text-editor\" data-id=\"a8fece5\" data-element_type=\"widget\" data-widget_type=\"text-editor.default\">\n\t\t\t\t<div class=\"elementor-widget-container\">\n\t\t\t\t\t\t\t\t\t<p style=\"text-align: center;\">Si tiene alguna pregunta y \/ o sugerencia, no dude en hac\u00e9rnoslo saber. <\/p>\t\t\t\t\t\t\t\t<\/div>\n\t\t\t\t<\/div>\n\t\t\t\t\t<\/div>\n\t\t<\/div>\n\t\t\t\t\t<\/div>\n\t\t<\/section>\n\t\t\t\t<\/div>\n\t\t","protected":false},"excerpt":{"rendered":"<p>Reglas de la Casa &amp; Infos Check-in a partir de las 14h. Salida hasta las [&hellip;]<\/p>\n","protected":false},"author":1,"featured_media":0,"parent":0,"menu_order":0,"comment_status":"closed","ping_status":"closed","template":"","meta":{"footnotes":""},"class_list":["post-157","page","type-page","status-publish","hentry"],"yoast_head":"<!-- This site is optimized with the Yoast SEO plugin v26.3 - https:\/\/yoast.com\/wordpress\/plugins\/seo\/ -->\n<title>Reglas de la Casa - SW Paradise Resort | Gran Canaria<\/title>\n<meta name=\"robots\" content=\"index, follow, max-snippet:-1, max-image-preview:large, max-video-preview:-1\" \/>\n<link rel=\"canonical\" href=\"https:\/\/www.swparadiseresort.com\/es\/reglas-de-la-casa\/\" \/>\n<meta property=\"og:locale\" content=\"es_ES\" \/>\n<meta property=\"og:type\" content=\"article\" \/>\n<meta property=\"og:title\" content=\"Reglas de la Casa - SW Paradise Resort | Gran Canaria\" \/>\n<meta property=\"og:description\" content=\"Reglas de la Casa &amp; Infos Check-in a partir de las 14h. Salida hasta las [&hellip;]\" \/>\n<meta property=\"og:url\" content=\"https:\/\/www.swparadiseresort.com\/es\/reglas-de-la-casa\/\" \/>\n<meta property=\"og:site_name\" content=\"SW Paradise Resort | Gran Canaria\" \/>\n<meta property=\"article:modified_time\" content=\"2025-08-21T21:55:39+00:00\" \/>\n<meta property=\"og:image\" content=\"https:\/\/www.swparadiseresort.com\/wp-content\/uploads\/buganvilla-scaled.jpg\" \/>\n\t<meta property=\"og:image:width\" content=\"1440\" \/>\n\t<meta property=\"og:image:height\" content=\"1920\" \/>\n\t<meta property=\"og:image:type\" content=\"image\/jpeg\" \/>\n<meta name=\"twitter:card\" content=\"summary_large_image\" \/>\n<meta name=\"twitter:label1\" content=\"Tiempo de lectura\" \/>\n\t<meta name=\"twitter:data1\" content=\"3 minutos\" \/>\n<script type=\"application\/ld+json\" class=\"yoast-schema-graph\">{\"@context\":\"https:\/\/schema.org\",\"@graph\":[{\"@type\":\"WebPage\",\"@id\":\"https:\/\/www.swparadiseresort.com\/es\/reglas-de-la-casa\/\",\"url\":\"https:\/\/www.swparadiseresort.com\/es\/reglas-de-la-casa\/\",\"name\":\"Reglas de la Casa - SW Paradise Resort | Gran Canaria\",\"isPartOf\":{\"@id\":\"https:\/\/www.swparadiseresort.com\/#website\"},\"primaryImageOfPage\":{\"@id\":\"https:\/\/www.swparadiseresort.com\/es\/reglas-de-la-casa\/#primaryimage\"},\"image\":{\"@id\":\"https:\/\/www.swparadiseresort.com\/es\/reglas-de-la-casa\/#primaryimage\"},\"thumbnailUrl\":\"https:\/\/www.swparadiseresort.com\/wp-content\/uploads\/buganvilla-768x1024.jpg\",\"datePublished\":\"2015-07-30T11:40:28+00:00\",\"dateModified\":\"2025-08-21T21:55:39+00:00\",\"breadcrumb\":{\"@id\":\"https:\/\/www.swparadiseresort.com\/es\/reglas-de-la-casa\/#breadcrumb\"},\"inLanguage\":\"es\",\"potentialAction\":[{\"@type\":\"ReadAction\",\"target\":[\"https:\/\/www.swparadiseresort.com\/es\/reglas-de-la-casa\/\"]}]},{\"@type\":\"ImageObject\",\"inLanguage\":\"es\",\"@id\":\"https:\/\/www.swparadiseresort.com\/es\/reglas-de-la-casa\/#primaryimage\",\"url\":\"https:\/\/www.swparadiseresort.com\/wp-content\/uploads\/buganvilla-768x1024.jpg\",\"contentUrl\":\"https:\/\/www.swparadiseresort.com\/wp-content\/uploads\/buganvilla-768x1024.jpg\"},{\"@type\":\"BreadcrumbList\",\"@id\":\"https:\/\/www.swparadiseresort.com\/es\/reglas-de-la-casa\/#breadcrumb\",\"itemListElement\":[{\"@type\":\"ListItem\",\"position\":1,\"name\":\"Startseite\",\"item\":\"https:\/\/www.swparadiseresort.com\/\"},{\"@type\":\"ListItem\",\"position\":2,\"name\":\"Reglas de la Casa\"}]},{\"@type\":\"WebSite\",\"@id\":\"https:\/\/www.swparadiseresort.com\/#website\",\"url\":\"https:\/\/www.swparadiseresort.com\/\",\"name\":\"SW Paradise Resort | Gran Canaria\",\"description\":\"Das Mekka f\u00fcr alle Swinger\",\"potentialAction\":[{\"@type\":\"SearchAction\",\"target\":{\"@type\":\"EntryPoint\",\"urlTemplate\":\"https:\/\/www.swparadiseresort.com\/?s={search_term_string}\"},\"query-input\":{\"@type\":\"PropertyValueSpecification\",\"valueRequired\":true,\"valueName\":\"search_term_string\"}}],\"inLanguage\":\"es\"}]}<\/script>\n<!-- \/ Yoast SEO plugin. -->","yoast_head_json":{"title":"Reglas de la Casa - SW Paradise Resort | Gran Canaria","robots":{"index":"index","follow":"follow","max-snippet":"max-snippet:-1","max-image-preview":"max-image-preview:large","max-video-preview":"max-video-preview:-1"},"canonical":"https:\/\/www.swparadiseresort.com\/es\/reglas-de-la-casa\/","og_locale":"es_ES","og_type":"article","og_title":"Reglas de la Casa - SW Paradise Resort | Gran Canaria","og_description":"Reglas de la Casa &amp; Infos Check-in a partir de las 14h. Salida hasta las [&hellip;]","og_url":"https:\/\/www.swparadiseresort.com\/es\/reglas-de-la-casa\/","og_site_name":"SW Paradise Resort | Gran Canaria","article_modified_time":"2025-08-21T21:55:39+00:00","og_image":[{"width":1440,"height":1920,"url":"https:\/\/www.swparadiseresort.com\/wp-content\/uploads\/buganvilla-scaled.jpg","type":"image\/jpeg"}],"twitter_card":"summary_large_image","twitter_misc":{"Tiempo de lectura":"3 minutos"},"schema":{"@context":"https:\/\/schema.org","@graph":[{"@type":"WebPage","@id":"https:\/\/www.swparadiseresort.com\/es\/reglas-de-la-casa\/","url":"https:\/\/www.swparadiseresort.com\/es\/reglas-de-la-casa\/","name":"Reglas de la Casa - SW Paradise Resort | Gran Canaria","isPartOf":{"@id":"https:\/\/www.swparadiseresort.com\/#website"},"primaryImageOfPage":{"@id":"https:\/\/www.swparadiseresort.com\/es\/reglas-de-la-casa\/#primaryimage"},"image":{"@id":"https:\/\/www.swparadiseresort.com\/es\/reglas-de-la-casa\/#primaryimage"},"thumbnailUrl":"https:\/\/www.swparadiseresort.com\/wp-content\/uploads\/buganvilla-768x1024.jpg","datePublished":"2015-07-30T11:40:28+00:00","dateModified":"2025-08-21T21:55:39+00:00","breadcrumb":{"@id":"https:\/\/www.swparadiseresort.com\/es\/reglas-de-la-casa\/#breadcrumb"},"inLanguage":"es","potentialAction":[{"@type":"ReadAction","target":["https:\/\/www.swparadiseresort.com\/es\/reglas-de-la-casa\/"]}]},{"@type":"ImageObject","inLanguage":"es","@id":"https:\/\/www.swparadiseresort.com\/es\/reglas-de-la-casa\/#primaryimage","url":"https:\/\/www.swparadiseresort.com\/wp-content\/uploads\/buganvilla-768x1024.jpg","contentUrl":"https:\/\/www.swparadiseresort.com\/wp-content\/uploads\/buganvilla-768x1024.jpg"},{"@type":"BreadcrumbList","@id":"https:\/\/www.swparadiseresort.com\/es\/reglas-de-la-casa\/#breadcrumb","itemListElement":[{"@type":"ListItem","position":1,"name":"Startseite","item":"https:\/\/www.swparadiseresort.com\/"},{"@type":"ListItem","position":2,"name":"Reglas de la Casa"}]},{"@type":"WebSite","@id":"https:\/\/www.swparadiseresort.com\/#website","url":"https:\/\/www.swparadiseresort.com\/","name":"SW Paradise Resort | Gran Canaria","description":"Das Mekka f\u00fcr alle Swinger","potentialAction":[{"@type":"SearchAction","target":{"@type":"EntryPoint","urlTemplate":"https:\/\/www.swparadiseresort.com\/?s={search_term_string}"},"query-input":{"@type":"PropertyValueSpecification","valueRequired":true,"valueName":"search_term_string"}}],"inLanguage":"es"}]}},"_links":{"self":[{"href":"https:\/\/www.swparadiseresort.com\/es\/wp-json\/wp\/v2\/pages\/157","targetHints":{"allow":["GET"]}}],"collection":[{"href":"https:\/\/www.swparadiseresort.com\/es\/wp-json\/wp\/v2\/pages"}],"about":[{"href":"https:\/\/www.swparadiseresort.com\/es\/wp-json\/wp\/v2\/types\/page"}],"author":[{"embeddable":true,"href":"https:\/\/www.swparadiseresort.com\/es\/wp-json\/wp\/v2\/users\/1"}],"replies":[{"embeddable":true,"href":"https:\/\/www.swparadiseresort.com\/es\/wp-json\/wp\/v2\/comments?post=157"}],"version-history":[{"count":37,"href":"https:\/\/www.swparadiseresort.com\/es\/wp-json\/wp\/v2\/pages\/157\/revisions"}],"predecessor-version":[{"id":7210,"href":"https:\/\/www.swparadiseresort.com\/es\/wp-json\/wp\/v2\/pages\/157\/revisions\/7210"}],"wp:attachment":[{"href":"https:\/\/www.swparadiseresort.com\/es\/wp-json\/wp\/v2\/media?parent=157"}],"curies":[{"name":"wp","href":"https:\/\/api.w.org\/{rel}","templated":true}]}}