{"id":180,"date":"2015-07-30T11:49:34","date_gmt":"2015-07-30T11:49:34","guid":{"rendered":"http:\/\/venus.webdesign-grancanaria.de\/es\/impressum\/"},"modified":"2021-11-23T14:26:54","modified_gmt":"2021-11-23T14:26:54","slug":"aviso-legal","status":"publish","type":"page","link":"https:\/\/www.swparadiseresort.com\/es\/aviso-legal\/","title":{"rendered":"Aviso legal"},"content":{"rendered":"<p><strong>AVISO LEGAL<\/strong><\/p>\n<p>Bienvenido a este espacio. Como usuario, es importante que conozcas estos t\u00e9rminos antes de continuar navegando. VENUS RESORT, S.L. como responsable de esta p\u00e1gina web, se compromete a procesar la informaci\u00f3n de nuestros usuarios y clientes con plenas garant\u00edas y cumplir con los requisitos nacionales y europeos que regulan la recopilaci\u00f3n y uso de datos personales de nuestros usuarios. Esta p\u00e1gina Web, por lo tanto, cumple de forma rigurosa con la Ley Org\u00e1nica de Protecci\u00f3n de Datos de Car\u00e1cter Personal (en adelante LOPD) y dem\u00e1s normativa aplicable, con el Reglamento (UE) 2016\/279 del Parlamento Europeo y del Consejo de 27 de abril de 2016 relativo a la protecci\u00f3n de las personas f\u00edsicas (en adelante RGPD) y con la Ley 34\/2002, de 11 de julio, de Servicios de la Sociedad de la Informaci\u00f3n y Comercio Electr\u00f3nico (en adelante LSSICE).<\/p>\n<p>DATOS DEL RESPONSABLE \u2022 Identidad del responsable VENUS RESORT, S.L. \u2022 Nombre comercial: Venus Star Resort \u2022 NIF\/CIF: B76306604 \u2022 Datos Registro Mercantil: Diario \/ asiento: 232\/250 \u2013 fecha de presentaci\u00f3n: 16\/01\/2018 \u2013 entrada: 1\/2018\/529,0 \u2013 protocolo autorizante Varela Barja, Blanca F\u00e1tima: 2018\/94 de 16 enero 2018 \u2022 Direcci\u00f3n: Calle Einstein nr. 4 \u2013 Sonnenland 35100 &#8211; Maspalomas \u2022 Correo electr\u00f3nico: www.swparadiseresort.com \u2022 Actividad: Hosteler\u00eda CONDICIONES GENERALES DE USO Las presentes Condiciones Generales regulan el uso (incluyendo el acceso) de las p\u00e1ginas web integrantes del sitio web de VENUS RESORT, S.L. incluidos los contenidos y servicios puestos a disposici\u00f3n en ellas. Toda persona que acceda a la web www.swparadiseresort.com (\u201cusuario\u201d) acepta someterse a las Condiciones Generales vigentes en cada momento. Por usuario se entiende a la persona que acceda, navegue, utilice o participe en los servicios y actividades desarrolladas en el sitio web.<\/p>\n<p>DATOS PERSONALES QUE RECOPILAMOS Y C\u00d3MO LO HACEMOS Los t\u00e9rminos relativos a la privacidad y protecci\u00f3n de datos, est\u00e1n estipulados en nuestra Pol\u00edtica de privacidad.<\/p>\n<p>OBLIGACIONES Y COMPROMISOS DE LOS USUARIOS El usuario queda informado, y acepta que, el acceso a la presente web, no supone en modo alguno, el inicio de una relaci\u00f3n comercial con VENUS RESORT, S.L De esta forma, el usuario se compromete a utilizar la Web, sus servicios y contenidos sin contravenir la legislaci\u00f3n vigente, la buena fe, los usos generalmente aceptados y el orden p\u00fablico. As\u00ed mismo, queda prohibido, el uso de la Web con fines il\u00edcitos o lesivos contra VENUS RESORT, S.L o cualquier tercero o que, de cualquier forma, puedan causar perjuicio o impedir el normal funcionamiento de la Web. Respecto de los contenidos (informaciones, textos, gr\u00e1ficos, archivos de sonido y\/o imagen, fotograf\u00edas, dise\u00f1os, etc.), se proh\u00edbe: \u2022 Su reproducci\u00f3n, distribuci\u00f3n o modificaci\u00f3n, a menos que se cuente con la autorizaci\u00f3n de sus leg\u00edtimos titulares o resulte legalmente permitido. \u2022 Cualquier vulneraci\u00f3n de los derechos de la empresa o de sus leg\u00edtimos titulares sobre los mismos. \u2022 Su utilizaci\u00f3n para todo tipo de fines comerciales o publicitarios, distintos de los estrictamente permitidos. \u2022 Cualquier intento de obtener los contenidos de la Web por cualquier medio distinto de los que se pongan a disposici\u00f3n de los usuarios, as\u00ed como de los que habitualmente se empleen en la red, siempre que no causen perjuicio alguno a la Web de VENUS RESORT, S.L En la utilizaci\u00f3n de la web www.swparadiseresort.com el usuario se compromete a no llevar a cabo ninguna conducta que pudiera da\u00f1ar la imagen, los intereses y los derechos de VENUS RESORT, S.L, o de terceros o que pudiera da\u00f1ar, inutilizar o sobrecargar el portal www.swparadiseresort.com o que impidiera, de cualquier forma, la normal utilizaci\u00f3n de la web.<\/p>\n<p>No obstante, el usuario debe ser consciente de que las medidas de seguridad de los sistemas inform\u00e1ticos en Internet no son enteramente fiables y que, por tanto, VENUS RESORT, S.L, no puede garantizar la inexistencia de malware u otros elementos que puedan producir alteraciones en los sistemas inform\u00e1ticos (software y hardware) del usuario o en sus documentos electr\u00f3nicos y ficheros contenidos en los mismos, aunque ponga todos los medios necesarios y las medidas de seguridad oportunas para evitar la presencia de estos elementos da\u00f1inos.<\/p>\n<p>MEDIDAS DE SEGURIDAD<\/p>\n<p>Los datos personales comunicados por el usuario a VENUS RESORT, S.L ,pueden ser almacenados ficheros, cuya titularidad corresponde en exclusiva a VENUS RESORT, asumiendo \u00e9sta todas las medidas de \u00edndole t\u00e9cnica, organizativa y de seguridad que garantizan la confidencialidad, integridad y calidad de la informaci\u00f3n contenida en las mismas de acuerdo con lo establecido en la normativa vigente en protecci\u00f3n de datos. VENUS RESORT, S.L utiliza un canal seguro y los datos transmitidos son cifrados gracias a protocolos a https, por tanto, garantizamos las mejores condiciones de seguridad para que la confidencialidad de los usuarios est\u00e9 garantizada.<\/p>\n","protected":false},"excerpt":{"rendered":"<p>AVISO LEGAL Bienvenido a este espacio. Como usuario, es importante que conozcas estos t\u00e9rminos antes [&hellip;]<\/p>\n","protected":false},"author":1,"featured_media":0,"parent":0,"menu_order":0,"comment_status":"open","ping_status":"open","template":"","meta":{"footnotes":""},"class_list":["post-180","page","type-page","status-publish","hentry"],"yoast_head":"<!-- This site is optimized with the Yoast SEO plugin v26.3 - https:\/\/yoast.com\/wordpress\/plugins\/seo\/ -->\n<title>Aviso legal - SW Paradise Resort | Gran Canaria<\/title>\n<meta name=\"robots\" content=\"index, follow, max-snippet:-1, max-image-preview:large, max-video-preview:-1\" \/>\n<link rel=\"canonical\" href=\"https:\/\/www.swparadiseresort.com\/es\/aviso-legal\/\" \/>\n<meta property=\"og:locale\" content=\"es_ES\" \/>\n<meta property=\"og:type\" content=\"article\" \/>\n<meta property=\"og:title\" content=\"Aviso legal - SW Paradise Resort | Gran Canaria\" \/>\n<meta property=\"og:description\" content=\"AVISO LEGAL Bienvenido a este espacio. Como usuario, es importante que conozcas estos t\u00e9rminos antes [&hellip;]\" \/>\n<meta property=\"og:url\" content=\"https:\/\/www.swparadiseresort.com\/es\/aviso-legal\/\" \/>\n<meta property=\"og:site_name\" content=\"SW Paradise Resort | Gran Canaria\" \/>\n<meta property=\"article:modified_time\" content=\"2021-11-23T14:26:54+00:00\" \/>\n<meta name=\"twitter:card\" content=\"summary_large_image\" \/>\n<meta name=\"twitter:label1\" content=\"Tiempo de lectura\" \/>\n\t<meta name=\"twitter:data1\" content=\"4 minutos\" \/>\n<script type=\"application\/ld+json\" class=\"yoast-schema-graph\">{\"@context\":\"https:\/\/schema.org\",\"@graph\":[{\"@type\":\"WebPage\",\"@id\":\"https:\/\/www.swparadiseresort.com\/es\/aviso-legal\/\",\"url\":\"https:\/\/www.swparadiseresort.com\/es\/aviso-legal\/\",\"name\":\"Aviso legal - SW Paradise Resort | Gran Canaria\",\"isPartOf\":{\"@id\":\"https:\/\/www.swparadiseresort.com\/#website\"},\"datePublished\":\"2015-07-30T11:49:34+00:00\",\"dateModified\":\"2021-11-23T14:26:54+00:00\",\"breadcrumb\":{\"@id\":\"https:\/\/www.swparadiseresort.com\/es\/aviso-legal\/#breadcrumb\"},\"inLanguage\":\"es\",\"potentialAction\":[{\"@type\":\"ReadAction\",\"target\":[\"https:\/\/www.swparadiseresort.com\/es\/aviso-legal\/\"]}]},{\"@type\":\"BreadcrumbList\",\"@id\":\"https:\/\/www.swparadiseresort.com\/es\/aviso-legal\/#breadcrumb\",\"itemListElement\":[{\"@type\":\"ListItem\",\"position\":1,\"name\":\"Startseite\",\"item\":\"https:\/\/www.swparadiseresort.com\/\"},{\"@type\":\"ListItem\",\"position\":2,\"name\":\"Aviso legal\"}]},{\"@type\":\"WebSite\",\"@id\":\"https:\/\/www.swparadiseresort.com\/#website\",\"url\":\"https:\/\/www.swparadiseresort.com\/\",\"name\":\"SW Paradise Resort | Gran Canaria\",\"description\":\"Das Mekka f\u00fcr alle Swinger\",\"potentialAction\":[{\"@type\":\"SearchAction\",\"target\":{\"@type\":\"EntryPoint\",\"urlTemplate\":\"https:\/\/www.swparadiseresort.com\/?s={search_term_string}\"},\"query-input\":{\"@type\":\"PropertyValueSpecification\",\"valueRequired\":true,\"valueName\":\"search_term_string\"}}],\"inLanguage\":\"es\"}]}<\/script>\n<!-- \/ Yoast SEO plugin. -->","yoast_head_json":{"title":"Aviso legal - SW Paradise Resort | Gran Canaria","robots":{"index":"index","follow":"follow","max-snippet":"max-snippet:-1","max-image-preview":"max-image-preview:large","max-video-preview":"max-video-preview:-1"},"canonical":"https:\/\/www.swparadiseresort.com\/es\/aviso-legal\/","og_locale":"es_ES","og_type":"article","og_title":"Aviso legal - SW Paradise Resort | Gran Canaria","og_description":"AVISO LEGAL Bienvenido a este espacio. Como usuario, es importante que conozcas estos t\u00e9rminos antes [&hellip;]","og_url":"https:\/\/www.swparadiseresort.com\/es\/aviso-legal\/","og_site_name":"SW Paradise Resort | Gran Canaria","article_modified_time":"2021-11-23T14:26:54+00:00","twitter_card":"summary_large_image","twitter_misc":{"Tiempo de lectura":"4 minutos"},"schema":{"@context":"https:\/\/schema.org","@graph":[{"@type":"WebPage","@id":"https:\/\/www.swparadiseresort.com\/es\/aviso-legal\/","url":"https:\/\/www.swparadiseresort.com\/es\/aviso-legal\/","name":"Aviso legal - SW Paradise Resort | Gran Canaria","isPartOf":{"@id":"https:\/\/www.swparadiseresort.com\/#website"},"datePublished":"2015-07-30T11:49:34+00:00","dateModified":"2021-11-23T14:26:54+00:00","breadcrumb":{"@id":"https:\/\/www.swparadiseresort.com\/es\/aviso-legal\/#breadcrumb"},"inLanguage":"es","potentialAction":[{"@type":"ReadAction","target":["https:\/\/www.swparadiseresort.com\/es\/aviso-legal\/"]}]},{"@type":"BreadcrumbList","@id":"https:\/\/www.swparadiseresort.com\/es\/aviso-legal\/#breadcrumb","itemListElement":[{"@type":"ListItem","position":1,"name":"Startseite","item":"https:\/\/www.swparadiseresort.com\/"},{"@type":"ListItem","position":2,"name":"Aviso legal"}]},{"@type":"WebSite","@id":"https:\/\/www.swparadiseresort.com\/#website","url":"https:\/\/www.swparadiseresort.com\/","name":"SW Paradise Resort | Gran Canaria","description":"Das Mekka f\u00fcr alle Swinger","potentialAction":[{"@type":"SearchAction","target":{"@type":"EntryPoint","urlTemplate":"https:\/\/www.swparadiseresort.com\/?s={search_term_string}"},"query-input":{"@type":"PropertyValueSpecification","valueRequired":true,"valueName":"search_term_string"}}],"inLanguage":"es"}]}},"_links":{"self":[{"href":"https:\/\/www.swparadiseresort.com\/es\/wp-json\/wp\/v2\/pages\/180","targetHints":{"allow":["GET"]}}],"collection":[{"href":"https:\/\/www.swparadiseresort.com\/es\/wp-json\/wp\/v2\/pages"}],"about":[{"href":"https:\/\/www.swparadiseresort.com\/es\/wp-json\/wp\/v2\/types\/page"}],"author":[{"embeddable":true,"href":"https:\/\/www.swparadiseresort.com\/es\/wp-json\/wp\/v2\/users\/1"}],"replies":[{"embeddable":true,"href":"https:\/\/www.swparadiseresort.com\/es\/wp-json\/wp\/v2\/comments?post=180"}],"version-history":[{"count":18,"href":"https:\/\/www.swparadiseresort.com\/es\/wp-json\/wp\/v2\/pages\/180\/revisions"}],"predecessor-version":[{"id":4326,"href":"https:\/\/www.swparadiseresort.com\/es\/wp-json\/wp\/v2\/pages\/180\/revisions\/4326"}],"wp:attachment":[{"href":"https:\/\/www.swparadiseresort.com\/es\/wp-json\/wp\/v2\/media?parent=180"}],"curies":[{"name":"wp","href":"https:\/\/api.w.org\/{rel}","templated":true}]}}