{"id":2500,"date":"2019-10-04T10:56:28","date_gmt":"2019-10-04T10:56:28","guid":{"rendered":"https:\/\/venus-star-resort.com\/es\/?page_id=2500"},"modified":"2020-11-13T08:54:03","modified_gmt":"2020-11-13T08:54:03","slug":"politica-de-privacidad","status":"publish","type":"page","link":"https:\/\/www.swparadiseresort.com\/es\/politica-de-privacidad\/","title":{"rendered":"POL\u00cdTICA DE PRIVACIDAD"},"content":{"rendered":"\r\n<p>Te damos la bienvenida a nuestra p\u00e1gina web\u00a0www.swparadiseresort.com, y te invitamos y explicamos los t\u00e9rminos de nuestra pol\u00edtica de privacidad antes de proporcionarnos tus datos personales en ella.<\/p>\r\n<p>&nbsp;<\/p>\r\n<p><strong>AVISO MENORES DE EDAD<\/strong>.<\/p>\r\n<p><br \/>\r\nLos mayores de 18 a\u00f1os pueden registrarse en <u><a href=\"https:\/\/www.swparadiseresort.com\/es\/\">www.swparadiseresort.com<\/a> <\/u>como usuarios.<\/p>\r\n<p>Los menores de 18 a\u00f1os no pueden entrar en nuestro Resort, ya que es un complejo solo para adultos.<\/p>\r\n<p>Si eres menor de 18 a\u00f1os y has accedido a nuestra p\u00e1gina web, no debes registrarte como usuario y tienes totalmente prohibido reservar en Venus Star Resort.\u00a0<\/p>\r\n<p><strong><br \/>\r\nPRIVACIDAD Y DERECHOS QUE SE RESPETAN EN <\/strong><u><a href=\"https:\/\/www.swparadiseresort.com\/es\/\">www.swparadiseresort.com<\/a><\/u><br \/>\r\nNuestra empresa se caracteriza por el respeto y debido cuidado de los datos personales de nuestros usuarios\/clientes. Como usuario, debes conocer que tus derechos est\u00e1n garantizados.\u00a0<\/p>\r\n<p><br \/>\r\nNuestros principios en lo relativo a tu privacidad son los siguientes:<\/p>\r\n<ul>\r\n\t<li>No pedimos informaci\u00f3n personal a menos que sea necesario para prestarte nuestros servicios.<\/li>\r\n\t<li>No compartimos informaci\u00f3n personal de nuestros usuarios con nadie, excepto para cumplir con la ley o en el caso de que contemos con su autorizaci\u00f3n expresa.<\/li>\r\n\t<li>No usamos sus datos personales con una finalidad distinta a la expresada en esta pol\u00edtica de privacidad.<\/li>\r\n<\/ul>\r\n<p><u>Aviso sobre nuestra Pol\u00edtica de Privacidad<\/u>: puede cambiar atendiendo a las exigencias legislativas o de autorregulaci\u00f3n, por lo que te aconsejo como usuario que la visites y revises peri\u00f3dicamente. Ser\u00e1 aplicable en caso de que los usuarios decidan rellenar alg\u00fan formulario de cualquiera de sus formularios de contacto donde se recaben datos personales.\u00a0<\/p>\r\n<p>&nbsp;<\/p>\r\n<p><strong>REGULACIONES LEGALES A LAS QUE SE ACOGE ESTA WEB<\/strong><\/p>\r\n<p><a href=\"https:\/\/www.swparadiseresort.com\/es\/\">www.swparadiseresort.com<\/a> ha adaptado esta p\u00e1gina web conforme a las exigencias de la Ley Org\u00e1nica de Protecci\u00f3n de Datos Personales (en adelante Ley 3\/2018 LOPDGDD) y dem\u00e1s normativa aplicable, con el Reglamento (UE) 2016\/679 del Parlamento Europeo y del Consejo de 27 de abril de 2016 relativo a la protecci\u00f3n de las personas f\u00edsicas (en adelante RGPD), as\u00ed como con la Ley 34\/2002, de 11 de julio, de Servicios de la Sociedad de la Informaci\u00f3n y Comercio Electr\u00f3nico (en adelante LSSICE).\u00a0<\/p>\r\n<p>&nbsp;<\/p>\r\n<p><strong>RESPONSABLE DEL TRATAMIENTO DE TUS DATOS PERSONALES<\/strong><\/p>\r\n<ul>\r\n\t<li><strong>Identidad del Responsable:<\/strong>\u00a0Venus Resort SL<\/li>\r\n\t<li><strong>Nombre comercial:<\/strong>\u00a0Venus Star Resort<\/li>\r\n\t<li><strong>NIF\/CIF:<\/strong>\u00a0B76306604<\/li>\r\n\t<li><strong>Direcci\u00f3n:<\/strong>\u00a0calle Einstein nr. 4 \u2013 Sonnenland -35100 Maspalomas<\/li>\r\n\t<li><strong>Correo electr\u00f3nico:<\/strong>\u00a0contact [at] swparadiseresort [dot] com<\/li>\r\n\t<li><strong>\u00a0Actividad:<\/strong>\u00a0Hosteler\u00eda<\/li>\r\n<\/ul>\r\n<p>A efectos de lo previsto en el Reglamento General de Protecci\u00f3n de Datos 2016\/679 de 27 de abril de 2016, los datos personales que nos facilite mediante los formularios de la p\u00e1gina web, recibir\u00e1n el tratamiento de datos \u201cweb\u201d. Para tratar los datos de nuestros usuarios, empleamos todas las medidas t\u00e9cnicas y organizativas de seguridad dispuestas en la legislaci\u00f3n vigente.\u00a0<\/p>\r\n<p>&nbsp;<\/p>\r\n<p>&nbsp;<\/p>\r\n<p><strong>PRINCIPIOS DE APLICACI\u00d3N A SU INFORMACI\u00d3N PERSONAL<\/strong><\/p>\r\n<p>Cuando tratemos con sus datos personales, emplearemos los principios contenidos en el Reglamento (UE) 2016\/679 del Parlamento Europeo y del Consejo de 27 de abril de 2016 relativo a la protecci\u00f3n de las personas f\u00edsicas siendo estos:<\/p>\r\n<ul>\r\n\t<li>Principio de licitud, lealtad y transparencia.<\/li>\r\n\t<li>Principio de minimizaci\u00f3n de datos.<\/li>\r\n\t<li>Principio de limitaci\u00f3n del plazo de conservaci\u00f3n.<\/li>\r\n\t<li>Principio de integridad y confidencialidad.<\/li>\r\n<\/ul>\r\n<p>&nbsp;<\/p>\r\n<p><strong>C\u00d3MO HEMOS OBTENIDO TUS DATOS PERSONALES EN NUESTRA P\u00c1GINA WEB<\/strong><br \/>\r\nLos datos personales que tratamos en <u><a href=\"https:\/\/www.swparadiseresort.com\/es\/\">www.swparadiseresort.com<\/a><\/u> proceden de:<\/p>\r\n<ul>\r\n\t<li>Formulario de contacto<\/li>\r\n\t<li>\u00a0Reservas Web<\/li>\r\n<\/ul>\r\n<p>&nbsp;<\/p>\r\n<p><strong>DERECHO<\/strong><br \/>\r\nEl interesado puede ejercer los siguientes derechos:<\/p>\r\n<ul>\r\n\t<li><strong>Derecho a solicitar el Acceso<\/strong>\u00a0a sus datos personales, y obtener informaci\u00f3n sobre si estamos tratando datos personales que le conciernen o no.<\/li>\r\n\t<li><strong>Derecho a solicitar la Rectificaci\u00f3n<\/strong>\u00a0de sus datos inexactos, o en su caso, solicitar su\u00a0<strong>Supresi\u00f3n<\/strong>\u00a0cuando, entre otros motivos, los datos ya no sean necesarios para los fines para los que fueron recogidos.<\/li>\r\n\t<li><strong>Derecho a solicitar la Limitaci\u00f3n del Tratamiento\u00a0<\/strong>de sus Datos, en cuyo caso \u00fanicamente los conservaremos para el ejercicio o defensa de reclamaciones.<\/li>\r\n\t<li><strong>Derecho a solicitar la Oposici\u00f3n\u00a0<\/strong>al Tratamiento de sus Datos, en determinadas circunstancias y basada en motivos relacionados con su situaci\u00f3n particular.<\/li>\r\n\t<li><strong>Derecho a la Portabilidad de sus Datos.<\/strong><\/li>\r\n\t<li><strong>Derecho a Retirar el Consentimiento Prestado,<\/strong>\u00a0sin que dicha retirada afecte a la licitud de los tratamientos anteriores basados en dicho consentimiento.<\/li>\r\n\t<li><strong>Derecho a\u00a0<\/strong>la tutela judicial efectiva\u00a0<strong>y derecho a reclamar ante una Autoridad de Control.<\/strong><\/li>\r\n<\/ul>\r\n<p>&nbsp;<\/p>\r\n<p><strong>FINALIDAD DEL TRATAMIENTO<\/strong><\/p>\r\n<p>Cuando un usuario se conecta con nuestra p\u00e1gina web para, por ejemplo, enviar un correo al titular, realizar alguna contrataci\u00f3n o solicitar alg\u00fan servicio, est\u00e1 proporcionando informaci\u00f3n personal de la que es responsable <u><a href=\"https:\/\/www.swparadiseresort.com\/es\/\">www.swparadiseresort.com<\/a><\/u> Dicha informaci\u00f3n puede incluir datos personales como pueden ser direcci\u00f3n de IP, direcci\u00f3n f\u00edsica, nombre, direcci\u00f3n de correo electr\u00f3nico, n\u00famero de tel\u00e9fono y otra informaci\u00f3n. Al facilitar dicha informaci\u00f3n, el usuario da su consentimiento para que su informaci\u00f3n sea recopilada, utilizada, gestionada y almacenada por <u><a href=\"https:\/\/www.swparadiseresort.com\/es\/\">www.swparadiseresort.com<\/a><\/u>, como s\u00f3lo se describe y detalla en el Aviso Legal y en la presente Pol\u00edtica de Privacidad. En <u><a href=\"https:\/\/www.swparadiseresort.com\/es\/\">www.swparadiseresort.com<\/a><\/u>, hay un sistema de captaci\u00f3n de datos donde tratamos la informaci\u00f3n que nos facilitan las personas interesadas con la siguiente finalidad:<\/p>\r\n<ul>\r\n\t<li><strong><u>Formulario de contacto:<\/u><\/strong>\u00a0Solicitamos los siguientes datos personales: nombre, email, asunto y mensaje. Para contestar a los requerimientos de los usuarios de <u><a href=\"https:\/\/www.swparadiseresort.com\/es\/\">www.swparadiseresort.com<\/a><\/u>, utilizamos esos datos para responder a las solicitudes y responder a las dudas, quejas, comentarios, entre otros, que puedan suscitarles en lo que respecta a la informaci\u00f3n incluida en la p\u00e1gina web, los servicios que se prestan a trav\u00e9s de la p\u00e1gina web, el tratamiento de sus datos personales, cuestiones referidas a los textos legales incluidos en la p\u00e1gina web, as\u00ed como cualquier otra consulta que pudieran tener y que no est\u00e9n sujetas a condiciones de contrataci\u00f3n.<\/li>\r\n<\/ul>\r\n<p>&nbsp;<\/p>\r\n<ul>\r\n\t<li><strong>Reservas Web:\u00a0<\/strong>Solicitamos los siguientes datos personales: Nombre, Email, Direcci\u00f3n, Tel\u00e9fono, Fecha de reserva, caracter\u00edsticas de la reserva, Datos de tarjeta de cr\u00e9dito, peticiones especiales. Para tramitar las reservas de los usuarios de <u><a href=\"https:\/\/www.swparadiseresort.com\/es\/\">www.swparadiseresort.com<\/a><\/u>, Otras finalidades por las que tratamos sus datos personales son<\/li>\r\n<\/ul>\r\n<ul>\r\n\t<li><u>Para garantizar que se cumplen las condiciones de uso y la ley aplicable.<\/u>\u00a0Esto puede incluir el desarrollo de herramientas y algoritmos que ayuden a nuestra p\u00e1gina web a garantizar la confidencialidad de los datos de car\u00e1cter personal que se recogen.<\/li>\r\n\t<li><u>Apoyo y mejora de los servicios que ofrece nuestra p\u00e1gina.<\/u><\/li>\r\n\t<li><u>Se recogen otros datos no identificativos<\/u>\u00a0obtenidos a trav\u00e9s de algunas cookies que se descargan en el ordenador del usuario cuando navega en nuestra p\u00e1gina web y que detallamos en nuestra Pol\u00edtica de Cookies.<\/li>\r\n\t<li><u>Gesti\u00f3n de redes sociales.<\/u>\u00a0<u><a href=\"https:\/\/www.swparadiseresort.com\/es\/\">www.swparadiseresort.com<\/a> <\/u>puede estar presente en las redes sociales. El tratamiento de los datos que se lleve a cabo de las personas que se hagan seguidoras en las redes sociales de las p\u00e1ginas oficiales de <u><a href=\"https:\/\/www.swparadiseresort.com\/es\/\">www.swparadiseresort.com<\/a> <\/u>se regir\u00e1 por este apartado, as\u00ed como por las condiciones de uso, pol\u00edtica de privacidad y normativas de acceso pertenecientes a la red social que proceda en cada supuesto y aceptadas de forma previa por el usuario de <u><a href=\"https:\/\/www.swparadiseresort.com\/es\/\">www.swparadiseresort.com<\/a> <\/u>Tratar\u00e1 sus datos con la finalidad de administrar de forma correcta su presencia en la red social, informando de actividades o servicios de <u><a href=\"https:\/\/www.swparadiseresort.com\/es\/\">www.swparadiseresort.com<\/a> <\/u>as\u00ed como cualquier otra finalidad que las normativas de las redes sociales permitan. No usaremos los perfiles de seguidores en redes sociales para el env\u00edo de publicidad de forma individual.<\/li>\r\n<\/ul>\r\n<p><br \/>\r\nAtendiendo a lo dispuesto en el Reglamento (UE) 2016\/679 del Parlamento Europeo y del Consejo de 27 de abril de 2016, Venus Resort S.L., con domicilio en calle Einstein nr. 4 \u2013 Sonnenland, Las Palmas de Gran Canaria, CP 35100 ser\u00e1 responsable del tratamiento de los datos correspondientes a usuarios de la p\u00e1gina web.<\/p>\r\n<p><u><a href=\"https:\/\/www.swparadiseresort.com\/es\/\">www.swparadiseresort.com<\/a> <\/u>no vende, alquila ni cede datos personales que puedan identificar al usuario, ni lo har\u00e1 en el futuro, a terceros sin el consentimiento previo. No obstante, en diversos casos pueden realizarse colaboraciones con otros profesionales, en tales casos, se requerir\u00e1 el consentimiento de los usuarios informando sobre la identidad del colaborador y la finalidad de la colaboraci\u00f3n, todo ello, bajo la m\u00e1s estricta seguridad.\u00a0<\/p>\r\n<span class=\"borlabs-cookie-open-dialog-preferences brlbs-cmpnt-container\" data-borlabs-cookie-title=\"Configuraci\u00f3n de las Cookie\" data-borlabs-cookie-type=\"button\" ><\/span>\r\n<p><strong>LEGITIMACI\u00d3N PARA EL TRATAMIENTO DE TUS DATOS<\/strong><\/p>\r\n<p>La base legal para el tratamiento de sus datos es el consentimiento. Por lo tanto, para contactarnos, realizar reservas o comentarios en nuestra p\u00e1gina web, se requiere el consentimiento y aceptaci\u00f3n de esta pol\u00edtica de privacidad.<\/p>\r\n<p>La oferta de nuestros servicios se basa en el consentimiento que se solicita, as\u00ed como tambi\u00e9n la contrataci\u00f3n de nuestros servicios seg\u00fan los t\u00e9rminos y condiciones que constan en la Pol\u00edtica de contrataci\u00f3n.<\/p>\r\n<p>El uso de sus datos est\u00e1 legitimado por la normativa de protecci\u00f3n de datos europea y espa\u00f1ola de conformidad con las siguientes bases jur\u00eddicas:<\/p>\r\n<p>&#8211; Usted ha manifestado su consentimiento (se le ha presentado un formulario de consentimiento para que autorice el tratamiento de sus datos con determinadas finalidades; usted puede revocar el consentimiento prestado en todo momento);<\/p>\r\n<p>&#8211; El tratamiento de sus datos es necesario para la gesti\u00f3n y mantenimiento de un contrato suscrito con usted;<\/p>\r\n<p>&#8211; El tratamiento de sus datos es necesario para cumplir con nuestras obligaciones legales;<\/p>\r\n<p>&#8211; Utilizamos sus datos para conseguir un inter\u00e9s leg\u00edtimo y nuestros motivos para hacerlo compensen los posibles perjuicios para sus derechos a la protecci\u00f3n de sus datos;<\/p>\r\n<p>Puede haber finalidades que est\u00e9n permitidas en virtud de otras bases jur\u00eddicas; en tales casos, haremos todo lo posible por identificar la base jur\u00eddica en cuesti\u00f3n y comunic\u00e1rsela lo antes posible en cuanto tengamos conocimiento de su existencia.<\/p>\r\n<p><br \/>\r\n<strong>DESTINATARIOS A LOS QUE SE COMUNICAR\u00c1N TUS DATOS<\/strong><br \/>\r\nPara prestar servicios estrictamente necesarios para el desarrollo de la actividad, <u><a href=\"https:\/\/www.swparadiseresort.com\/es\/\">www.swparadiseresort.com<\/a> <\/u>comparte datos con los siguientes prestadores bajo sus correspondientes condiciones de privacidad. Los datos se comunicar\u00e1n a las siguientes empresas para prestar servicios estrictamente necesarios para el desarrollo de su actividad, <u><a href=\"https:\/\/www.swparadiseresort.com\/es\/\">www.swparadiseresort.com<\/a><\/u>, comparte datos con los siguientes prestadores bajo sus correspondientes condiciones de privacidad.<\/p>\r\n<ul>\r\n\t<li><strong>Google Analytics:\u00a0<\/strong>un servicio anal\u00edtico de web prestado por Google, Inc., una compa\u00f1\u00eda de Delaware cuya oficina principal est\u00e1 en 1600 Amphitheatre Parkway, Mountain View (California), CA 94043, Estados Unidos (\u201cGoogle\u201d). Google Analytics utiliza \u201ccookies\u201d, que son archivos de texto ubicados en tu ordenador, para ayudar a <u><a href=\"https:\/\/www.swparadiseresort.com\/es\/\">www.swparadiseresort.com<\/a> <\/u>a analizar el uso que hacen los usuarios del sitio web. La informaci\u00f3n que genera la cookie acerca de su uso de <u><a href=\"https:\/\/www.swparadiseresort.com\/es\/\">www.swparadiseresort.com<\/a><\/u> (incluyendo tu direcci\u00f3n IP) ser\u00e1 directamente transmitida y archivada por Google en los servidores de Estados Unidos.<\/li>\r\n\t<li><strong>Sirvoy Ltd.: <\/strong>\u00a0Es un software de reserva de hoteles y sistema de gesti\u00f3n de propiedades. \u00a0Es una empresa registrada en Irlanda y utiliza cookies bajo las condiciones expuestas en su pol\u00edtica de privacidad: <a href=\"https:\/\/sirvoy.es\/politica-de-privacidad\/\">https:\/\/sirvoy.es\/politica-de-privacidad\/<\/a><\/li>\r\n<\/ul>\r\n<p>&nbsp;<\/p>\r\n<p>&nbsp;<\/p>\r\n<p><strong>DATOS DE NAVEGACI\u00d3N<\/strong><\/p>\r\n<p>Cuando navegas por <a href=\"https:\/\/www.swparadiseresort.com\/es\/\">www.swparadiseresort.com<\/a> pueden recogerse datos no identificables, tales como direcciones de IP, ubicaci\u00f3n geogr\u00e1fica (aproximadamente), un registro de c\u00f3mo se utilizan nuestros servicios, as\u00ed como otros datos que no pueden usarse para identificaci\u00f3n del usuario. Entre los datos no identificativos, est\u00e1n tambi\u00e9n los relacionados a tus h\u00e1bitos de navegaci\u00f3n a trav\u00e9s de servicios de terceros. Esta web utiliza los siguientes servicios de an\u00e1lisis de terceros:<\/p>\r\n<ul>\r\n\t<li>Google Analytics<\/li>\r\n<\/ul>\r\n<p>Utilizamos esta informaci\u00f3n para analizar tendencias, administrar el sitio, rastrear los movimientos de los usuarios alrededor del sitio y para recopilar informaci\u00f3n demogr\u00e1fica sobre nuestra base de usuarios en conjunto.\u00a0<\/p>\r\n<p>&nbsp;<\/p>\r\n<p>&nbsp;<\/p>\r\n<p><strong>SECRETO Y SEGURIDAD DE LOS DATOS. EXACTITUD Y VERACIDAD DE LOS DATOS<\/strong><br \/>\r\n<u><a href=\"https:\/\/www.swparadiseresort.com\/es\/\">www.swparadiseresort.com<\/a><\/u> se compromete en el uso y tratamiento de los datos incluyendo los datos personales de los usuarios, ello con el debido respeto a la confidencialidad y a usarlos conforme a la finalidad del mismo, as\u00ed como se compromete a cumplir con su obligaci\u00f3n de guardarlos y adaptar todas las medidas para evitar la alteraci\u00f3n, p\u00e9rdida, tratamiento o acceso no autorizado (como los protocolos https que utilizamos), ello atendiendo a la legislaci\u00f3n vigente de protecci\u00f3n de datos. <u><a href=\"https:\/\/www.swparadiseresort.com\/es\/\">www.swparadiseresort.com<\/a><\/u> no puede garantizar la absoluta inexpugnabilidad de la red de Internet y, por ende, la violaci\u00f3n de datos a trav\u00e9s de accesos fraudulentos a ellos por parte de terceros. Como usuario en <u><a href=\"https:\/\/www.swparadiseresort.com\/es\/\">www.swparadiseresort.com<\/a><\/u>, eres el responsable de la correcci\u00f3n y veracidad de los datos que proporciones a <u><a href=\"https:\/\/www.swparadiseresort.com\/es\/\">www.swparadiseresort.com<\/a> <\/u>exonerando as\u00ed a Venus Resort SL, de cualquier responsabilidad al respecto. Los usuarios garantizan y responden de la exactitud, vigencia y autenticidad de los datos personales que faciliten, as\u00ed como se comprometen a mantenerlos actualizados de forma debida. El usuario acepta dar la informaci\u00f3n completa, as\u00ed como correcta en el formulario de contacto dispuesto en nuestra p\u00e1gina web.\u00a0<\/p>\r\n<p>&nbsp;<\/p>\r\n<p><strong>ACEPTACI\u00d3N Y CONSENTIMIENTO<\/strong><\/p>\r\n<p>El usuario declara haber sido informado de las condiciones sobre protecci\u00f3n de datos de car\u00e1cter personal, aceptando y dando su consentimiento al tratamiento de los mismos por parte de Venus Resort SL, en la forma y para las finalidades se\u00f1aladas en esta pol\u00edtica de privacidad.\u00a0<\/p>\r\n<p>&nbsp;<\/p>\r\n<p><strong>MODIFICACIONES EN LA POL\u00cdTICA DE PRIVACIDAD<\/strong><\/p>\r\n<p><u><a href=\"https:\/\/www.swparadiseresort.com\/es\/\">www.swparadiseresort.com<\/a><\/u> se reserva el derecho a cambiar la pol\u00edtica de privacidad para su adaptaci\u00f3n a las novedades legislativas o jurisprudenciales, as\u00ed como a pr\u00e1cticas de la industria. En tales casos, el Prestador anunciar\u00e1 en esta p\u00e1gina las modificaciones hechas con antelaci\u00f3n previa en lo que respecta a la puesta en pr\u00e1ctica.\u00a0<\/p>\r\n<p>&nbsp;<\/p>\r\n<p><strong>CORREOS INFORMATIVOS \/ COMERCIALES<\/strong><\/p>\r\n<p>Conforme a la Ley 34\/2002, de 11 de julio, de Servicios de la Sociedad de la Informaci\u00f3n y Comercio Electr\u00f3nico (LSSICE), <u><a href=\"https:\/\/www.swparadiseresort.com\/es\/\">www.swparadiseresort.com<\/a><\/u> no realiza pr\u00e1cticas de SPAM, por lo que no env\u00eda correos comerciales por v\u00eda electr\u00f3nica que no se hubiesen solicitado o autorizado de forma previa por el usuario. En el formulario dispuesto en la p\u00e1gina web, el usuario tiene la opci\u00f3n de otorgar su consentimiento expreso para recibir el bolet\u00edn, independientemente de la informaci\u00f3n comercial solicitada de forma puntual. Atendiendo a la Ley 34\/2002 de Servicios de la Sociedad de la Informaci\u00f3n y de comercio electr\u00f3nico, <u><a href=\"https:\/\/www.swparadiseresort.com\/es\/\">www.swparadiseresort.com<\/a><\/u> se compromete a no enviar comunicaciones de car\u00e1cter comercial sin su debida autorizaci\u00f3n e identificaci\u00f3n.\u00a0<\/p>\r\n<p>&nbsp;<\/p>\r\n<p><strong>CONSULTAS SOBRE LA POL\u00cdTICA DE PRIVACIDAD O SOBRE TUS DERECHOS<\/strong><br \/>\r\nSi tienes alguna cuesti\u00f3n, consulta o duda sobre la gesti\u00f3n de alguna informaci\u00f3n personal que hayas proporcionado, puedes contactarnos a trav\u00e9s del tel\u00e9fono o correo electr\u00f3nico indicados a continuaci\u00f3n:<\/p>\r\n<ul>\r\n\t<li>Tlf: 928.50.26.73 \u2013 682.90.33.26<\/li>\r\n\t<li>Email:contact [at] swparadiseresort [dot] com<br \/>\r\n<br \/>\r\n<br \/>\r\n<\/li>\r\n<\/ul>\r\n<p>&nbsp;<\/p>\r\n","protected":false},"excerpt":{"rendered":"<p>Te damos la bienvenida a nuestra p\u00e1gina web\u00a0www.swparadiseresort.com, y te invitamos y explicamos los t\u00e9rminos [&hellip;]<\/p>\n","protected":false},"author":3,"featured_media":0,"parent":0,"menu_order":0,"comment_status":"closed","ping_status":"closed","template":"","meta":{"footnotes":""},"class_list":["post-2500","page","type-page","status-publish","hentry"],"yoast_head":"<!-- This site is optimized with the Yoast SEO plugin v26.3 - https:\/\/yoast.com\/wordpress\/plugins\/seo\/ -->\n<title>POL\u00cdTICA DE PRIVACIDAD - SW Paradise Resort | Gran Canaria<\/title>\n<meta name=\"robots\" content=\"index, follow, max-snippet:-1, max-image-preview:large, max-video-preview:-1\" \/>\n<link rel=\"canonical\" href=\"https:\/\/www.swparadiseresort.com\/es\/politica-de-privacidad\/\" \/>\n<meta property=\"og:locale\" content=\"es_ES\" \/>\n<meta property=\"og:type\" content=\"article\" \/>\n<meta property=\"og:title\" content=\"POL\u00cdTICA DE PRIVACIDAD - SW Paradise Resort | Gran Canaria\" \/>\n<meta property=\"og:description\" content=\"Te damos la bienvenida a nuestra p\u00e1gina web\u00a0www.swparadiseresort.com, y te invitamos y explicamos los t\u00e9rminos [&hellip;]\" \/>\n<meta property=\"og:url\" content=\"https:\/\/www.swparadiseresort.com\/es\/politica-de-privacidad\/\" \/>\n<meta property=\"og:site_name\" content=\"SW Paradise Resort | Gran Canaria\" \/>\n<meta property=\"article:modified_time\" content=\"2020-11-13T08:54:03+00:00\" \/>\n<meta name=\"twitter:card\" content=\"summary_large_image\" \/>\n<meta name=\"twitter:label1\" content=\"Tiempo de lectura\" \/>\n\t<meta name=\"twitter:data1\" content=\"12 minutos\" \/>\n<script type=\"application\/ld+json\" class=\"yoast-schema-graph\">{\"@context\":\"https:\/\/schema.org\",\"@graph\":[{\"@type\":\"WebPage\",\"@id\":\"https:\/\/www.swparadiseresort.com\/es\/politica-de-privacidad\/\",\"url\":\"https:\/\/www.swparadiseresort.com\/es\/politica-de-privacidad\/\",\"name\":\"POL\u00cdTICA DE PRIVACIDAD - SW Paradise Resort | Gran Canaria\",\"isPartOf\":{\"@id\":\"https:\/\/www.swparadiseresort.com\/#website\"},\"datePublished\":\"2019-10-04T10:56:28+00:00\",\"dateModified\":\"2020-11-13T08:54:03+00:00\",\"breadcrumb\":{\"@id\":\"https:\/\/www.swparadiseresort.com\/es\/politica-de-privacidad\/#breadcrumb\"},\"inLanguage\":\"es\",\"potentialAction\":[{\"@type\":\"ReadAction\",\"target\":[\"https:\/\/www.swparadiseresort.com\/es\/politica-de-privacidad\/\"]}]},{\"@type\":\"BreadcrumbList\",\"@id\":\"https:\/\/www.swparadiseresort.com\/es\/politica-de-privacidad\/#breadcrumb\",\"itemListElement\":[{\"@type\":\"ListItem\",\"position\":1,\"name\":\"Startseite\",\"item\":\"https:\/\/www.swparadiseresort.com\/\"},{\"@type\":\"ListItem\",\"position\":2,\"name\":\"POL\u00cdTICA DE PRIVACIDAD\"}]},{\"@type\":\"WebSite\",\"@id\":\"https:\/\/www.swparadiseresort.com\/#website\",\"url\":\"https:\/\/www.swparadiseresort.com\/\",\"name\":\"SW Paradise Resort | Gran Canaria\",\"description\":\"Das Mekka f\u00fcr alle Swinger\",\"potentialAction\":[{\"@type\":\"SearchAction\",\"target\":{\"@type\":\"EntryPoint\",\"urlTemplate\":\"https:\/\/www.swparadiseresort.com\/?s={search_term_string}\"},\"query-input\":{\"@type\":\"PropertyValueSpecification\",\"valueRequired\":true,\"valueName\":\"search_term_string\"}}],\"inLanguage\":\"es\"}]}<\/script>\n<!-- \/ Yoast SEO plugin. -->","yoast_head_json":{"title":"POL\u00cdTICA DE PRIVACIDAD - SW Paradise Resort | Gran Canaria","robots":{"index":"index","follow":"follow","max-snippet":"max-snippet:-1","max-image-preview":"max-image-preview:large","max-video-preview":"max-video-preview:-1"},"canonical":"https:\/\/www.swparadiseresort.com\/es\/politica-de-privacidad\/","og_locale":"es_ES","og_type":"article","og_title":"POL\u00cdTICA DE PRIVACIDAD - SW Paradise Resort | Gran Canaria","og_description":"Te damos la bienvenida a nuestra p\u00e1gina web\u00a0www.swparadiseresort.com, y te invitamos y explicamos los t\u00e9rminos [&hellip;]","og_url":"https:\/\/www.swparadiseresort.com\/es\/politica-de-privacidad\/","og_site_name":"SW Paradise Resort | Gran Canaria","article_modified_time":"2020-11-13T08:54:03+00:00","twitter_card":"summary_large_image","twitter_misc":{"Tiempo de lectura":"12 minutos"},"schema":{"@context":"https:\/\/schema.org","@graph":[{"@type":"WebPage","@id":"https:\/\/www.swparadiseresort.com\/es\/politica-de-privacidad\/","url":"https:\/\/www.swparadiseresort.com\/es\/politica-de-privacidad\/","name":"POL\u00cdTICA DE PRIVACIDAD - SW Paradise Resort | Gran Canaria","isPartOf":{"@id":"https:\/\/www.swparadiseresort.com\/#website"},"datePublished":"2019-10-04T10:56:28+00:00","dateModified":"2020-11-13T08:54:03+00:00","breadcrumb":{"@id":"https:\/\/www.swparadiseresort.com\/es\/politica-de-privacidad\/#breadcrumb"},"inLanguage":"es","potentialAction":[{"@type":"ReadAction","target":["https:\/\/www.swparadiseresort.com\/es\/politica-de-privacidad\/"]}]},{"@type":"BreadcrumbList","@id":"https:\/\/www.swparadiseresort.com\/es\/politica-de-privacidad\/#breadcrumb","itemListElement":[{"@type":"ListItem","position":1,"name":"Startseite","item":"https:\/\/www.swparadiseresort.com\/"},{"@type":"ListItem","position":2,"name":"POL\u00cdTICA DE PRIVACIDAD"}]},{"@type":"WebSite","@id":"https:\/\/www.swparadiseresort.com\/#website","url":"https:\/\/www.swparadiseresort.com\/","name":"SW Paradise Resort | Gran Canaria","description":"Das Mekka f\u00fcr alle Swinger","potentialAction":[{"@type":"SearchAction","target":{"@type":"EntryPoint","urlTemplate":"https:\/\/www.swparadiseresort.com\/?s={search_term_string}"},"query-input":{"@type":"PropertyValueSpecification","valueRequired":true,"valueName":"search_term_string"}}],"inLanguage":"es"}]}},"_links":{"self":[{"href":"https:\/\/www.swparadiseresort.com\/es\/wp-json\/wp\/v2\/pages\/2500","targetHints":{"allow":["GET"]}}],"collection":[{"href":"https:\/\/www.swparadiseresort.com\/es\/wp-json\/wp\/v2\/pages"}],"about":[{"href":"https:\/\/www.swparadiseresort.com\/es\/wp-json\/wp\/v2\/types\/page"}],"author":[{"embeddable":true,"href":"https:\/\/www.swparadiseresort.com\/es\/wp-json\/wp\/v2\/users\/3"}],"replies":[{"embeddable":true,"href":"https:\/\/www.swparadiseresort.com\/es\/wp-json\/wp\/v2\/comments?post=2500"}],"version-history":[{"count":3,"href":"https:\/\/www.swparadiseresort.com\/es\/wp-json\/wp\/v2\/pages\/2500\/revisions"}],"predecessor-version":[{"id":3992,"href":"https:\/\/www.swparadiseresort.com\/es\/wp-json\/wp\/v2\/pages\/2500\/revisions\/3992"}],"wp:attachment":[{"href":"https:\/\/www.swparadiseresort.com\/es\/wp-json\/wp\/v2\/media?parent=2500"}],"curies":[{"name":"wp","href":"https:\/\/api.w.org\/{rel}","templated":true}]}}