{"id":230,"date":"2015-07-30T11:41:16","date_gmt":"2015-07-30T11:41:16","guid":{"rendered":"http:\/\/venus.webdesign-grancanaria.de\/fr\/die-bungalows\/"},"modified":"2023-11-29T12:33:21","modified_gmt":"2023-11-29T12:33:21","slug":"les-bungalows","status":"publish","type":"page","link":"https:\/\/www.swparadiseresort.com\/fr\/les-bungalows\/","title":{"rendered":"Les Bungalows"},"content":{"rendered":"\t\t<div data-elementor-type=\"wp-page\" data-elementor-id=\"230\" class=\"elementor elementor-230 elementor-145\" data-elementor-post-type=\"page\">\n\t\t\t\t\t\t<section class=\"elementor-section elementor-top-section elementor-element elementor-element-2c039873 elementor-section-boxed elementor-section-height-default elementor-section-height-default\" data-id=\"2c039873\" data-element_type=\"section\">\n\t\t\t\t\t\t<div class=\"elementor-container elementor-column-gap-default\">\n\t\t\t\t\t<div class=\"elementor-column elementor-col-100 elementor-top-column elementor-element elementor-element-460346a8\" data-id=\"460346a8\" data-element_type=\"column\">\n\t\t\t<div class=\"elementor-widget-wrap elementor-element-populated\">\n\t\t\t\t\t\t<div class=\"elementor-element elementor-element-2b36a92c elementor-widget elementor-widget-text-editor\" data-id=\"2b36a92c\" data-element_type=\"widget\" data-widget_type=\"text-editor.default\">\n\t\t\t\t<div class=\"elementor-widget-container\">\n\t\t\t\t\t\t\t\t\t<h2>Notre Bungalows<\/h2>\r\n<p>Chaque bungalow au Swinger Paradise Resort est \u00e9quip\u00e9 de deux terrasses priv\u00e9es, offrant un espace personnel pour profiter de moments d&rsquo;intimit\u00e9. De plus, nous offrons une connexion Wi-Fi haut d\u00e9bit gratuite dans l&rsquo;ensemble du complexe, vous permettant de partager vos exp\u00e9riences et de rester connect\u00e9 avec le monde ext\u00e9rieur. Pour votre confort, tous les bungalows sont \u00e9quip\u00e9s de la climatisation et d&rsquo;une Smart TV, vous permettant de profiter du divertissement pendant votre temps libre.<\/p>\r\n<p>&nbsp;<\/p>\r\n<p>En ce qui concerne les \u00e9quipements de salle de bains, chaque salle de bains est \u00e9quip\u00e9e de deux lavabos pour plus de commodit\u00e9, d&rsquo;une douche rafra\u00eechissante et d&rsquo;un s\u00e8che-cheveux pour vous sentir frais et pr\u00eat \u00e0 explorer tout ce que le Swinger Paradise Resort a \u00e0 offrir.<\/p>\t\t\t\t\t\t\t\t<\/div>\n\t\t\t\t<\/div>\n\t\t\t\t<div class=\"elementor-element elementor-element-068425a elementor-widget elementor-widget-gallery\" data-id=\"068425a\" data-element_type=\"widget\" data-settings=\"{&quot;gallery_layout&quot;:&quot;justified&quot;,&quot;lazyload&quot;:&quot;yes&quot;,&quot;ideal_row_height&quot;:{&quot;unit&quot;:&quot;px&quot;,&quot;size&quot;:200,&quot;sizes&quot;:[]},&quot;ideal_row_height_tablet&quot;:{&quot;unit&quot;:&quot;px&quot;,&quot;size&quot;:150,&quot;sizes&quot;:[]},&quot;ideal_row_height_mobile&quot;:{&quot;unit&quot;:&quot;px&quot;,&quot;size&quot;:150,&quot;sizes&quot;:[]},&quot;gap&quot;:{&quot;unit&quot;:&quot;px&quot;,&quot;size&quot;:10,&quot;sizes&quot;:[]},&quot;gap_tablet&quot;:{&quot;unit&quot;:&quot;px&quot;,&quot;size&quot;:10,&quot;sizes&quot;:[]},&quot;gap_mobile&quot;:{&quot;unit&quot;:&quot;px&quot;,&quot;size&quot;:10,&quot;sizes&quot;:[]},&quot;link_to&quot;:&quot;file&quot;,&quot;overlay_background&quot;:&quot;yes&quot;,&quot;content_hover_animation&quot;:&quot;fade-in&quot;}\" data-widget_type=\"gallery.default\">\n\t\t\t\t<div class=\"elementor-widget-container\">\n\t\t\t\t\t\t\t<div class=\"elementor-gallery__container\">\n\t\t\t\t\t\t\t<a class=\"e-gallery-item elementor-gallery-item elementor-animated-content\" href=\"https:\/\/www.swparadiseresort.com\/wp-content\/uploads\/cuarto-de-bano-scaled.jpg\" data-elementor-open-lightbox=\"yes\" data-elementor-lightbox-slideshow=\"068425a\" data-e-action-hash=\"#elementor-action%3Aaction%3Dlightbox%26settings%3DeyJpZCI6NTk2MSwidXJsIjoiaHR0cHM6XC9cL3d3dy5zd3BhcmFkaXNlcmVzb3J0LmNvbVwvd3AtY29udGVudFwvdXBsb2Fkc1wvY3VhcnRvLWRlLWJhbm8tc2NhbGVkLmpwZyIsInNsaWRlc2hvdyI6IjA2ODQyNWEifQ%3D%3D\">\n\t\t\t\t\t<div class=\"e-gallery-image elementor-gallery-item__image\" data-thumbnail=\"https:\/\/www.swparadiseresort.com\/wp-content\/uploads\/cuarto-de-bano-300x225.jpg\" data-width=\"300\" data-height=\"225\" aria-label=\"\" role=\"img\" ><\/div>\n\t\t\t\t\t\t\t\t\t\t\t<div class=\"elementor-gallery-item__overlay\"><\/div>\n\t\t\t\t\t\t\t\t\t\t\t\t\t\t<\/a>\n\t\t\t\t\t\t\t<a class=\"e-gallery-item elementor-gallery-item elementor-animated-content\" href=\"https:\/\/www.swparadiseresort.com\/wp-content\/uploads\/cocina-2-scaled.jpg\" data-elementor-open-lightbox=\"yes\" data-elementor-lightbox-slideshow=\"068425a\" data-e-action-hash=\"#elementor-action%3Aaction%3Dlightbox%26settings%3DeyJpZCI6NTk1MywidXJsIjoiaHR0cHM6XC9cL3d3dy5zd3BhcmFkaXNlcmVzb3J0LmNvbVwvd3AtY29udGVudFwvdXBsb2Fkc1wvY29jaW5hLTItc2NhbGVkLmpwZyIsInNsaWRlc2hvdyI6IjA2ODQyNWEifQ%3D%3D\">\n\t\t\t\t\t<div class=\"e-gallery-image elementor-gallery-item__image\" data-thumbnail=\"https:\/\/www.swparadiseresort.com\/wp-content\/uploads\/cocina-2-225x300.jpg\" data-width=\"225\" data-height=\"300\" aria-label=\"\" role=\"img\" ><\/div>\n\t\t\t\t\t\t\t\t\t\t\t<div class=\"elementor-gallery-item__overlay\"><\/div>\n\t\t\t\t\t\t\t\t\t\t\t\t\t\t<\/a>\n\t\t\t\t\t\t\t<a class=\"e-gallery-item elementor-gallery-item elementor-animated-content\" href=\"https:\/\/www.swparadiseresort.com\/wp-content\/uploads\/comedor-y-tv-scaled.jpg\" data-elementor-open-lightbox=\"yes\" data-elementor-lightbox-slideshow=\"068425a\" data-e-action-hash=\"#elementor-action%3Aaction%3Dlightbox%26settings%3DeyJpZCI6NTk1NywidXJsIjoiaHR0cHM6XC9cL3d3dy5zd3BhcmFkaXNlcmVzb3J0LmNvbVwvd3AtY29udGVudFwvdXBsb2Fkc1wvY29tZWRvci15LXR2LXNjYWxlZC5qcGciLCJzbGlkZXNob3ciOiIwNjg0MjVhIn0%3D\">\n\t\t\t\t\t<div class=\"e-gallery-image elementor-gallery-item__image\" data-thumbnail=\"https:\/\/www.swparadiseresort.com\/wp-content\/uploads\/comedor-y-tv-300x225.jpg\" data-width=\"300\" data-height=\"225\" aria-label=\"\" role=\"img\" ><\/div>\n\t\t\t\t\t\t\t\t\t\t\t<div class=\"elementor-gallery-item__overlay\"><\/div>\n\t\t\t\t\t\t\t\t\t\t\t\t\t\t<\/a>\n\t\t\t\t\t\t\t<a class=\"e-gallery-item elementor-gallery-item elementor-animated-content\" href=\"https:\/\/www.swparadiseresort.com\/wp-content\/uploads\/habitacion-espejo-techo-scaled.jpg\" data-elementor-open-lightbox=\"yes\" data-elementor-lightbox-slideshow=\"068425a\" data-e-action-hash=\"#elementor-action%3Aaction%3Dlightbox%26settings%3DeyJpZCI6NTkzMSwidXJsIjoiaHR0cHM6XC9cL3d3dy5zd3BhcmFkaXNlcmVzb3J0LmNvbVwvd3AtY29udGVudFwvdXBsb2Fkc1wvaGFiaXRhY2lvbi1lc3Blam8tdGVjaG8tc2NhbGVkLmpwZyIsInNsaWRlc2hvdyI6IjA2ODQyNWEifQ%3D%3D\">\n\t\t\t\t\t<div class=\"e-gallery-image elementor-gallery-item__image\" data-thumbnail=\"https:\/\/www.swparadiseresort.com\/wp-content\/uploads\/habitacion-espejo-techo-300x225.jpg\" data-width=\"300\" data-height=\"225\" aria-label=\"\" role=\"img\" ><\/div>\n\t\t\t\t\t\t\t\t\t\t\t<div class=\"elementor-gallery-item__overlay\"><\/div>\n\t\t\t\t\t\t\t\t\t\t\t\t\t\t<\/a>\n\t\t\t\t\t\t\t<a class=\"e-gallery-item elementor-gallery-item elementor-animated-content\" href=\"https:\/\/www.swparadiseresort.com\/wp-content\/uploads\/albornoces-scaled.jpg\" data-elementor-open-lightbox=\"yes\" data-elementor-lightbox-slideshow=\"068425a\" data-e-action-hash=\"#elementor-action%3Aaction%3Dlightbox%26settings%3DeyJpZCI6NjAzMywidXJsIjoiaHR0cHM6XC9cL3d3dy5zd3BhcmFkaXNlcmVzb3J0LmNvbVwvd3AtY29udGVudFwvdXBsb2Fkc1wvYWxib3Jub2Nlcy1zY2FsZWQuanBnIiwic2xpZGVzaG93IjoiMDY4NDI1YSJ9\">\n\t\t\t\t\t<div class=\"e-gallery-image elementor-gallery-item__image\" data-thumbnail=\"https:\/\/www.swparadiseresort.com\/wp-content\/uploads\/albornoces-225x300.jpg\" data-width=\"225\" data-height=\"300\" aria-label=\"\" role=\"img\" ><\/div>\n\t\t\t\t\t\t\t\t\t\t\t<div class=\"elementor-gallery-item__overlay\"><\/div>\n\t\t\t\t\t\t\t\t\t\t\t\t\t\t<\/a>\n\t\t\t\t\t<\/div>\n\t\t\t\t\t<\/div>\n\t\t\t\t<\/div>\n\t\t\t\t\t<\/div>\n\t\t<\/div>\n\t\t\t\t\t<\/div>\n\t\t<\/section>\n\t\t\t\t<\/div>\n\t\t","protected":false},"excerpt":{"rendered":"<p>Notre Bungalows Chaque bungalow au Swinger Paradise Resort est \u00e9quip\u00e9 de deux terrasses priv\u00e9es, offrant [&hellip;]<\/p>\n","protected":false},"author":1,"featured_media":3462,"parent":0,"menu_order":0,"comment_status":"closed","ping_status":"closed","template":"","meta":{"footnotes":""},"class_list":["post-230","page","type-page","status-publish","has-post-thumbnail","hentry"],"yoast_head":"<!-- This site is optimized with the Yoast SEO plugin v26.3 - https:\/\/yoast.com\/wordpress\/plugins\/seo\/ -->\n<title>Les Bungalows - SW Paradise Resort | Gran Canaria<\/title>\n<meta name=\"robots\" content=\"index, follow, max-snippet:-1, max-image-preview:large, max-video-preview:-1\" \/>\n<link rel=\"canonical\" href=\"https:\/\/www.swparadiseresort.com\/fr\/les-bungalows\/\" \/>\n<meta property=\"og:locale\" content=\"fr_FR\" \/>\n<meta property=\"og:type\" content=\"article\" \/>\n<meta property=\"og:title\" content=\"Les Bungalows - SW Paradise Resort | Gran Canaria\" \/>\n<meta property=\"og:description\" content=\"Notre Bungalows Chaque bungalow au Swinger Paradise Resort est \u00e9quip\u00e9 de deux terrasses priv\u00e9es, offrant [&hellip;]\" \/>\n<meta property=\"og:url\" content=\"https:\/\/www.swparadiseresort.com\/fr\/les-bungalows\/\" \/>\n<meta property=\"og:site_name\" content=\"SW Paradise Resort | Gran Canaria\" \/>\n<meta property=\"article:modified_time\" content=\"2023-11-29T12:33:21+00:00\" \/>\n<meta property=\"og:image\" content=\"https:\/\/www.swparadiseresort.com\/wp-content\/uploads\/IMG-8457.jpg\" \/>\n\t<meta property=\"og:image:width\" content=\"2048\" \/>\n\t<meta property=\"og:image:height\" content=\"1536\" \/>\n\t<meta property=\"og:image:type\" content=\"image\/jpeg\" \/>\n<meta name=\"twitter:card\" content=\"summary_large_image\" \/>\n<meta name=\"twitter:label1\" content=\"Dur\u00e9e de lecture estim\u00e9e\" \/>\n\t<meta name=\"twitter:data1\" content=\"1 minute\" \/>\n<script type=\"application\/ld+json\" class=\"yoast-schema-graph\">{\"@context\":\"https:\/\/schema.org\",\"@graph\":[{\"@type\":\"WebPage\",\"@id\":\"https:\/\/www.swparadiseresort.com\/fr\/les-bungalows\/\",\"url\":\"https:\/\/www.swparadiseresort.com\/fr\/les-bungalows\/\",\"name\":\"Les Bungalows - SW Paradise Resort | Gran Canaria\",\"isPartOf\":{\"@id\":\"https:\/\/www.swparadiseresort.com\/#website\"},\"primaryImageOfPage\":{\"@id\":\"https:\/\/www.swparadiseresort.com\/fr\/les-bungalows\/#primaryimage\"},\"image\":{\"@id\":\"https:\/\/www.swparadiseresort.com\/fr\/les-bungalows\/#primaryimage\"},\"thumbnailUrl\":\"https:\/\/www.swparadiseresort.com\/wp-content\/uploads\/IMG-8457.jpg\",\"datePublished\":\"2015-07-30T11:41:16+00:00\",\"dateModified\":\"2023-11-29T12:33:21+00:00\",\"breadcrumb\":{\"@id\":\"https:\/\/www.swparadiseresort.com\/fr\/les-bungalows\/#breadcrumb\"},\"inLanguage\":\"fr-FR\",\"potentialAction\":[{\"@type\":\"ReadAction\",\"target\":[\"https:\/\/www.swparadiseresort.com\/fr\/les-bungalows\/\"]}]},{\"@type\":\"ImageObject\",\"inLanguage\":\"fr-FR\",\"@id\":\"https:\/\/www.swparadiseresort.com\/fr\/les-bungalows\/#primaryimage\",\"url\":\"https:\/\/www.swparadiseresort.com\/wp-content\/uploads\/IMG-8457.jpg\",\"contentUrl\":\"https:\/\/www.swparadiseresort.com\/wp-content\/uploads\/IMG-8457.jpg\",\"width\":2048,\"height\":1536},{\"@type\":\"BreadcrumbList\",\"@id\":\"https:\/\/www.swparadiseresort.com\/fr\/les-bungalows\/#breadcrumb\",\"itemListElement\":[{\"@type\":\"ListItem\",\"position\":1,\"name\":\"Startseite\",\"item\":\"https:\/\/www.swparadiseresort.com\/\"},{\"@type\":\"ListItem\",\"position\":2,\"name\":\"Les Bungalows\"}]},{\"@type\":\"WebSite\",\"@id\":\"https:\/\/www.swparadiseresort.com\/#website\",\"url\":\"https:\/\/www.swparadiseresort.com\/\",\"name\":\"SW Paradise Resort | Gran Canaria\",\"description\":\"Das Mekka f\u00fcr alle Swinger\",\"potentialAction\":[{\"@type\":\"SearchAction\",\"target\":{\"@type\":\"EntryPoint\",\"urlTemplate\":\"https:\/\/www.swparadiseresort.com\/?s={search_term_string}\"},\"query-input\":{\"@type\":\"PropertyValueSpecification\",\"valueRequired\":true,\"valueName\":\"search_term_string\"}}],\"inLanguage\":\"fr-FR\"}]}<\/script>\n<!-- \/ Yoast SEO plugin. -->","yoast_head_json":{"title":"Les Bungalows - SW Paradise Resort | Gran Canaria","robots":{"index":"index","follow":"follow","max-snippet":"max-snippet:-1","max-image-preview":"max-image-preview:large","max-video-preview":"max-video-preview:-1"},"canonical":"https:\/\/www.swparadiseresort.com\/fr\/les-bungalows\/","og_locale":"fr_FR","og_type":"article","og_title":"Les Bungalows - SW Paradise Resort | Gran Canaria","og_description":"Notre Bungalows Chaque bungalow au Swinger Paradise Resort est \u00e9quip\u00e9 de deux terrasses priv\u00e9es, offrant [&hellip;]","og_url":"https:\/\/www.swparadiseresort.com\/fr\/les-bungalows\/","og_site_name":"SW Paradise Resort | Gran Canaria","article_modified_time":"2023-11-29T12:33:21+00:00","og_image":[{"width":2048,"height":1536,"url":"https:\/\/www.swparadiseresort.com\/wp-content\/uploads\/IMG-8457.jpg","type":"image\/jpeg"}],"twitter_card":"summary_large_image","twitter_misc":{"Dur\u00e9e de lecture estim\u00e9e":"1 minute"},"schema":{"@context":"https:\/\/schema.org","@graph":[{"@type":"WebPage","@id":"https:\/\/www.swparadiseresort.com\/fr\/les-bungalows\/","url":"https:\/\/www.swparadiseresort.com\/fr\/les-bungalows\/","name":"Les Bungalows - SW Paradise Resort | Gran Canaria","isPartOf":{"@id":"https:\/\/www.swparadiseresort.com\/#website"},"primaryImageOfPage":{"@id":"https:\/\/www.swparadiseresort.com\/fr\/les-bungalows\/#primaryimage"},"image":{"@id":"https:\/\/www.swparadiseresort.com\/fr\/les-bungalows\/#primaryimage"},"thumbnailUrl":"https:\/\/www.swparadiseresort.com\/wp-content\/uploads\/IMG-8457.jpg","datePublished":"2015-07-30T11:41:16+00:00","dateModified":"2023-11-29T12:33:21+00:00","breadcrumb":{"@id":"https:\/\/www.swparadiseresort.com\/fr\/les-bungalows\/#breadcrumb"},"inLanguage":"fr-FR","potentialAction":[{"@type":"ReadAction","target":["https:\/\/www.swparadiseresort.com\/fr\/les-bungalows\/"]}]},{"@type":"ImageObject","inLanguage":"fr-FR","@id":"https:\/\/www.swparadiseresort.com\/fr\/les-bungalows\/#primaryimage","url":"https:\/\/www.swparadiseresort.com\/wp-content\/uploads\/IMG-8457.jpg","contentUrl":"https:\/\/www.swparadiseresort.com\/wp-content\/uploads\/IMG-8457.jpg","width":2048,"height":1536},{"@type":"BreadcrumbList","@id":"https:\/\/www.swparadiseresort.com\/fr\/les-bungalows\/#breadcrumb","itemListElement":[{"@type":"ListItem","position":1,"name":"Startseite","item":"https:\/\/www.swparadiseresort.com\/"},{"@type":"ListItem","position":2,"name":"Les Bungalows"}]},{"@type":"WebSite","@id":"https:\/\/www.swparadiseresort.com\/#website","url":"https:\/\/www.swparadiseresort.com\/","name":"SW Paradise Resort | Gran Canaria","description":"Das Mekka f\u00fcr alle Swinger","potentialAction":[{"@type":"SearchAction","target":{"@type":"EntryPoint","urlTemplate":"https:\/\/www.swparadiseresort.com\/?s={search_term_string}"},"query-input":{"@type":"PropertyValueSpecification","valueRequired":true,"valueName":"search_term_string"}}],"inLanguage":"fr-FR"}]}},"_links":{"self":[{"href":"https:\/\/www.swparadiseresort.com\/fr\/wp-json\/wp\/v2\/pages\/230","targetHints":{"allow":["GET"]}}],"collection":[{"href":"https:\/\/www.swparadiseresort.com\/fr\/wp-json\/wp\/v2\/pages"}],"about":[{"href":"https:\/\/www.swparadiseresort.com\/fr\/wp-json\/wp\/v2\/types\/page"}],"author":[{"embeddable":true,"href":"https:\/\/www.swparadiseresort.com\/fr\/wp-json\/wp\/v2\/users\/1"}],"replies":[{"embeddable":true,"href":"https:\/\/www.swparadiseresort.com\/fr\/wp-json\/wp\/v2\/comments?post=230"}],"version-history":[{"count":11,"href":"https:\/\/www.swparadiseresort.com\/fr\/wp-json\/wp\/v2\/pages\/230\/revisions"}],"predecessor-version":[{"id":6115,"href":"https:\/\/www.swparadiseresort.com\/fr\/wp-json\/wp\/v2\/pages\/230\/revisions\/6115"}],"wp:featuredmedia":[{"embeddable":true,"href":"https:\/\/www.swparadiseresort.com\/fr\/wp-json\/wp\/v2\/media\/3462"}],"wp:attachment":[{"href":"https:\/\/www.swparadiseresort.com\/fr\/wp-json\/wp\/v2\/media?parent=230"}],"curies":[{"name":"wp","href":"https:\/\/api.w.org\/{rel}","templated":true}]}}