{"id":248,"date":"2015-07-31T12:30:29","date_gmt":"2015-07-31T12:30:29","guid":{"rendered":"http:\/\/venus.webdesign-grancanaria.de\/fr\/events\/"},"modified":"2023-10-04T19:51:01","modified_gmt":"2023-10-04T19:51:01","slug":"partys-evenements","status":"publish","type":"page","link":"https:\/\/www.swparadiseresort.com\/fr\/partys-evenements\/","title":{"rendered":"Partys-Ev\u00e9nements"},"content":{"rendered":"<p><strong>A partir du 08.10.2023<\/strong><\/p>\n<p>Les visiteurs d&rsquo;un jour sont les bienvenus du lundi au dimanche de 12h00 \u00e0 20h00.<\/p>\n<p>Visitez notre Venus Star Resort, o\u00f9 des \u00e9v\u00e9nements diff\u00e9rents sont organis\u00e9s chaque jour.<br \/>\nNos \u00e9v\u00e9nements :<\/p>\n<p>Lundi Sekt Party &#8212;&#8212;&#8212;&#8212;&#8212;&#8212;&#8212;&#8212;&#8212;&#8212;&#8212;&#8212;&#8212;&#8212;&#8212;&#8212;&#8212;&#8212;&#8212;&#8212;&#8212; 35\u20ac\/couple\u00a0 \u00a0 \u00a0 \u00a0(bouteille de champagne &#8211; 10\u20ac)<br \/>\nMardi Happy Hour .&#8212;&#8212;&#8212;&#8212;&#8212;&#8212;&#8212;&#8212;&#8212;&#8212;&#8212;&#8212;&#8212;&#8212;&#8212;&#8212;&#8212;&#8212;&#8212;&#8211; 35\u20ac\/couple\u00a0 \u00a0 \u00a0 \u00a0 (de 15:00 \u00e0 19:00)<br \/>\nMercredi Journ\u00e9e de massage. &#8212;&#8212;&#8212;&#8212;&#8212;&#8212;&#8212;&#8212;&#8212;&#8212;&#8212;&#8212;&#8212;&#8212;&#8212;- 35\u20ac\/couple <br \/>\nJeudi F\u00eate de la mousse. &#8212;&#8212;&#8212;&#8212;&#8212;&#8212;&#8212;&#8212;&#8212;&#8212;&#8212;&#8212;&#8212;&#8212;&#8212;&#8212;&#8212;&#8212;39\u20ac\/couple\u00a0 \u00a0 \u00a0 \u00a0 (13h-13h30) et (14h30-15h).<br \/>\nVendredi journ\u00e9e de sauna. &#8212;&#8212;&#8212;&#8212;&#8212;&#8212;&#8212;&#8212;&#8212;&#8212;&#8212;&#8212;&#8212;&#8212;&#8212;&#8212;&#8211; 39\u20ac\/couple\u00a0 \u00a0 \u00a0 \u00a0(avec diff\u00e9rentes projections d&rsquo;eau).<br \/>\nSamedi journ\u00e9e pizza &#8212;&#8212;&#8212;&#8212;&#8212;&#8212;&#8212;&#8212;&#8212;&#8212;&#8212;&#8212;&#8212;&#8212;&#8212;&#8212;&#8212;&#8212;&#8212;-35\u20ac\/couple\u00a0 \u00a0 \u00a0 \u00a0(comme chez l&rsquo;italien, fra\u00eechement sorti du four \u00e0 pizza).<br \/>\nDimanche Spectacle de pole dance. &#8212;&#8212;&#8212;&#8212;&#8212;&#8212;&#8212;&#8212;&#8212;&#8212;&#8212;&#8212;&#8212;&#8211; 40\u20ac\/couple\u00a0 \u00a0 \u00a0 \u00a0(Paella + Sangr\u00eda &#8211; 1l \/ 2 per = 29\u20ac)<\/p>\n<p>Des casiers, deux serviettes et des chaises longues de luxe sont \u00e0 votre disposition.<\/p>\n<p>Il est important que vous apportiez votre passeport ou votre carte d&rsquo;identit\u00e9.<\/p>\n<p>Nous n&rsquo;acceptons pas les r\u00e9servations pour les visiteurs d&rsquo;un jour.<\/p>\n<p>Notre resort est obligatoirement nudiste.<\/p>\n<p>Nous n&rsquo;acceptons que les couples ( homme et femme) et les femmes seules.<\/p>\n<p><strong><br \/>\n\u00c9V\u00c9NEMENTS SP\u00c9CIAUX \u00c0 CES DATES :<\/strong><\/p>\n<p>14 AU 21 JUILLET 2024<\/p>\n<p>DU 19 AU 26 JANVIER 2025<\/p>\n<p>DU 25 MAI AU 01 JUIN 2025<\/p>\n<p>\u00a0R\u00c9SERVATIONS UNIQUEMENT PAR LE BIAIS DES LIENS SUIVANTS :<\/p>\n<p><a href=\"https:\/\/www.swinger-travel.de\/\"><img decoding=\"async\" class=\"alignnone size-full wp-image-5827\" src=\"https:\/\/swparadiseresort.com\/wp-content\/uploads\/Bild2.png\" alt=\"\" width=\"312\" height=\"81\" srcset=\"https:\/\/www.swparadiseresort.com\/wp-content\/uploads\/\/Bild2.png 312w, https:\/\/www.swparadiseresort.com\/wp-content\/uploads\/\/Bild2-300x78.png 300w\" sizes=\"(max-width: 312px) 100vw, 312px\" \/><\/a>\u00a0<a href=\"https:\/\/www.swinger-travel.net\"><img decoding=\"async\" class=\"alignnone size-full wp-image-5831\" src=\"https:\/\/swparadiseresort.com\/wp-content\/uploads\/Bild1.png\" alt=\"\" width=\"310\" height=\"79\" srcset=\"https:\/\/www.swparadiseresort.com\/wp-content\/uploads\/\/Bild1.png 310w, https:\/\/www.swparadiseresort.com\/wp-content\/uploads\/\/Bild1-300x76.png 300w\" sizes=\"(max-width: 310px) 100vw, 310px\" \/><\/a><\/p>\n","protected":false},"excerpt":{"rendered":"<p>A partir du 08.10.2023 Les visiteurs d&rsquo;un jour sont les bienvenus du lundi au dimanche [&hellip;]<\/p>\n","protected":false},"author":3,"featured_media":0,"parent":0,"menu_order":0,"comment_status":"open","ping_status":"open","template":"templates-pages\/page-events.php","meta":{"footnotes":""},"class_list":["post-248","page","type-page","status-publish","hentry"],"yoast_head":"<!-- This site is optimized with the Yoast SEO plugin v26.3 - https:\/\/yoast.com\/wordpress\/plugins\/seo\/ -->\n<title>Partys-Ev\u00e9nements - SW Paradise Resort | Gran Canaria<\/title>\n<meta name=\"robots\" content=\"index, follow, max-snippet:-1, max-image-preview:large, max-video-preview:-1\" \/>\n<link rel=\"canonical\" href=\"https:\/\/www.swparadiseresort.com\/fr\/partys-evenements\/\" \/>\n<meta property=\"og:locale\" content=\"fr_FR\" \/>\n<meta property=\"og:type\" content=\"article\" \/>\n<meta property=\"og:title\" content=\"Partys-Ev\u00e9nements - SW Paradise Resort | Gran Canaria\" \/>\n<meta property=\"og:description\" content=\"A partir du 08.10.2023 Les visiteurs d&rsquo;un jour sont les bienvenus du lundi au dimanche [&hellip;]\" \/>\n<meta property=\"og:url\" content=\"https:\/\/www.swparadiseresort.com\/fr\/partys-evenements\/\" \/>\n<meta property=\"og:site_name\" content=\"SW Paradise Resort | Gran Canaria\" \/>\n<meta property=\"article:modified_time\" content=\"2023-10-04T19:51:01+00:00\" \/>\n<meta property=\"og:image\" content=\"https:\/\/swparadiseresort.com\/wp-content\/uploads\/Bild2.png\" \/>\n<meta name=\"twitter:card\" content=\"summary_large_image\" \/>\n<meta name=\"twitter:label1\" content=\"Dur\u00e9e de lecture estim\u00e9e\" \/>\n\t<meta name=\"twitter:data1\" content=\"1 minute\" \/>\n<script type=\"application\/ld+json\" class=\"yoast-schema-graph\">{\"@context\":\"https:\/\/schema.org\",\"@graph\":[{\"@type\":\"WebPage\",\"@id\":\"https:\/\/www.swparadiseresort.com\/fr\/partys-evenements\/\",\"url\":\"https:\/\/www.swparadiseresort.com\/fr\/partys-evenements\/\",\"name\":\"Partys-Ev\u00e9nements - SW Paradise Resort | Gran Canaria\",\"isPartOf\":{\"@id\":\"https:\/\/www.swparadiseresort.com\/#website\"},\"primaryImageOfPage\":{\"@id\":\"https:\/\/www.swparadiseresort.com\/fr\/partys-evenements\/#primaryimage\"},\"image\":{\"@id\":\"https:\/\/www.swparadiseresort.com\/fr\/partys-evenements\/#primaryimage\"},\"thumbnailUrl\":\"https:\/\/swparadiseresort.com\/wp-content\/uploads\/Bild2.png\",\"datePublished\":\"2015-07-31T12:30:29+00:00\",\"dateModified\":\"2023-10-04T19:51:01+00:00\",\"breadcrumb\":{\"@id\":\"https:\/\/www.swparadiseresort.com\/fr\/partys-evenements\/#breadcrumb\"},\"inLanguage\":\"fr-FR\",\"potentialAction\":[{\"@type\":\"ReadAction\",\"target\":[\"https:\/\/www.swparadiseresort.com\/fr\/partys-evenements\/\"]}]},{\"@type\":\"ImageObject\",\"inLanguage\":\"fr-FR\",\"@id\":\"https:\/\/www.swparadiseresort.com\/fr\/partys-evenements\/#primaryimage\",\"url\":\"https:\/\/swparadiseresort.com\/wp-content\/uploads\/Bild2.png\",\"contentUrl\":\"https:\/\/swparadiseresort.com\/wp-content\/uploads\/Bild2.png\"},{\"@type\":\"BreadcrumbList\",\"@id\":\"https:\/\/www.swparadiseresort.com\/fr\/partys-evenements\/#breadcrumb\",\"itemListElement\":[{\"@type\":\"ListItem\",\"position\":1,\"name\":\"Startseite\",\"item\":\"https:\/\/www.swparadiseresort.com\/\"},{\"@type\":\"ListItem\",\"position\":2,\"name\":\"Partys-Ev\u00e9nements\"}]},{\"@type\":\"WebSite\",\"@id\":\"https:\/\/www.swparadiseresort.com\/#website\",\"url\":\"https:\/\/www.swparadiseresort.com\/\",\"name\":\"SW Paradise Resort | Gran Canaria\",\"description\":\"Das Mekka f\u00fcr alle Swinger\",\"potentialAction\":[{\"@type\":\"SearchAction\",\"target\":{\"@type\":\"EntryPoint\",\"urlTemplate\":\"https:\/\/www.swparadiseresort.com\/?s={search_term_string}\"},\"query-input\":{\"@type\":\"PropertyValueSpecification\",\"valueRequired\":true,\"valueName\":\"search_term_string\"}}],\"inLanguage\":\"fr-FR\"}]}<\/script>\n<!-- \/ Yoast SEO plugin. -->","yoast_head_json":{"title":"Partys-Ev\u00e9nements - SW Paradise Resort | Gran Canaria","robots":{"index":"index","follow":"follow","max-snippet":"max-snippet:-1","max-image-preview":"max-image-preview:large","max-video-preview":"max-video-preview:-1"},"canonical":"https:\/\/www.swparadiseresort.com\/fr\/partys-evenements\/","og_locale":"fr_FR","og_type":"article","og_title":"Partys-Ev\u00e9nements - SW Paradise Resort | Gran Canaria","og_description":"A partir du 08.10.2023 Les visiteurs d&rsquo;un jour sont les bienvenus du lundi au dimanche [&hellip;]","og_url":"https:\/\/www.swparadiseresort.com\/fr\/partys-evenements\/","og_site_name":"SW Paradise Resort | Gran Canaria","article_modified_time":"2023-10-04T19:51:01+00:00","og_image":[{"url":"https:\/\/swparadiseresort.com\/wp-content\/uploads\/Bild2.png","type":"","width":"","height":""}],"twitter_card":"summary_large_image","twitter_misc":{"Dur\u00e9e de lecture estim\u00e9e":"1 minute"},"schema":{"@context":"https:\/\/schema.org","@graph":[{"@type":"WebPage","@id":"https:\/\/www.swparadiseresort.com\/fr\/partys-evenements\/","url":"https:\/\/www.swparadiseresort.com\/fr\/partys-evenements\/","name":"Partys-Ev\u00e9nements - SW Paradise Resort | Gran Canaria","isPartOf":{"@id":"https:\/\/www.swparadiseresort.com\/#website"},"primaryImageOfPage":{"@id":"https:\/\/www.swparadiseresort.com\/fr\/partys-evenements\/#primaryimage"},"image":{"@id":"https:\/\/www.swparadiseresort.com\/fr\/partys-evenements\/#primaryimage"},"thumbnailUrl":"https:\/\/swparadiseresort.com\/wp-content\/uploads\/Bild2.png","datePublished":"2015-07-31T12:30:29+00:00","dateModified":"2023-10-04T19:51:01+00:00","breadcrumb":{"@id":"https:\/\/www.swparadiseresort.com\/fr\/partys-evenements\/#breadcrumb"},"inLanguage":"fr-FR","potentialAction":[{"@type":"ReadAction","target":["https:\/\/www.swparadiseresort.com\/fr\/partys-evenements\/"]}]},{"@type":"ImageObject","inLanguage":"fr-FR","@id":"https:\/\/www.swparadiseresort.com\/fr\/partys-evenements\/#primaryimage","url":"https:\/\/swparadiseresort.com\/wp-content\/uploads\/Bild2.png","contentUrl":"https:\/\/swparadiseresort.com\/wp-content\/uploads\/Bild2.png"},{"@type":"BreadcrumbList","@id":"https:\/\/www.swparadiseresort.com\/fr\/partys-evenements\/#breadcrumb","itemListElement":[{"@type":"ListItem","position":1,"name":"Startseite","item":"https:\/\/www.swparadiseresort.com\/"},{"@type":"ListItem","position":2,"name":"Partys-Ev\u00e9nements"}]},{"@type":"WebSite","@id":"https:\/\/www.swparadiseresort.com\/#website","url":"https:\/\/www.swparadiseresort.com\/","name":"SW Paradise Resort | Gran Canaria","description":"Das Mekka f\u00fcr alle Swinger","potentialAction":[{"@type":"SearchAction","target":{"@type":"EntryPoint","urlTemplate":"https:\/\/www.swparadiseresort.com\/?s={search_term_string}"},"query-input":{"@type":"PropertyValueSpecification","valueRequired":true,"valueName":"search_term_string"}}],"inLanguage":"fr-FR"}]}},"_links":{"self":[{"href":"https:\/\/www.swparadiseresort.com\/fr\/wp-json\/wp\/v2\/pages\/248","targetHints":{"allow":["GET"]}}],"collection":[{"href":"https:\/\/www.swparadiseresort.com\/fr\/wp-json\/wp\/v2\/pages"}],"about":[{"href":"https:\/\/www.swparadiseresort.com\/fr\/wp-json\/wp\/v2\/types\/page"}],"author":[{"embeddable":true,"href":"https:\/\/www.swparadiseresort.com\/fr\/wp-json\/wp\/v2\/users\/3"}],"replies":[{"embeddable":true,"href":"https:\/\/www.swparadiseresort.com\/fr\/wp-json\/wp\/v2\/comments?post=248"}],"version-history":[{"count":50,"href":"https:\/\/www.swparadiseresort.com\/fr\/wp-json\/wp\/v2\/pages\/248\/revisions"}],"predecessor-version":[{"id":5837,"href":"https:\/\/www.swparadiseresort.com\/fr\/wp-json\/wp\/v2\/pages\/248\/revisions\/5837"}],"wp:attachment":[{"href":"https:\/\/www.swparadiseresort.com\/fr\/wp-json\/wp\/v2\/media?parent=248"}],"curies":[{"name":"wp","href":"https:\/\/api.w.org\/{rel}","templated":true}]}}