{"id":253,"date":"2015-07-30T11:40:28","date_gmt":"2015-07-30T11:40:28","guid":{"rendered":"http:\/\/venus.webdesign-grancanaria.de\/fr\/hausordnung\/"},"modified":"2025-08-21T21:53:25","modified_gmt":"2025-08-21T21:53:25","slug":"reglement-interieur","status":"publish","type":"page","link":"https:\/\/www.swparadiseresort.com\/fr\/reglement-interieur\/","title":{"rendered":"R\u00e8glement int\u00e9rieur"},"content":{"rendered":"\t\t<div data-elementor-type=\"wp-page\" data-elementor-id=\"253\" class=\"elementor elementor-253 elementor-7\" data-elementor-post-type=\"page\">\n\t\t\t\t\t\t<section class=\"elementor-section elementor-top-section elementor-element elementor-element-62a180a elementor-section-boxed elementor-section-height-default elementor-section-height-default\" data-id=\"62a180a\" data-element_type=\"section\">\n\t\t\t\t\t\t<div class=\"elementor-container elementor-column-gap-default\">\n\t\t\t\t\t<div class=\"elementor-column elementor-col-100 elementor-top-column elementor-element elementor-element-c00ef9b\" data-id=\"c00ef9b\" data-element_type=\"column\">\n\t\t\t<div class=\"elementor-widget-wrap elementor-element-populated\">\n\t\t\t\t\t\t<div class=\"elementor-element elementor-element-47c615b elementor-widget elementor-widget-spacer\" data-id=\"47c615b\" data-element_type=\"widget\" data-widget_type=\"spacer.default\">\n\t\t\t\t<div class=\"elementor-widget-container\">\n\t\t\t\t\t\t\t<div class=\"elementor-spacer\">\n\t\t\t<div class=\"elementor-spacer-inner\"><\/div>\n\t\t<\/div>\n\t\t\t\t\t\t<\/div>\n\t\t\t\t<\/div>\n\t\t\t\t\t<\/div>\n\t\t<\/div>\n\t\t\t\t\t<\/div>\n\t\t<\/section>\n\t\t\t\t<section class=\"elementor-section elementor-top-section elementor-element elementor-element-6ae87c3d elementor-section-boxed elementor-section-height-default elementor-section-height-default\" data-id=\"6ae87c3d\" data-element_type=\"section\">\n\t\t\t\t\t\t<div class=\"elementor-container elementor-column-gap-default\">\n\t\t\t\t\t<div class=\"elementor-column elementor-col-100 elementor-top-column elementor-element elementor-element-482ffbef\" data-id=\"482ffbef\" data-element_type=\"column\">\n\t\t\t<div class=\"elementor-widget-wrap elementor-element-populated\">\n\t\t\t\t\t\t<div class=\"elementor-element elementor-element-6297612 elementor-widget elementor-widget-heading\" data-id=\"6297612\" data-element_type=\"widget\" data-widget_type=\"heading.default\">\n\t\t\t\t<div class=\"elementor-widget-container\">\n\t\t\t\t\t<h2 class=\"elementor-heading-title elementor-size-default\">R\u00e8glement int\u00e9rieur &amp; Infos<\/h2>\t\t\t\t<\/div>\n\t\t\t\t<\/div>\n\t\t\t\t\t<\/div>\n\t\t<\/div>\n\t\t\t\t\t<\/div>\n\t\t<\/section>\n\t\t\t\t<section class=\"elementor-section elementor-top-section elementor-element elementor-element-320a0cb elementor-section-boxed elementor-section-height-default elementor-section-height-default\" data-id=\"320a0cb\" data-element_type=\"section\">\n\t\t\t\t\t\t<div class=\"elementor-container elementor-column-gap-default\">\n\t\t\t\t\t<div class=\"elementor-column elementor-col-50 elementor-top-column elementor-element elementor-element-a9c302c\" data-id=\"a9c302c\" data-element_type=\"column\">\n\t\t\t<div class=\"elementor-widget-wrap elementor-element-populated\">\n\t\t\t\t\t\t<div class=\"elementor-element elementor-element-0f78773 elementor-widget elementor-widget-text-editor\" data-id=\"0f78773\" data-element_type=\"widget\" data-widget_type=\"text-editor.default\">\n\t\t\t\t<div class=\"elementor-widget-container\">\n\t\t\t\t\t\t\t\t\t<p>Arriv\u00e9e \u00e0 partir de 14h.<\/p>\n<p>D\u00e9part jusqu\u2019\u00e0 11h. <\/p>\n<p>La r\u00e9ception est ouverte de 08h00 \u00e0 20h00. D&rsquo;indiquer votre heure d&rsquo;arriv\u00e9e afin de vous assurer que vous arrivez bien \u00e0 l&rsquo;\u00e9tablissement. Vous pouvez aussi volontiers r\u00e9server un transfert d&rsquo;a\u00e9roport par notre interm\u00e9diaire (service externe. Le paiement se fait au chauffeur).<\/p>\n<p><strong>SELON LA LOI, IL EST OBLIGATOIRE DE PR\u00c9SENTER UNE IDENTIFICATION OU UN PASSEPORT DU PERSONNEL.<\/strong><\/p>\t\t\t\t\t\t\t\t<\/div>\n\t\t\t\t<\/div>\n\t\t\t\t<div class=\"elementor-element elementor-element-338ea69 elementor-widget elementor-widget-text-editor\" data-id=\"338ea69\" data-element_type=\"widget\" data-widget_type=\"text-editor.default\">\n\t\t\t\t<div class=\"elementor-widget-container\">\n\t\t\t\t\t\t\t\t\t<p>Il est strictement interdit de fumer dans les zones communes du resort:<\/p>\n<ul>\n<li>Zone de la piscine (comunzone) Sur les chaises longues<\/li>\n<li>\u00c0 l\u2019int\u00e9rieur des bungalows.<\/li>\n<\/ul>\n<p>Zones r\u00e9serv\u00e9es aux fumeurs :<\/p>\n<ul>\n<li>Zone fumeurs dans la Comunzone<\/li>\n<li>Terrasse du restaurant<\/li>\n<li>Terrasses des bungalows<\/li>\n<\/ul>\n<p>L\u2019acc\u00e8s aux bungalows est totalement interdit aux visiteurs journaliers, et nos h\u00f4tes ne peuvent pas inviter de visiteurs journaliers dans leur bungalow.<\/p>\n<p>SELON LA LOI, IL EST OBLIGATOIRE DE PR\u00c9SENTER UNE IDENTIFICATION OU UN PASSEPORT DU PERSONNEL.<\/p>\n<p><strong>Il est strictement interdit de manger, de faire des barbecues ou de prendre d&rsquo;autres repas sur la terrasse.<\/strong><\/p>\n<p> <\/p>\n<h3><strong>INTERDICTION DE FAIRE LA F\u00caTE DANS LES BUNGALOWS<\/strong><\/h3>\n<p><strong>\u00c0 tous nos clients.<\/strong><br>Si vous souhaitez organiser une f\u00eate dans notre complexe, veuillez contacter la direction afin que nous puissions l&rsquo;organiser ensemble. La direction d\u00e9corera la salle choisie et vous proposera un prix sp\u00e9cial pour le menu en fonction du nombre de participants. <br><strong>Il est interdit de cuisiner sur la terrasse des bungalows.<\/strong><\/p>\n<p><br>Les chaises longues de la piscine commune sont disponibles \u00e0 partir de 9 heures. Les r\u00e9servations ne sont pas autoris\u00e9es. <\/p>\n<p>L&rsquo;utilisation d&rsquo;appareils photo, de t\u00e9l\u00e9phones portables, de lunettes ou d&rsquo;autres dispositifs permettant de prendre des photos de nos h\u00f4tes est strictement interdite dans l&rsquo;ensemble du complexe.<br>Si vous ne respectez pas cette r\u00e8gle, il vous sera demand\u00e9 de quitter le complexe imm\u00e9diatement.<\/p>\n<p> <\/p>\n<p>Nous vous informons que l&rsquo;entreprise peut d\u00e9biter votre carte du montant des dommages. En effectuant la r\u00e9servation, vous acceptez ces conditions. Si vous n&rsquo;\u00eates pas d&rsquo;accord avec cette mesure, vous devez nous le confirmer par \u00e9crit, sachant que la r\u00e9servation sera automatiquement annul\u00e9e.  <\/p>\n<p>Le nettoyage des bungalows est obligatoire tous les jours.<br>Si vous ne souhaitez pas de nettoyage ponctuel, nous vous informons que les bungalows ne peuvent rester plus de 2 jours sans \u00eatre nettoy\u00e9s.<br>Dans tous les cas, les femmes de chambre ont pour consigne d&rsquo;entrer pour v\u00e9rifier l&rsquo;\u00e9tat du bungalow.<br>En cas de salet\u00e9 extr\u00eame, un suppl\u00e9ment vous sera factur\u00e9.<\/p>\t\t\t\t\t\t\t\t<\/div>\n\t\t\t\t<\/div>\n\t\t\t\t\t<\/div>\n\t\t<\/div>\n\t\t\t\t<div class=\"elementor-column elementor-col-50 elementor-top-column elementor-element elementor-element-a65dcf1\" data-id=\"a65dcf1\" data-element_type=\"column\">\n\t\t\t<div class=\"elementor-widget-wrap elementor-element-populated\">\n\t\t\t\t\t\t<div class=\"elementor-element elementor-element-0fc444b elementor-widget elementor-widget-image\" data-id=\"0fc444b\" data-element_type=\"widget\" data-widget_type=\"image.default\">\n\t\t\t\t<div class=\"elementor-widget-container\">\n\t\t\t\t\t\t\t\t\t\t\t\t\t\t\t<img fetchpriority=\"high\" decoding=\"async\" width=\"768\" height=\"1024\" src=\"https:\/\/www.swparadiseresort.com\/wp-content\/uploads\/buganvilla-768x1024.jpg\" class=\"attachment-large size-large wp-image-6354\" alt=\"\" srcset=\"https:\/\/www.swparadiseresort.com\/wp-content\/uploads\/buganvilla-768x1024.jpg 768w, https:\/\/www.swparadiseresort.com\/wp-content\/uploads\/buganvilla-225x300.jpg 225w, https:\/\/www.swparadiseresort.com\/wp-content\/uploads\/buganvilla-1152x1536.jpg 1152w, https:\/\/www.swparadiseresort.com\/wp-content\/uploads\/buganvilla-1536x2048.jpg 1536w, https:\/\/www.swparadiseresort.com\/wp-content\/uploads\/buganvilla-scaled.jpg 1440w\" sizes=\"(max-width: 768px) 100vw, 768px\" \/>\t\t\t\t\t\t\t\t\t\t\t\t\t\t\t<\/div>\n\t\t\t\t<\/div>\n\t\t\t\t\t<\/div>\n\t\t<\/div>\n\t\t\t\t\t<\/div>\n\t\t<\/section>\n\t\t\t\t<section class=\"elementor-section elementor-top-section elementor-element elementor-element-0a044d5 elementor-section-boxed elementor-section-height-default elementor-section-height-default\" data-id=\"0a044d5\" data-element_type=\"section\">\n\t\t\t\t\t\t<div class=\"elementor-container elementor-column-gap-default\">\n\t\t\t\t\t<div class=\"elementor-column elementor-col-50 elementor-top-column elementor-element elementor-element-1df66da\" data-id=\"1df66da\" data-element_type=\"column\">\n\t\t\t<div class=\"elementor-widget-wrap elementor-element-populated\">\n\t\t\t\t\t\t<div class=\"elementor-element elementor-element-9e01779 elementor-widget elementor-widget-image\" data-id=\"9e01779\" data-element_type=\"widget\" data-widget_type=\"image.default\">\n\t\t\t\t<div class=\"elementor-widget-container\">\n\t\t\t\t\t\t\t\t\t\t\t\t\t\t\t<img decoding=\"async\" width=\"768\" height=\"1024\" src=\"https:\/\/www.swparadiseresort.com\/wp-content\/uploads\/cama-decorada-768x1024.jpg\" class=\"attachment-large size-large wp-image-6043\" alt=\"\" srcset=\"https:\/\/www.swparadiseresort.com\/wp-content\/uploads\/cama-decorada-768x1024.jpg 768w, https:\/\/www.swparadiseresort.com\/wp-content\/uploads\/cama-decorada-225x300.jpg 225w, https:\/\/www.swparadiseresort.com\/wp-content\/uploads\/cama-decorada-1152x1536.jpg 1152w, https:\/\/www.swparadiseresort.com\/wp-content\/uploads\/cama-decorada-1536x2048.jpg 1536w, https:\/\/www.swparadiseresort.com\/wp-content\/uploads\/cama-decorada-scaled.jpg 1440w\" sizes=\"(max-width: 768px) 100vw, 768px\" \/>\t\t\t\t\t\t\t\t\t\t\t\t\t\t\t<\/div>\n\t\t\t\t<\/div>\n\t\t\t\t\t<\/div>\n\t\t<\/div>\n\t\t\t\t<div class=\"elementor-column elementor-col-50 elementor-top-column elementor-element elementor-element-91d21ff\" data-id=\"91d21ff\" data-element_type=\"column\">\n\t\t\t<div class=\"elementor-widget-wrap elementor-element-populated\">\n\t\t\t\t\t\t<div class=\"elementor-element elementor-element-a95c7b5 elementor-widget elementor-widget-heading\" data-id=\"a95c7b5\" data-element_type=\"widget\" data-widget_type=\"heading.default\">\n\t\t\t\t<div class=\"elementor-widget-container\">\n\t\t\t\t\t<h2 class=\"elementor-heading-title elementor-size-default\">pour adultes seulement<\/h2>\t\t\t\t<\/div>\n\t\t\t\t<\/div>\n\t\t\t\t<div class=\"elementor-element elementor-element-e667c37 elementor-widget elementor-widget-text-editor\" data-id=\"e667c37\" data-element_type=\"widget\" data-widget_type=\"text-editor.default\">\n\t\t\t\t<div class=\"elementor-widget-container\">\n\t\t\t\t\t\t\t\t\t<p>Il s\u2019agit d\u2019un complexe r\u00e9serv\u00e9 aux adultes \u2013 cependant, il n\u2019y a aucune obligation ou garantie de sexe. N\u00e9anmoins, toutes les r\u00e8gles normales pour traiter avec les \u00e9changistes, telles que les bonnes mani\u00e8res, la discr\u00e9tion et la propret\u00e9, s\u2019appliquent. Un non signifie non et n\u2019est pas une infraction.<\/p>\n<p>Afin d\u2019\u00e9viter les d\u00e9sagr\u00e9ments, l\u2019utilisation du jacuzzi est interdite apr\u00e8s 22h. De plus, \u00e0 partir de cette date, toutes les activit\u00e9s pouvant engendrer des nuisances sonores devront \u00eatre relocalis\u00e9es \u00e0 l\u2019int\u00e9rieur de la station. Des chambres sont disponibles pour cela.<\/p>\t\t\t\t\t\t\t\t<\/div>\n\t\t\t\t<\/div>\n\t\t\t\t<div class=\"elementor-element elementor-element-2868180 elementor-widget elementor-widget-heading\" data-id=\"2868180\" data-element_type=\"widget\" data-widget_type=\"heading.default\">\n\t\t\t\t<div class=\"elementor-widget-container\">\n\t\t\t\t\t<h2 class=\"elementor-heading-title elementor-size-default\">no photos<\/h2>\t\t\t\t<\/div>\n\t\t\t\t<\/div>\n\t\t\t\t<div class=\"elementor-element elementor-element-53f7212c elementor-widget elementor-widget-text-editor\" data-id=\"53f7212c\" data-element_type=\"widget\" data-widget_type=\"text-editor.default\">\n\t\t\t\t<div class=\"elementor-widget-container\">\n\t\t\t\t\t\t\t\t\t<p>Pour la protection de la discr\u00e9tion, de la vie priv\u00e9e et de la confidentialit\u00e9, vous ne pouvez pas prendre de photos ou de vid\u00e9os de quelque nature que ce soit dans le syst\u00e8me sans le consentement expr\u00e8s de toutes les personnes contenues dans les photos ou les vid\u00e9os. Il n\u2019y aura pas d\u2019exception \u00e0 cela !<\/p>\n<p>Quiconque prend secr\u00e8tement et sans autorisation des photos ou des vid\u00e9os d\u2019autres clients du complexe sans leur autorisation expresse peut \u00eatre expuls\u00e9 du SW Paradise Resort sans aucun remboursement des frais d\u2019h\u00e9bergement pay\u00e9s. <\/p>\n<p> <\/p>\t\t\t\t\t\t\t\t<\/div>\n\t\t\t\t<\/div>\n\t\t\t\t\t<\/div>\n\t\t<\/div>\n\t\t\t\t\t<\/div>\n\t\t<\/section>\n\t\t\t\t<section class=\"elementor-section elementor-top-section elementor-element elementor-element-dc07018 elementor-section-boxed elementor-section-height-default elementor-section-height-default\" data-id=\"dc07018\" data-element_type=\"section\">\n\t\t\t\t\t\t<div class=\"elementor-container elementor-column-gap-default\">\n\t\t\t\t\t<div class=\"elementor-column elementor-col-50 elementor-top-column elementor-element elementor-element-b068ec3\" data-id=\"b068ec3\" data-element_type=\"column\">\n\t\t\t<div class=\"elementor-widget-wrap elementor-element-populated\">\n\t\t\t\t\t\t<div class=\"elementor-element elementor-element-d9e6d7b elementor-widget elementor-widget-text-editor\" data-id=\"d9e6d7b\" data-element_type=\"widget\" data-widget_type=\"text-editor.default\">\n\t\t\t\t<div class=\"elementor-widget-container\">\n\t\t\t\t\t\t\t\t\t<p>Nous supposons que nos clients sont conscients du caract\u00e8re sp\u00e9cial de leurs vacances ici au SW Paradise Resort. Il ne peut y avoir de remboursement des frais d\u2019h\u00e9bergement en raison de malentendus.<\/p>\n<p>Nous traitons toutes les informations avec la plus stricte confidentialit\u00e9 et nous garantissons qu\u2019aucune de ces informations ne sera transmise \u00e0 des tiers. Votre identit\u00e9 et celle de toutes les personnes que vous rencontrez avec nous sont absolument confidentielles.<\/p>\n<p>L&rsquo;\u00e9tablissement se r\u00e9serve le droit d&rsquo;accorder l&rsquo;acc\u00e8s conform\u00e9ment \u00e0 la l\u00e9gislation en vigueur et aux conditions mentionn\u00e9es dans l&rsquo;acc\u00e8s \u00e0 l&rsquo;\u00e9tablissement.<\/p>\n<p> <\/p>\t\t\t\t\t\t\t\t<\/div>\n\t\t\t\t<\/div>\n\t\t\t\t\t<\/div>\n\t\t<\/div>\n\t\t\t\t<div class=\"elementor-column elementor-col-50 elementor-top-column elementor-element elementor-element-e2e51c9\" data-id=\"e2e51c9\" data-element_type=\"column\">\n\t\t\t<div class=\"elementor-widget-wrap elementor-element-populated\">\n\t\t\t\t\t\t<div class=\"elementor-element elementor-element-057640b elementor-widget elementor-widget-text-editor\" data-id=\"057640b\" data-element_type=\"widget\" data-widget_type=\"text-editor.default\">\n\t\t\t\t<div class=\"elementor-widget-container\">\n\t\t\t\t\t\t\t\t\t<p>L&rsquo;utilisation d&rsquo;une carte journali\u00e8re implique l&rsquo;utilisation et l&rsquo;entretien corrects des installations et des \u00e9quipements. En cas de dommages, l&rsquo;\u00e9tablissement peut les facturer.<\/p>\n<p>Les h\u00f4tes de jour ne sont autoris\u00e9s \u00e0 entrer dans les bungalows qu\u2019avec l\u2019approbation expresse de la r\u00e9ception ou du restaurant du SW Paradise Resort.<\/p>\n<p>Le sauna est ouvert tous les jours de 12h00 \u00e0 22h00 (d\u2019octobre \u00e0 avril).<\/p>\n<p>Les clients de jour doivent quitter le complexe \u00e0 20 heures au plus tard.<\/p>\n<p>  <\/p>\t\t\t\t\t\t\t\t<\/div>\n\t\t\t\t<\/div>\n\t\t\t\t\t<\/div>\n\t\t<\/div>\n\t\t\t\t\t<\/div>\n\t\t<\/section>\n\t\t\t\t<section class=\"elementor-section elementor-top-section elementor-element elementor-element-3bda8d9 elementor-section-boxed elementor-section-height-default elementor-section-height-default\" data-id=\"3bda8d9\" data-element_type=\"section\">\n\t\t\t\t\t\t<div class=\"elementor-container elementor-column-gap-default\">\n\t\t\t\t\t<div class=\"elementor-column elementor-col-100 elementor-top-column elementor-element elementor-element-ce8bbd7\" data-id=\"ce8bbd7\" data-element_type=\"column\">\n\t\t\t<div class=\"elementor-widget-wrap elementor-element-populated\">\n\t\t\t\t\t\t<div class=\"elementor-element elementor-element-7a4c72b elementor-widget elementor-widget-heading\" data-id=\"7a4c72b\" data-element_type=\"widget\" data-widget_type=\"heading.default\">\n\t\t\t\t<div class=\"elementor-widget-container\">\n\t\t\t\t\t<h2 class=\"elementor-heading-title elementor-size-default\">Nous souhaitons \u00e0 tous nos clients un s\u00e9jour agr\u00e9able et inoubliable au SW Paradise Resort. <\/h2>\t\t\t\t<\/div>\n\t\t\t\t<\/div>\n\t\t\t\t<div class=\"elementor-element elementor-element-a8fece5 elementor-widget elementor-widget-text-editor\" data-id=\"a8fece5\" data-element_type=\"widget\" data-widget_type=\"text-editor.default\">\n\t\t\t\t<div class=\"elementor-widget-container\">\n\t\t\t\t\t\t\t\t\t<p style=\"text-align: center;\">Si vous avez des questions et\/ou des suggestions, n\u2019h\u00e9sitez pas \u00e0 nous en faire part. <\/p>\t\t\t\t\t\t\t\t<\/div>\n\t\t\t\t<\/div>\n\t\t\t\t\t<\/div>\n\t\t<\/div>\n\t\t\t\t\t<\/div>\n\t\t<\/section>\n\t\t\t\t<\/div>\n\t\t","protected":false},"excerpt":{"rendered":"<p>R\u00e8glement int\u00e9rieur &amp; Infos Arriv\u00e9e \u00e0 partir de 14h. D\u00e9part jusqu\u2019\u00e0 11h. La r\u00e9ception est [&hellip;]<\/p>\n","protected":false},"author":1,"featured_media":0,"parent":0,"menu_order":0,"comment_status":"closed","ping_status":"closed","template":"","meta":{"footnotes":""},"class_list":["post-253","page","type-page","status-publish","hentry"],"yoast_head":"<!-- This site is optimized with the Yoast SEO plugin v26.3 - https:\/\/yoast.com\/wordpress\/plugins\/seo\/ -->\n<title>R\u00e8glement int\u00e9rieur - SW Paradise Resort | Gran Canaria<\/title>\n<meta name=\"robots\" content=\"index, follow, max-snippet:-1, max-image-preview:large, max-video-preview:-1\" \/>\n<link rel=\"canonical\" href=\"https:\/\/www.swparadiseresort.com\/fr\/reglement-interieur\/\" \/>\n<meta property=\"og:locale\" content=\"fr_FR\" \/>\n<meta property=\"og:type\" content=\"article\" \/>\n<meta property=\"og:title\" content=\"R\u00e8glement int\u00e9rieur - SW Paradise Resort | Gran Canaria\" \/>\n<meta property=\"og:description\" content=\"R\u00e8glement int\u00e9rieur &amp; Infos Arriv\u00e9e \u00e0 partir de 14h. D\u00e9part jusqu\u2019\u00e0 11h. La r\u00e9ception est [&hellip;]\" \/>\n<meta property=\"og:url\" content=\"https:\/\/www.swparadiseresort.com\/fr\/reglement-interieur\/\" \/>\n<meta property=\"og:site_name\" content=\"SW Paradise Resort | Gran Canaria\" \/>\n<meta property=\"article:modified_time\" content=\"2025-08-21T21:53:25+00:00\" \/>\n<meta property=\"og:image\" content=\"https:\/\/www.swparadiseresort.com\/wp-content\/uploads\/buganvilla-scaled.jpg\" \/>\n\t<meta property=\"og:image:width\" content=\"1440\" \/>\n\t<meta property=\"og:image:height\" content=\"1920\" \/>\n\t<meta property=\"og:image:type\" content=\"image\/jpeg\" \/>\n<meta name=\"twitter:card\" content=\"summary_large_image\" \/>\n<meta name=\"twitter:label1\" content=\"Dur\u00e9e de lecture estim\u00e9e\" \/>\n\t<meta name=\"twitter:data1\" content=\"4 minutes\" \/>\n<script type=\"application\/ld+json\" class=\"yoast-schema-graph\">{\"@context\":\"https:\/\/schema.org\",\"@graph\":[{\"@type\":\"WebPage\",\"@id\":\"https:\/\/www.swparadiseresort.com\/fr\/reglement-interieur\/\",\"url\":\"https:\/\/www.swparadiseresort.com\/fr\/reglement-interieur\/\",\"name\":\"R\u00e8glement int\u00e9rieur - SW Paradise Resort | Gran Canaria\",\"isPartOf\":{\"@id\":\"https:\/\/www.swparadiseresort.com\/#website\"},\"primaryImageOfPage\":{\"@id\":\"https:\/\/www.swparadiseresort.com\/fr\/reglement-interieur\/#primaryimage\"},\"image\":{\"@id\":\"https:\/\/www.swparadiseresort.com\/fr\/reglement-interieur\/#primaryimage\"},\"thumbnailUrl\":\"https:\/\/www.swparadiseresort.com\/wp-content\/uploads\/buganvilla-768x1024.jpg\",\"datePublished\":\"2015-07-30T11:40:28+00:00\",\"dateModified\":\"2025-08-21T21:53:25+00:00\",\"breadcrumb\":{\"@id\":\"https:\/\/www.swparadiseresort.com\/fr\/reglement-interieur\/#breadcrumb\"},\"inLanguage\":\"fr-FR\",\"potentialAction\":[{\"@type\":\"ReadAction\",\"target\":[\"https:\/\/www.swparadiseresort.com\/fr\/reglement-interieur\/\"]}]},{\"@type\":\"ImageObject\",\"inLanguage\":\"fr-FR\",\"@id\":\"https:\/\/www.swparadiseresort.com\/fr\/reglement-interieur\/#primaryimage\",\"url\":\"https:\/\/www.swparadiseresort.com\/wp-content\/uploads\/buganvilla-768x1024.jpg\",\"contentUrl\":\"https:\/\/www.swparadiseresort.com\/wp-content\/uploads\/buganvilla-768x1024.jpg\"},{\"@type\":\"BreadcrumbList\",\"@id\":\"https:\/\/www.swparadiseresort.com\/fr\/reglement-interieur\/#breadcrumb\",\"itemListElement\":[{\"@type\":\"ListItem\",\"position\":1,\"name\":\"Startseite\",\"item\":\"https:\/\/www.swparadiseresort.com\/\"},{\"@type\":\"ListItem\",\"position\":2,\"name\":\"R\u00e8glement int\u00e9rieur\"}]},{\"@type\":\"WebSite\",\"@id\":\"https:\/\/www.swparadiseresort.com\/#website\",\"url\":\"https:\/\/www.swparadiseresort.com\/\",\"name\":\"SW Paradise Resort | Gran Canaria\",\"description\":\"Das Mekka f\u00fcr alle Swinger\",\"potentialAction\":[{\"@type\":\"SearchAction\",\"target\":{\"@type\":\"EntryPoint\",\"urlTemplate\":\"https:\/\/www.swparadiseresort.com\/?s={search_term_string}\"},\"query-input\":{\"@type\":\"PropertyValueSpecification\",\"valueRequired\":true,\"valueName\":\"search_term_string\"}}],\"inLanguage\":\"fr-FR\"}]}<\/script>\n<!-- \/ Yoast SEO plugin. -->","yoast_head_json":{"title":"R\u00e8glement int\u00e9rieur - SW Paradise Resort | Gran Canaria","robots":{"index":"index","follow":"follow","max-snippet":"max-snippet:-1","max-image-preview":"max-image-preview:large","max-video-preview":"max-video-preview:-1"},"canonical":"https:\/\/www.swparadiseresort.com\/fr\/reglement-interieur\/","og_locale":"fr_FR","og_type":"article","og_title":"R\u00e8glement int\u00e9rieur - SW Paradise Resort | Gran Canaria","og_description":"R\u00e8glement int\u00e9rieur &amp; Infos Arriv\u00e9e \u00e0 partir de 14h. D\u00e9part jusqu\u2019\u00e0 11h. La r\u00e9ception est [&hellip;]","og_url":"https:\/\/www.swparadiseresort.com\/fr\/reglement-interieur\/","og_site_name":"SW Paradise Resort | Gran Canaria","article_modified_time":"2025-08-21T21:53:25+00:00","og_image":[{"width":1440,"height":1920,"url":"https:\/\/www.swparadiseresort.com\/wp-content\/uploads\/buganvilla-scaled.jpg","type":"image\/jpeg"}],"twitter_card":"summary_large_image","twitter_misc":{"Dur\u00e9e de lecture estim\u00e9e":"4 minutes"},"schema":{"@context":"https:\/\/schema.org","@graph":[{"@type":"WebPage","@id":"https:\/\/www.swparadiseresort.com\/fr\/reglement-interieur\/","url":"https:\/\/www.swparadiseresort.com\/fr\/reglement-interieur\/","name":"R\u00e8glement int\u00e9rieur - SW Paradise Resort | Gran Canaria","isPartOf":{"@id":"https:\/\/www.swparadiseresort.com\/#website"},"primaryImageOfPage":{"@id":"https:\/\/www.swparadiseresort.com\/fr\/reglement-interieur\/#primaryimage"},"image":{"@id":"https:\/\/www.swparadiseresort.com\/fr\/reglement-interieur\/#primaryimage"},"thumbnailUrl":"https:\/\/www.swparadiseresort.com\/wp-content\/uploads\/buganvilla-768x1024.jpg","datePublished":"2015-07-30T11:40:28+00:00","dateModified":"2025-08-21T21:53:25+00:00","breadcrumb":{"@id":"https:\/\/www.swparadiseresort.com\/fr\/reglement-interieur\/#breadcrumb"},"inLanguage":"fr-FR","potentialAction":[{"@type":"ReadAction","target":["https:\/\/www.swparadiseresort.com\/fr\/reglement-interieur\/"]}]},{"@type":"ImageObject","inLanguage":"fr-FR","@id":"https:\/\/www.swparadiseresort.com\/fr\/reglement-interieur\/#primaryimage","url":"https:\/\/www.swparadiseresort.com\/wp-content\/uploads\/buganvilla-768x1024.jpg","contentUrl":"https:\/\/www.swparadiseresort.com\/wp-content\/uploads\/buganvilla-768x1024.jpg"},{"@type":"BreadcrumbList","@id":"https:\/\/www.swparadiseresort.com\/fr\/reglement-interieur\/#breadcrumb","itemListElement":[{"@type":"ListItem","position":1,"name":"Startseite","item":"https:\/\/www.swparadiseresort.com\/"},{"@type":"ListItem","position":2,"name":"R\u00e8glement int\u00e9rieur"}]},{"@type":"WebSite","@id":"https:\/\/www.swparadiseresort.com\/#website","url":"https:\/\/www.swparadiseresort.com\/","name":"SW Paradise Resort | Gran Canaria","description":"Das Mekka f\u00fcr alle Swinger","potentialAction":[{"@type":"SearchAction","target":{"@type":"EntryPoint","urlTemplate":"https:\/\/www.swparadiseresort.com\/?s={search_term_string}"},"query-input":{"@type":"PropertyValueSpecification","valueRequired":true,"valueName":"search_term_string"}}],"inLanguage":"fr-FR"}]}},"_links":{"self":[{"href":"https:\/\/www.swparadiseresort.com\/fr\/wp-json\/wp\/v2\/pages\/253","targetHints":{"allow":["GET"]}}],"collection":[{"href":"https:\/\/www.swparadiseresort.com\/fr\/wp-json\/wp\/v2\/pages"}],"about":[{"href":"https:\/\/www.swparadiseresort.com\/fr\/wp-json\/wp\/v2\/types\/page"}],"author":[{"embeddable":true,"href":"https:\/\/www.swparadiseresort.com\/fr\/wp-json\/wp\/v2\/users\/1"}],"replies":[{"embeddable":true,"href":"https:\/\/www.swparadiseresort.com\/fr\/wp-json\/wp\/v2\/comments?post=253"}],"version-history":[{"count":31,"href":"https:\/\/www.swparadiseresort.com\/fr\/wp-json\/wp\/v2\/pages\/253\/revisions"}],"predecessor-version":[{"id":7209,"href":"https:\/\/www.swparadiseresort.com\/fr\/wp-json\/wp\/v2\/pages\/253\/revisions\/7209"}],"wp:attachment":[{"href":"https:\/\/www.swparadiseresort.com\/fr\/wp-json\/wp\/v2\/media?parent=253"}],"curies":[{"name":"wp","href":"https:\/\/api.w.org\/{rel}","templated":true}]}}