{"id":255,"date":"2015-07-30T11:49:34","date_gmt":"2015-07-30T11:49:34","guid":{"rendered":"http:\/\/venus.webdesign-grancanaria.de\/fr\/impressum\/"},"modified":"2021-11-30T11:03:40","modified_gmt":"2021-11-30T11:03:40","slug":"mentions-legales","status":"publish","type":"page","link":"https:\/\/www.swparadiseresort.com\/fr\/mentions-legales\/","title":{"rendered":"Mentions l\u00e9gales"},"content":{"rendered":"<p><strong>AVIS JURIDIQUE<\/strong><\/p>\n<p>Bienvenue dans cet espace. En tant qu&rsquo;utilisateur, il est important que vous connaissiez ces conditions avant de continuer \u00e0 naviguer. VENUS RESORT, S.L. en tant que responsable de cette page web, s&rsquo;engage \u00e0 traiter l&rsquo;information de nos utilisateurs et clients avec toutes les garanties et \u00e0 respecter les exigences nationales et europ\u00e9ennes qui r\u00e9glementent la collecte et l&rsquo;utilisation des donn\u00e9es personnelles de nos utilisateurs. Par cons\u00e9quent, ce site web respecte strictement la loi organique sur la protection des donn\u00e9es \u00e0 caract\u00e8re personnel (ci-apr\u00e8s LOPD) et les autres r\u00e9glementations applicables, le r\u00e8glement (UE) 2016\/279 du Parlement europ\u00e9en et du Conseil du 27 avril 2016 sur la protection des personnes (ci-apr\u00e8s RGPD) et la loi 34\/2002 du 11 juillet sur les services de la soci\u00e9t\u00e9 de l&rsquo;information et du commerce \u00e9lectronique (ci-apr\u00e8s LSSICE).<\/p>\n<p>LES DONN\u00c9ES DU RESPONSABLE &#8211; Identit\u00e9 du responsable VENUS RESORT, S.L. &#8211; Nom commercial : Venus Star Resort &#8211; NIF\/CIF : B76306604 &#8211; Donn\u00e9es du registre du commerce : Journal \/ entr\u00e9e : 232\/250 &#8211; date de pr\u00e9sentation : 16\/01\/2018 &#8211; entr\u00e9e : 1\/2018\/529.0 &#8211; protocole d&rsquo;autorisation Varela Barja, Blanca F\u00e1tima : 2018\/94 du 16 janvier 2018 &#8211; Adresse : Calle Einstein nr. 4 &#8211; Sonnenland 35100 &#8211; Maspalomas &#8211; Courrier \u00e9lectronique : www.swparadiseresort.com &#8211; Activit\u00e9 : Restauration CONDITIONS G\u00c9N\u00c9RALES D&rsquo;UTILISATION Les pr\u00e9sentes conditions g\u00e9n\u00e9rales r\u00e9gissent l&rsquo;utilisation (y compris l&rsquo;acc\u00e8s) des pages web qui composent le site web de VENUS RESORT, S.L., y compris les contenus et services qui y sont mis \u00e0 disposition. Toute personne qui acc\u00e8de au site www.swparadiseresort.com (\u00ab\u00a0utilisateur\u00a0\u00bb) accepte d&rsquo;\u00eatre soumise aux conditions g\u00e9n\u00e9rales en vigueur \u00e0 tout moment. Par utilisateur, on entend la personne qui acc\u00e8de, navigue, utilise ou participe aux services et activit\u00e9s d\u00e9velopp\u00e9s dans le site web.<\/p>\n<p>LES DONN\u00c9ES PERSONNELLES QUE NOUS RECUEILLONS ET LA MANI\u00c8RE DONT NOUS LE FAISONS Les conditions relatives \u00e0 la protection de la vie priv\u00e9e et des donn\u00e9es sont stipul\u00e9es dans notre politique de confidentialit\u00e9.<\/p>\n<p>LES OBLIGATIONS ET ENGAGEMENTS DES UTILISATEURS L&rsquo;utilisateur est inform\u00e9, et accepte que l&rsquo;acc\u00e8s au pr\u00e9sent site web ne suppose en aucun cas le d\u00e9but d&rsquo;une relation commerciale avec VENUS RESORT, S.L. De cette fa\u00e7on, l&rsquo;utilisateur s&rsquo;engage \u00e0 utiliser le site web, ses services et ses contenus sans contrevenir \u00e0 la l\u00e9gislation en vigueur, \u00e0 la bonne foi, aux usages g\u00e9n\u00e9ralement accept\u00e9s et \u00e0 l&rsquo;ordre public. De m\u00eame, il est interdit d&rsquo;utiliser le Web \u00e0 des fins illicites ou nuisibles contre VENUS RESORT, S.L ou tout autre tiers ou qui, de quelque mani\u00e8re que ce soit, peuvent causer des dommages ou emp\u00eacher le fonctionnement normal du Web. En ce qui concerne le contenu (informations, textes, graphiques, fichiers de sons et\/ou d&rsquo;images, photographies, dessins, etc : &#8211; Sa reproduction, sa distribution ou sa modification, sauf si elle a l&rsquo;autorisation de ses propri\u00e9taires l\u00e9gitimes ou si elle est l\u00e9galement autoris\u00e9e. &#8211; Toute violation des droits de l&rsquo;entreprise ou de ses propri\u00e9taires l\u00e9gitimes sur celle-ci. &#8211; Son utilisation \u00e0 des fins commerciales ou publicitaires de toute nature, autres que celles strictement autoris\u00e9es. &#8211; Toute tentative d&rsquo;obtenir les contenus du site web par des moyens autres que ceux mis \u00e0 la disposition des utilisateurs, ainsi que ceux normalement utilis\u00e9s sur le r\u00e9seau, \u00e0 condition qu&rsquo;ils ne causent aucun dommage au site web de VENUS RESORT, S.L Dans l&rsquo;utilisation du site www.swparadiseresort.com, l&rsquo;utilisateur s&rsquo;engage \u00e0 n&rsquo;adopter aucune conduite susceptible de porter atteinte \u00e0 l&rsquo;image, aux int\u00e9r\u00eats et aux droits de VENUS RESORT, S.L. ou de tiers, ou qui pourrait endommager, d\u00e9sactiver ou surcharger le portail www.swparadiseresort.com ou qui emp\u00eacherait, de quelque mani\u00e8re que ce soit, l&rsquo;utilisation normale du site.<\/p>\n<p>N\u00e9anmoins, l&rsquo;utilisateur doit \u00eatre conscient que les mesures de s\u00e9curit\u00e9 des syst\u00e8mes informatiques sur Internet ne sont pas enti\u00e8rement fiables et que, par cons\u00e9quent, VENUS RESORT, S.L., ne peut garantir l&rsquo;inexistence de logiciels malveillants ou d&rsquo;autres \u00e9l\u00e9ments qui pourraient produire des alt\u00e9rations dans les syst\u00e8mes informatiques (logiciels et mat\u00e9riels) de l&rsquo;utilisateur ou dans ses documents \u00e9lectroniques et fichiers contenus dans ceux-ci, bien qu&rsquo;elle mette en \u0153uvre tous les moyens n\u00e9cessaires et les mesures de s\u00e9curit\u00e9 appropri\u00e9es pour \u00e9viter la pr\u00e9sence de ces \u00e9l\u00e9ments nuisibles.<\/p>\n<p>LES MESURES DE S\u00c9CURIT\u00c9<\/p>\n<p>Les donn\u00e9es personnelles communiqu\u00e9es par l&rsquo;utilisateur \u00e0 VENUS RESORT, S.L ,peuvent \u00eatre stock\u00e9es dans des fichiers, dont la propri\u00e9t\u00e9 correspond exclusivement \u00e0 VENUS RESORT, en assumant toutes les mesures de nature technique, organisationnelle et de s\u00e9curit\u00e9 qui garantissent la confidentialit\u00e9, l&rsquo;int\u00e9grit\u00e9 et la qualit\u00e9 de l&rsquo;information contenue dans ceux-ci conform\u00e9ment \u00e0 ce qui est \u00e9tabli dans la r\u00e9glementation en vigueur en mati\u00e8re de protection des donn\u00e9es. VENUS RESORT, S.L utilise un canal s\u00e9curis\u00e9 et les donn\u00e9es transmises sont crypt\u00e9es gr\u00e2ce aux protocoles https, c&rsquo;est pourquoi nous garantissons les meilleures conditions de s\u00e9curit\u00e9 afin que la confidentialit\u00e9 des utilisateurs soit assur\u00e9e.<\/p>\n<p>&nbsp;<\/p>\n","protected":false},"excerpt":{"rendered":"<p>AVIS JURIDIQUE Bienvenue dans cet espace. En tant qu&rsquo;utilisateur, il est important que vous connaissiez [&hellip;]<\/p>\n","protected":false},"author":1,"featured_media":0,"parent":0,"menu_order":0,"comment_status":"open","ping_status":"open","template":"","meta":{"footnotes":""},"class_list":["post-255","page","type-page","status-publish","hentry"],"yoast_head":"<!-- This site is optimized with the Yoast SEO plugin v26.3 - https:\/\/yoast.com\/wordpress\/plugins\/seo\/ -->\n<title>Mentions l\u00e9gales - SW Paradise Resort | Gran Canaria<\/title>\n<meta name=\"robots\" content=\"index, follow, max-snippet:-1, max-image-preview:large, max-video-preview:-1\" \/>\n<link rel=\"canonical\" href=\"https:\/\/www.swparadiseresort.com\/fr\/mentions-legales\/\" \/>\n<meta property=\"og:locale\" content=\"fr_FR\" \/>\n<meta property=\"og:type\" content=\"article\" \/>\n<meta property=\"og:title\" content=\"Mentions l\u00e9gales - SW Paradise Resort | Gran Canaria\" \/>\n<meta property=\"og:description\" content=\"AVIS JURIDIQUE Bienvenue dans cet espace. En tant qu&rsquo;utilisateur, il est important que vous connaissiez [&hellip;]\" \/>\n<meta property=\"og:url\" content=\"https:\/\/www.swparadiseresort.com\/fr\/mentions-legales\/\" \/>\n<meta property=\"og:site_name\" content=\"SW Paradise Resort | Gran Canaria\" \/>\n<meta property=\"article:modified_time\" content=\"2021-11-30T11:03:40+00:00\" \/>\n<meta name=\"twitter:card\" content=\"summary_large_image\" \/>\n<meta name=\"twitter:label1\" content=\"Dur\u00e9e de lecture estim\u00e9e\" \/>\n\t<meta name=\"twitter:data1\" content=\"4 minutes\" \/>\n<script type=\"application\/ld+json\" class=\"yoast-schema-graph\">{\"@context\":\"https:\/\/schema.org\",\"@graph\":[{\"@type\":\"WebPage\",\"@id\":\"https:\/\/www.swparadiseresort.com\/fr\/mentions-legales\/\",\"url\":\"https:\/\/www.swparadiseresort.com\/fr\/mentions-legales\/\",\"name\":\"Mentions l\u00e9gales - SW Paradise Resort | Gran Canaria\",\"isPartOf\":{\"@id\":\"https:\/\/www.swparadiseresort.com\/#website\"},\"datePublished\":\"2015-07-30T11:49:34+00:00\",\"dateModified\":\"2021-11-30T11:03:40+00:00\",\"breadcrumb\":{\"@id\":\"https:\/\/www.swparadiseresort.com\/fr\/mentions-legales\/#breadcrumb\"},\"inLanguage\":\"fr-FR\",\"potentialAction\":[{\"@type\":\"ReadAction\",\"target\":[\"https:\/\/www.swparadiseresort.com\/fr\/mentions-legales\/\"]}]},{\"@type\":\"BreadcrumbList\",\"@id\":\"https:\/\/www.swparadiseresort.com\/fr\/mentions-legales\/#breadcrumb\",\"itemListElement\":[{\"@type\":\"ListItem\",\"position\":1,\"name\":\"Startseite\",\"item\":\"https:\/\/www.swparadiseresort.com\/\"},{\"@type\":\"ListItem\",\"position\":2,\"name\":\"Mentions l\u00e9gales\"}]},{\"@type\":\"WebSite\",\"@id\":\"https:\/\/www.swparadiseresort.com\/#website\",\"url\":\"https:\/\/www.swparadiseresort.com\/\",\"name\":\"SW Paradise Resort | Gran Canaria\",\"description\":\"Das Mekka f\u00fcr alle Swinger\",\"potentialAction\":[{\"@type\":\"SearchAction\",\"target\":{\"@type\":\"EntryPoint\",\"urlTemplate\":\"https:\/\/www.swparadiseresort.com\/?s={search_term_string}\"},\"query-input\":{\"@type\":\"PropertyValueSpecification\",\"valueRequired\":true,\"valueName\":\"search_term_string\"}}],\"inLanguage\":\"fr-FR\"}]}<\/script>\n<!-- \/ Yoast SEO plugin. -->","yoast_head_json":{"title":"Mentions l\u00e9gales - SW Paradise Resort | Gran Canaria","robots":{"index":"index","follow":"follow","max-snippet":"max-snippet:-1","max-image-preview":"max-image-preview:large","max-video-preview":"max-video-preview:-1"},"canonical":"https:\/\/www.swparadiseresort.com\/fr\/mentions-legales\/","og_locale":"fr_FR","og_type":"article","og_title":"Mentions l\u00e9gales - SW Paradise Resort | Gran Canaria","og_description":"AVIS JURIDIQUE Bienvenue dans cet espace. En tant qu&rsquo;utilisateur, il est important que vous connaissiez [&hellip;]","og_url":"https:\/\/www.swparadiseresort.com\/fr\/mentions-legales\/","og_site_name":"SW Paradise Resort | Gran Canaria","article_modified_time":"2021-11-30T11:03:40+00:00","twitter_card":"summary_large_image","twitter_misc":{"Dur\u00e9e de lecture estim\u00e9e":"4 minutes"},"schema":{"@context":"https:\/\/schema.org","@graph":[{"@type":"WebPage","@id":"https:\/\/www.swparadiseresort.com\/fr\/mentions-legales\/","url":"https:\/\/www.swparadiseresort.com\/fr\/mentions-legales\/","name":"Mentions l\u00e9gales - SW Paradise Resort | Gran Canaria","isPartOf":{"@id":"https:\/\/www.swparadiseresort.com\/#website"},"datePublished":"2015-07-30T11:49:34+00:00","dateModified":"2021-11-30T11:03:40+00:00","breadcrumb":{"@id":"https:\/\/www.swparadiseresort.com\/fr\/mentions-legales\/#breadcrumb"},"inLanguage":"fr-FR","potentialAction":[{"@type":"ReadAction","target":["https:\/\/www.swparadiseresort.com\/fr\/mentions-legales\/"]}]},{"@type":"BreadcrumbList","@id":"https:\/\/www.swparadiseresort.com\/fr\/mentions-legales\/#breadcrumb","itemListElement":[{"@type":"ListItem","position":1,"name":"Startseite","item":"https:\/\/www.swparadiseresort.com\/"},{"@type":"ListItem","position":2,"name":"Mentions l\u00e9gales"}]},{"@type":"WebSite","@id":"https:\/\/www.swparadiseresort.com\/#website","url":"https:\/\/www.swparadiseresort.com\/","name":"SW Paradise Resort | Gran Canaria","description":"Das Mekka f\u00fcr alle Swinger","potentialAction":[{"@type":"SearchAction","target":{"@type":"EntryPoint","urlTemplate":"https:\/\/www.swparadiseresort.com\/?s={search_term_string}"},"query-input":{"@type":"PropertyValueSpecification","valueRequired":true,"valueName":"search_term_string"}}],"inLanguage":"fr-FR"}]}},"_links":{"self":[{"href":"https:\/\/www.swparadiseresort.com\/fr\/wp-json\/wp\/v2\/pages\/255","targetHints":{"allow":["GET"]}}],"collection":[{"href":"https:\/\/www.swparadiseresort.com\/fr\/wp-json\/wp\/v2\/pages"}],"about":[{"href":"https:\/\/www.swparadiseresort.com\/fr\/wp-json\/wp\/v2\/types\/page"}],"author":[{"embeddable":true,"href":"https:\/\/www.swparadiseresort.com\/fr\/wp-json\/wp\/v2\/users\/1"}],"replies":[{"embeddable":true,"href":"https:\/\/www.swparadiseresort.com\/fr\/wp-json\/wp\/v2\/comments?post=255"}],"version-history":[{"count":14,"href":"https:\/\/www.swparadiseresort.com\/fr\/wp-json\/wp\/v2\/pages\/255\/revisions"}],"predecessor-version":[{"id":4345,"href":"https:\/\/www.swparadiseresort.com\/fr\/wp-json\/wp\/v2\/pages\/255\/revisions\/4345"}],"wp:attachment":[{"href":"https:\/\/www.swparadiseresort.com\/fr\/wp-json\/wp\/v2\/media?parent=255"}],"curies":[{"name":"wp","href":"https:\/\/api.w.org\/{rel}","templated":true}]}}