{"id":3819,"date":"2019-10-04T10:56:28","date_gmt":"2019-10-04T10:56:28","guid":{"rendered":"https:\/\/venus-star-resort.com\/fr\/politica-de-privacidad\/"},"modified":"2021-11-23T14:30:40","modified_gmt":"2021-11-23T14:30:40","slug":"politica-de-privacidad","status":"publish","type":"page","link":"https:\/\/www.swparadiseresort.com\/fr\/politica-de-privacidad\/","title":{"rendered":"POL\u00cdTICA DE PRIVACIDAD"},"content":{"rendered":"<p>Nous vous souhaitons la bienvenue sur notre site www.swparadiseresort.com, et nous vous invitons et vous expliquons les termes de notre politique de confidentialit\u00e9 avant de nous communiquer vos donn\u00e9es personnelles.<\/p>\n<p>&nbsp;<\/p>\n<p>\nAVIS AUX MINEURS.<\/p>\n<p>\nLes plus de 18 ans peuvent s&rsquo;inscrire sur www.swparadiseresort.com en tant qu&rsquo;utilisateurs.<\/p>\n<p>Les enfants de moins de 18 ans ne peuvent pas entrer dans notre complexe, car il s&rsquo;agit d&rsquo;un complexe r\u00e9serv\u00e9 aux adultes.<\/p>\n<p>Si vous avez moins de 18 ans et avez acc\u00e9d\u00e9 \u00e0 notre site Web, vous ne devez pas vous inscrire en tant qu&rsquo;utilisateur et il vous est totalement interdit de r\u00e9server au Venus Star Resort.<\/p>\n<p>\nVIE PRIV\u00c9E ET DROITS RESPECT\u00c9S SUR www.swparadiseresort.com<br \/>\nNotre entreprise se caract\u00e9rise par le respect et le soin apport\u00e9 aux donn\u00e9es personnelles de nos utilisateurs\/clients. En tant qu&rsquo;utilisateur, vous devez savoir que vos droits sont garantis.<\/p>\n<p>\nNos principes concernant votre vie priv\u00e9e sont les suivants :<\/p>\n<p>Nous ne demandons pas d&rsquo;informations personnelles sauf si cela est n\u00e9cessaire pour vous fournir nos services.<br \/>\nNous ne partageons les informations personnelles de nos utilisateurs avec personne, sauf pour se conformer \u00e0 la loi ou dans le cas o\u00f9 nous avons leur autorisation expresse.<br \/>\nNous n&rsquo;utilisons pas vos donn\u00e9es personnelles \u00e0 d&rsquo;autres fins que celles exprim\u00e9es dans cette politique de confidentialit\u00e9.<\/p>\n<p>Avis concernant notre politique de confidentialit\u00e9\u00a0: elle peut changer en fonction des exigences l\u00e9gislatives ou d&rsquo;autor\u00e9glementation, je vous conseille donc, en tant qu&rsquo;utilisateur, de la visiter et de la consulter p\u00e9riodiquement. Il sera applicable dans le cas o\u00f9 les utilisateurs d\u00e9cident de remplir un formulaire de l&rsquo;un de leurs formulaires de contact o\u00f9 des donn\u00e9es personnelles sont collect\u00e9es.<\/p>\n<p>&nbsp;<\/p>\n<p>\nREGLES JURIDIQUES AUXQUELLES CE SITE EST BIENVENUE<\/p>\n<p>www.swparadiseresort.com a adapt\u00e9 ce site conform\u00e9ment aux exigences de la loi organique sur la protection des donn\u00e9es personnelles (ci-apr\u00e8s la loi 3\/2018 LOPDGDD) et d&rsquo;autres r\u00e9glementations applicables, avec le r\u00e8glement (UE) 2016\/679 du Parlement europ\u00e9en et du Conseil du 27 avril 2016 concernant la protection des personnes physiques (ci-apr\u00e8s RGPD), ainsi qu&rsquo;avec la loi 34\/2002, du 11 juillet, relative aux services de la soci\u00e9t\u00e9 de l&rsquo;information et du commerce \u00e9lectronique (ci-apr\u00e8s LSSICE).<\/p>\n<p>&nbsp;<\/p>\n<p>\nRESPONSABLE DU TRAITEMENT DE VOS DONN\u00c9ES PERSONNELLES<\/p>\n<p>Identit\u00e9 responsable : Venus Resort SL<br \/>\nNom commercial : Venus Star Resort<br \/>\nNIF\/CIF : B76306604<br \/>\nAdresse : rue Einstein nr. 4 &#8211; Sonnenland -35100 Maspalomas<br \/>\nCourriel : <a href=\"javascript:DeCryptX('1d3r3q3w0a1d0t1A2u3z1q3d0r0a2f2k3v2g1s3h1t0o0r0t312e0o2o')\">contact [at] swparadiseresort [dot] com<\/a><br \/>\nActivit\u00e9 : H\u00f4tellerie<\/p>\n<p>Aux fins des dispositions du R\u00e8glement g\u00e9n\u00e9ral sur la protection des donn\u00e9es 2016\/679 du 27 avril 2016, les donn\u00e9es personnelles que vous nous fournissez via les formulaires pr\u00e9sents sur le site, recevront le traitement de donn\u00e9es \u00ab\u00a0web\u00a0\u00bb. Pour traiter les donn\u00e9es de nos utilisateurs, nous utilisons toutes les mesures de s\u00e9curit\u00e9 techniques et organisationnelles pr\u00e9vues par la l\u00e9gislation en vigueur.<\/p>\n<p>&nbsp;<\/p>\n<p>&nbsp;<\/p>\n<p>&nbsp;<\/p>\n<p>PRINCIPES D&rsquo;APPLICATION \u00c0 VOS INFORMATIONS PERSONNELLES<\/p>\n<p>Lorsque nous traiterons vos donn\u00e9es personnelles, nous utiliserons les principes contenus dans le r\u00e8glement (UE) 2016\/679 du Parlement europ\u00e9en et du Conseil du 27 avril 2016 relatif \u00e0 la protection des personnes physiques, \u00e0 savoir :<\/p>\n<p>Principe de l\u00e9galit\u00e9, loyaut\u00e9 et transparence.<br \/>\nPrincipe de minimisation des donn\u00e9es.<br \/>\nPrincipe de limitation de la dur\u00e9e de conservation.<br \/>\nPrincipe d&rsquo;int\u00e9grit\u00e9 et de confidentialit\u00e9.<\/p>\n<p>&nbsp;<\/p>\n<p>\nCOMMENT NOUS AVONS OBTENU VOS DONN\u00c9ES PERSONNELLES SUR NOTRE SITE INTERNET<br \/>\nLes donn\u00e9es personnelles que nous traitons sur www.swparadiseresort.com proviennent de :<\/p>\n<p>Formulaire de contact<br \/>\nR\u00e9servations Web<\/p>\n<p>&nbsp;<\/p>\n<p>\nDROIT<br \/>\nL&rsquo;int\u00e9ress\u00e9 peut exercer les droits suivants :<\/p>\n<p>Droit de demander l&rsquo;acc\u00e8s \u00e0 vos donn\u00e9es personnelles et d&rsquo;obtenir des informations sur le traitement ou non des donn\u00e9es personnelles vous concernant.<br \/>\nDroit de demander la rectification de vos donn\u00e9es inexactes, ou le cas \u00e9ch\u00e9ant, de demander leur suppression lorsque, entre autres raisons, les donn\u00e9es ne sont plus n\u00e9cessaires aux fins pour lesquelles elles ont \u00e9t\u00e9 collect\u00e9es.<br \/>\nDroit de demander la limitation du traitement de vos donn\u00e9es, auquel cas nous ne les conserverons que pour l&rsquo;exercice ou la d\u00e9fense de r\u00e9clamations.<br \/>\nDroit de demander l&rsquo;opposition au traitement de vos donn\u00e9es, dans certaines circonstances et pour des raisons li\u00e9es \u00e0 votre situation particuli\u00e8re.<br \/>\nDroit \u00e0 la portabilit\u00e9 de vos donn\u00e9es.<br \/>\nDroit de retirer le consentement fourni, sans que ledit retrait n&rsquo;affecte la l\u00e9galit\u00e9 des traitements ant\u00e9rieurs bas\u00e9s sur ledit consentement.<br \/>\nDroit \u00e0 une protection juridictionnelle effective et droit de recours devant une Autorit\u00e9 de Contr\u00f4le.<\/p>\n<p>&nbsp;<\/p>\n<p>\nBUT DU TRAITEMENT<\/p>\n<p>Lorsqu&rsquo;un utilisateur se connecte \u00e0 notre site Web pour, par exemple, envoyer un e-mail au propri\u00e9taire, conclure un contrat ou demander un service, il fournit des informations personnelles dont www.swparadiseresort.com est responsable. des donn\u00e9es personnelles telles que l&rsquo;adresse IP, l&rsquo;adresse physique, le nom, l&rsquo;adresse e-mail, le num\u00e9ro de t\u00e9l\u00e9phone et d&rsquo;autres informations. En fournissant ces informations, l&rsquo;utilisateur donne sa co<\/p>\n","protected":false},"excerpt":{"rendered":"<p>Nous vous souhaitons la bienvenue sur notre site www.swparadiseresort.com, et nous vous invitons et vous [&hellip;]<\/p>\n","protected":false},"author":3,"featured_media":0,"parent":0,"menu_order":0,"comment_status":"closed","ping_status":"closed","template":"","meta":{"footnotes":""},"class_list":["post-3819","page","type-page","status-publish","hentry"],"yoast_head":"<!-- This site is optimized with the Yoast SEO plugin v26.3 - https:\/\/yoast.com\/wordpress\/plugins\/seo\/ -->\n<title>POL\u00cdTICA DE PRIVACIDAD - SW Paradise Resort | Gran Canaria<\/title>\n<meta name=\"robots\" content=\"index, follow, max-snippet:-1, max-image-preview:large, max-video-preview:-1\" \/>\n<link rel=\"canonical\" href=\"https:\/\/www.swparadiseresort.com\/fr\/politica-de-privacidad\/\" \/>\n<meta property=\"og:locale\" content=\"fr_FR\" \/>\n<meta property=\"og:type\" content=\"article\" \/>\n<meta property=\"og:title\" content=\"POL\u00cdTICA DE PRIVACIDAD - SW Paradise Resort | Gran Canaria\" \/>\n<meta property=\"og:description\" content=\"Nous vous souhaitons la bienvenue sur notre site www.swparadiseresort.com, et nous vous invitons et vous [&hellip;]\" \/>\n<meta property=\"og:url\" content=\"https:\/\/www.swparadiseresort.com\/fr\/politica-de-privacidad\/\" \/>\n<meta property=\"og:site_name\" content=\"SW Paradise Resort | Gran Canaria\" \/>\n<meta property=\"article:modified_time\" content=\"2021-11-23T14:30:40+00:00\" \/>\n<meta name=\"twitter:card\" content=\"summary_large_image\" \/>\n<meta name=\"twitter:label1\" content=\"Dur\u00e9e de lecture estim\u00e9e\" \/>\n\t<meta name=\"twitter:data1\" content=\"4 minutes\" \/>\n<script type=\"application\/ld+json\" class=\"yoast-schema-graph\">{\"@context\":\"https:\/\/schema.org\",\"@graph\":[{\"@type\":\"WebPage\",\"@id\":\"https:\/\/www.swparadiseresort.com\/fr\/politica-de-privacidad\/\",\"url\":\"https:\/\/www.swparadiseresort.com\/fr\/politica-de-privacidad\/\",\"name\":\"POL\u00cdTICA DE PRIVACIDAD - SW Paradise Resort | Gran Canaria\",\"isPartOf\":{\"@id\":\"https:\/\/www.swparadiseresort.com\/#website\"},\"datePublished\":\"2019-10-04T10:56:28+00:00\",\"dateModified\":\"2021-11-23T14:30:40+00:00\",\"breadcrumb\":{\"@id\":\"https:\/\/www.swparadiseresort.com\/fr\/politica-de-privacidad\/#breadcrumb\"},\"inLanguage\":\"fr-FR\",\"potentialAction\":[{\"@type\":\"ReadAction\",\"target\":[\"https:\/\/www.swparadiseresort.com\/fr\/politica-de-privacidad\/\"]}]},{\"@type\":\"BreadcrumbList\",\"@id\":\"https:\/\/www.swparadiseresort.com\/fr\/politica-de-privacidad\/#breadcrumb\",\"itemListElement\":[{\"@type\":\"ListItem\",\"position\":1,\"name\":\"Startseite\",\"item\":\"https:\/\/www.swparadiseresort.com\/\"},{\"@type\":\"ListItem\",\"position\":2,\"name\":\"POL\u00cdTICA DE PRIVACIDAD\"}]},{\"@type\":\"WebSite\",\"@id\":\"https:\/\/www.swparadiseresort.com\/#website\",\"url\":\"https:\/\/www.swparadiseresort.com\/\",\"name\":\"SW Paradise Resort | Gran Canaria\",\"description\":\"Das Mekka f\u00fcr alle Swinger\",\"potentialAction\":[{\"@type\":\"SearchAction\",\"target\":{\"@type\":\"EntryPoint\",\"urlTemplate\":\"https:\/\/www.swparadiseresort.com\/?s={search_term_string}\"},\"query-input\":{\"@type\":\"PropertyValueSpecification\",\"valueRequired\":true,\"valueName\":\"search_term_string\"}}],\"inLanguage\":\"fr-FR\"}]}<\/script>\n<!-- \/ Yoast SEO plugin. -->","yoast_head_json":{"title":"POL\u00cdTICA DE PRIVACIDAD - SW Paradise Resort | Gran Canaria","robots":{"index":"index","follow":"follow","max-snippet":"max-snippet:-1","max-image-preview":"max-image-preview:large","max-video-preview":"max-video-preview:-1"},"canonical":"https:\/\/www.swparadiseresort.com\/fr\/politica-de-privacidad\/","og_locale":"fr_FR","og_type":"article","og_title":"POL\u00cdTICA DE PRIVACIDAD - SW Paradise Resort | Gran Canaria","og_description":"Nous vous souhaitons la bienvenue sur notre site www.swparadiseresort.com, et nous vous invitons et vous [&hellip;]","og_url":"https:\/\/www.swparadiseresort.com\/fr\/politica-de-privacidad\/","og_site_name":"SW Paradise Resort | Gran Canaria","article_modified_time":"2021-11-23T14:30:40+00:00","twitter_card":"summary_large_image","twitter_misc":{"Dur\u00e9e de lecture estim\u00e9e":"4 minutes"},"schema":{"@context":"https:\/\/schema.org","@graph":[{"@type":"WebPage","@id":"https:\/\/www.swparadiseresort.com\/fr\/politica-de-privacidad\/","url":"https:\/\/www.swparadiseresort.com\/fr\/politica-de-privacidad\/","name":"POL\u00cdTICA DE PRIVACIDAD - SW Paradise Resort | Gran Canaria","isPartOf":{"@id":"https:\/\/www.swparadiseresort.com\/#website"},"datePublished":"2019-10-04T10:56:28+00:00","dateModified":"2021-11-23T14:30:40+00:00","breadcrumb":{"@id":"https:\/\/www.swparadiseresort.com\/fr\/politica-de-privacidad\/#breadcrumb"},"inLanguage":"fr-FR","potentialAction":[{"@type":"ReadAction","target":["https:\/\/www.swparadiseresort.com\/fr\/politica-de-privacidad\/"]}]},{"@type":"BreadcrumbList","@id":"https:\/\/www.swparadiseresort.com\/fr\/politica-de-privacidad\/#breadcrumb","itemListElement":[{"@type":"ListItem","position":1,"name":"Startseite","item":"https:\/\/www.swparadiseresort.com\/"},{"@type":"ListItem","position":2,"name":"POL\u00cdTICA DE PRIVACIDAD"}]},{"@type":"WebSite","@id":"https:\/\/www.swparadiseresort.com\/#website","url":"https:\/\/www.swparadiseresort.com\/","name":"SW Paradise Resort | Gran Canaria","description":"Das Mekka f\u00fcr alle Swinger","potentialAction":[{"@type":"SearchAction","target":{"@type":"EntryPoint","urlTemplate":"https:\/\/www.swparadiseresort.com\/?s={search_term_string}"},"query-input":{"@type":"PropertyValueSpecification","valueRequired":true,"valueName":"search_term_string"}}],"inLanguage":"fr-FR"}]}},"_links":{"self":[{"href":"https:\/\/www.swparadiseresort.com\/fr\/wp-json\/wp\/v2\/pages\/3819","targetHints":{"allow":["GET"]}}],"collection":[{"href":"https:\/\/www.swparadiseresort.com\/fr\/wp-json\/wp\/v2\/pages"}],"about":[{"href":"https:\/\/www.swparadiseresort.com\/fr\/wp-json\/wp\/v2\/types\/page"}],"author":[{"embeddable":true,"href":"https:\/\/www.swparadiseresort.com\/fr\/wp-json\/wp\/v2\/users\/3"}],"replies":[{"embeddable":true,"href":"https:\/\/www.swparadiseresort.com\/fr\/wp-json\/wp\/v2\/comments?post=3819"}],"version-history":[{"count":6,"href":"https:\/\/www.swparadiseresort.com\/fr\/wp-json\/wp\/v2\/pages\/3819\/revisions"}],"predecessor-version":[{"id":4329,"href":"https:\/\/www.swparadiseresort.com\/fr\/wp-json\/wp\/v2\/pages\/3819\/revisions\/4329"}],"wp:attachment":[{"href":"https:\/\/www.swparadiseresort.com\/fr\/wp-json\/wp\/v2\/media?parent=3819"}],"curies":[{"name":"wp","href":"https:\/\/api.w.org\/{rel}","templated":true}]}}