{"id":6584,"date":"2023-12-27T10:26:59","date_gmt":"2023-12-27T10:26:59","guid":{"rendered":"https:\/\/www.swparadiseresort.com\/regole-per-tutti\/"},"modified":"2025-08-21T21:56:07","modified_gmt":"2025-08-21T21:56:07","slug":"regole-per-tutti","status":"publish","type":"page","link":"https:\/\/www.swparadiseresort.com\/it\/regole-per-tutti\/","title":{"rendered":"Regole per tutti"},"content":{"rendered":"\t\t<div data-elementor-type=\"wp-page\" data-elementor-id=\"6584\" class=\"elementor elementor-6584 elementor-7\" data-elementor-post-type=\"page\">\n\t\t\t\t\t\t<section class=\"elementor-section elementor-top-section elementor-element elementor-element-62a180a elementor-section-boxed elementor-section-height-default elementor-section-height-default\" data-id=\"62a180a\" data-element_type=\"section\">\n\t\t\t\t\t\t<div class=\"elementor-container elementor-column-gap-default\">\n\t\t\t\t\t<div class=\"elementor-column elementor-col-100 elementor-top-column elementor-element elementor-element-c00ef9b\" data-id=\"c00ef9b\" data-element_type=\"column\">\n\t\t\t<div class=\"elementor-widget-wrap elementor-element-populated\">\n\t\t\t\t\t\t<div class=\"elementor-element elementor-element-47c615b elementor-widget elementor-widget-spacer\" data-id=\"47c615b\" data-element_type=\"widget\" data-widget_type=\"spacer.default\">\n\t\t\t\t<div class=\"elementor-widget-container\">\n\t\t\t\t\t\t\t<div class=\"elementor-spacer\">\n\t\t\t<div class=\"elementor-spacer-inner\"><\/div>\n\t\t<\/div>\n\t\t\t\t\t\t<\/div>\n\t\t\t\t<\/div>\n\t\t\t\t\t<\/div>\n\t\t<\/div>\n\t\t\t\t\t<\/div>\n\t\t<\/section>\n\t\t\t\t<section class=\"elementor-section elementor-top-section elementor-element elementor-element-6ae87c3d elementor-section-boxed elementor-section-height-default elementor-section-height-default\" data-id=\"6ae87c3d\" data-element_type=\"section\">\n\t\t\t\t\t\t<div class=\"elementor-container elementor-column-gap-default\">\n\t\t\t\t\t<div class=\"elementor-column elementor-col-100 elementor-top-column elementor-element elementor-element-482ffbef\" data-id=\"482ffbef\" data-element_type=\"column\">\n\t\t\t<div class=\"elementor-widget-wrap elementor-element-populated\">\n\t\t\t\t\t\t<div class=\"elementor-element elementor-element-6297612 elementor-widget elementor-widget-heading\" data-id=\"6297612\" data-element_type=\"widget\" data-widget_type=\"heading.default\">\n\t\t\t\t<div class=\"elementor-widget-container\">\n\t\t\t\t\t<h2 class=\"elementor-heading-title elementor-size-default\">Regole e informazioni sulla casa<\/h2>\t\t\t\t<\/div>\n\t\t\t\t<\/div>\n\t\t\t\t\t<\/div>\n\t\t<\/div>\n\t\t\t\t\t<\/div>\n\t\t<\/section>\n\t\t\t\t<section class=\"elementor-section elementor-top-section elementor-element elementor-element-320a0cb elementor-section-boxed elementor-section-height-default elementor-section-height-default\" data-id=\"320a0cb\" data-element_type=\"section\">\n\t\t\t\t\t\t<div class=\"elementor-container elementor-column-gap-default\">\n\t\t\t\t\t<div class=\"elementor-column elementor-col-50 elementor-top-column elementor-element elementor-element-a9c302c\" data-id=\"a9c302c\" data-element_type=\"column\">\n\t\t\t<div class=\"elementor-widget-wrap elementor-element-populated\">\n\t\t\t\t\t\t<div class=\"elementor-element elementor-element-0f78773 elementor-widget elementor-widget-text-editor\" data-id=\"0f78773\" data-element_type=\"widget\" data-widget_type=\"text-editor.default\">\n\t\t\t\t<div class=\"elementor-widget-container\">\n\t\t\t\t\t\t\t\t\t<p>Check-in dalle 14h.<\/p>\n<p>Check-out fino alle 11. <\/p>\n<p>La reception \u00e8 aperta dalle ore 08:00 alle ore 20:00. Vi preghiamo di comunicarci l&#8217;orario di arrivo in modo da potervi garantire l&#8217;arrivo al resort. \u00c8 inoltre possibile prenotare un trasferimento dall&#8217;aeroporto tramite noi (servizio esterno, il pagamento viene effettuato all&#8217;autista).<\/p>\n<p><strong>\u00c8 OBBLIGATORIO PER LEGGE MOSTRARE LA CARTA D&#8217;IDENTIT\u00c0 O IL PASSAPORTO AL PERSONALE.<\/strong><\/p>\t\t\t\t\t\t\t\t<\/div>\n\t\t\t\t<\/div>\n\t\t\t\t<div class=\"elementor-element elementor-element-338ea69 elementor-widget elementor-widget-text-editor\" data-id=\"338ea69\" data-element_type=\"widget\" data-widget_type=\"text-editor.default\">\n\t\t\t\t<div class=\"elementor-widget-container\">\n\t\t\t\t\t\t\t\t\t<p>\u00c8 severamente vietato fumare nelle aree comuni del resort:<\/p>\n<ul>\n<li>&#8211; Area della piscina<\/li>\n<li>&#8211; All&#8217;interno dei bungalow.<\/li>\n<\/ul>\n<p>Aree fumatori:<\/p>\n<ul>\n<li>&#8211; Area fumatori<\/li>\n<li>&#8211; Terrazza del ristorante<\/li>\n<li>&#8211; Terrazza del bungalow<\/li>\n<\/ul>\n<p>Agli ospiti giornalieri \u00e8 severamente vietato l&#8217;accesso ai bungalow. Gli ospiti non possono invitare ospiti giornalieri nel proprio bungalow.<\/p>\n<p>\u00c8 OBBLIGATORIO PER LEGGE MOSTRARE LA CARTA D&#8217;IDENTIT\u00c0 O IL PASSAPORTO AL PERSONALE.<\/p>\n<p><strong>\u00c8 severamente vietato mangiare, fare barbecue o consumare altri pasti sulla terrazza.<\/strong><\/p>\n<p> <\/p>\n<h3><strong>DIVIETO DI FESTE NEI BUNGALOW<\/strong><\/h3>\n<p><strong>A tutti gli ospiti.<\/strong><br>Se desiderate organizzare una festa nel nostro resort, vi preghiamo di rivolgervi alla direzione, in modo da poterla organizzare insieme. La direzione provveder\u00e0 ad addobbare la sala scelta e vi offrir\u00e0 un prezzo speciale per il menu in base al numero di partecipanti. <br><strong>Non \u00e8 consentito cucinare sulla terrazza dei bungalow.<\/strong><\/p>\n<p><br>Le sedie a sdraio nell&#8217;area della piscina comune sono disponibili dalle 9:00. Non \u00e8 consentita la prenotazione. <\/p>\n<p>In tutto il resort \u00e8 severamente vietato l&#8217;uso di macchine fotografiche, telefoni cellulari, occhiali o altri dispositivi che possano essere utilizzati per fotografare i nostri ospiti.<br>Chi non rispetta questa regola sar\u00e0 invitato a lasciare immediatamente il complesso.<\/p>\n<p> <\/p>\n<p>Si prega di notare che l&#8217;azienda pu\u00f2 addebitare sulla vostra carta il costo dei danni. Effettuando la prenotazione, accettate queste condizioni. Se non siete d&#8217;accordo con questa misura, dovete confermarcelo per iscritto, tenendo presente che la prenotazione verr\u00e0 automaticamente cancellata.  <\/p>\n<p>La pulizia dei bungalow viene effettuata obbligatoriamente ogni giorno.<br>Se non desiderate la pulizia puntuale, vi informiamo che i bungalow non potranno rimanere pi\u00f9 di 2 giorni senza essere puliti.<br>In ogni caso, le cameriere hanno l&#8217;ordine di entrare per controllare lo stato del bungalow.<br>In caso di sporcizia estrema vi verr\u00e0 addebitato un supplemento.<\/p>\t\t\t\t\t\t\t\t<\/div>\n\t\t\t\t<\/div>\n\t\t\t\t\t<\/div>\n\t\t<\/div>\n\t\t\t\t<div class=\"elementor-column elementor-col-50 elementor-top-column elementor-element elementor-element-a65dcf1\" data-id=\"a65dcf1\" data-element_type=\"column\">\n\t\t\t<div class=\"elementor-widget-wrap elementor-element-populated\">\n\t\t\t\t\t\t<div class=\"elementor-element elementor-element-0fc444b elementor-widget elementor-widget-image\" data-id=\"0fc444b\" data-element_type=\"widget\" data-widget_type=\"image.default\">\n\t\t\t\t<div class=\"elementor-widget-container\">\n\t\t\t\t\t\t\t\t\t\t\t\t\t\t\t<img fetchpriority=\"high\" decoding=\"async\" width=\"768\" height=\"1024\" src=\"https:\/\/www.swparadiseresort.com\/wp-content\/uploads\/buganvilla-768x1024.jpg\" class=\"attachment-large size-large wp-image-6355\" alt=\"\" srcset=\"https:\/\/www.swparadiseresort.com\/wp-content\/uploads\/buganvilla-768x1024.jpg 768w, https:\/\/www.swparadiseresort.com\/wp-content\/uploads\/buganvilla-225x300.jpg 225w, https:\/\/www.swparadiseresort.com\/wp-content\/uploads\/buganvilla-1152x1536.jpg 1152w, https:\/\/www.swparadiseresort.com\/wp-content\/uploads\/buganvilla-1536x2048.jpg 1536w, https:\/\/www.swparadiseresort.com\/wp-content\/uploads\/buganvilla-scaled.jpg 1440w\" sizes=\"(max-width: 768px) 100vw, 768px\" \/>\t\t\t\t\t\t\t\t\t\t\t\t\t\t\t<\/div>\n\t\t\t\t<\/div>\n\t\t\t\t\t<\/div>\n\t\t<\/div>\n\t\t\t\t\t<\/div>\n\t\t<\/section>\n\t\t\t\t<section class=\"elementor-section elementor-top-section elementor-element elementor-element-0a044d5 elementor-section-boxed elementor-section-height-default elementor-section-height-default\" data-id=\"0a044d5\" data-element_type=\"section\">\n\t\t\t\t\t\t<div class=\"elementor-container elementor-column-gap-default\">\n\t\t\t\t\t<div class=\"elementor-column elementor-col-50 elementor-top-column elementor-element elementor-element-1df66da\" data-id=\"1df66da\" data-element_type=\"column\">\n\t\t\t<div class=\"elementor-widget-wrap elementor-element-populated\">\n\t\t\t\t\t\t<div class=\"elementor-element elementor-element-9e01779 elementor-widget elementor-widget-image\" data-id=\"9e01779\" data-element_type=\"widget\" data-widget_type=\"image.default\">\n\t\t\t\t<div class=\"elementor-widget-container\">\n\t\t\t\t\t\t\t\t\t\t\t\t\t\t\t<img decoding=\"async\" width=\"768\" height=\"1024\" src=\"https:\/\/www.swparadiseresort.com\/wp-content\/uploads\/cama-decorada-768x1024.jpg\" class=\"attachment-large size-large wp-image-6209\" alt=\"\" srcset=\"https:\/\/www.swparadiseresort.com\/wp-content\/uploads\/cama-decorada-768x1024.jpg 768w, https:\/\/www.swparadiseresort.com\/wp-content\/uploads\/cama-decorada-225x300.jpg 225w, https:\/\/www.swparadiseresort.com\/wp-content\/uploads\/cama-decorada-1152x1536.jpg 1152w, https:\/\/www.swparadiseresort.com\/wp-content\/uploads\/cama-decorada-1536x2048.jpg 1536w, https:\/\/www.swparadiseresort.com\/wp-content\/uploads\/cama-decorada-scaled.jpg 1440w\" sizes=\"(max-width: 768px) 100vw, 768px\" \/>\t\t\t\t\t\t\t\t\t\t\t\t\t\t\t<\/div>\n\t\t\t\t<\/div>\n\t\t\t\t\t<\/div>\n\t\t<\/div>\n\t\t\t\t<div class=\"elementor-column elementor-col-50 elementor-top-column elementor-element elementor-element-91d21ff\" data-id=\"91d21ff\" data-element_type=\"column\">\n\t\t\t<div class=\"elementor-widget-wrap elementor-element-populated\">\n\t\t\t\t\t\t<div class=\"elementor-element elementor-element-a95c7b5 elementor-widget elementor-widget-heading\" data-id=\"a95c7b5\" data-element_type=\"widget\" data-widget_type=\"heading.default\">\n\t\t\t\t<div class=\"elementor-widget-container\">\n\t\t\t\t\t<h2 class=\"elementor-heading-title elementor-size-default\">solo per adulti<\/h2>\t\t\t\t<\/div>\n\t\t\t\t<\/div>\n\t\t\t\t<div class=\"elementor-element elementor-element-e667c37 elementor-widget elementor-widget-text-editor\" data-id=\"e667c37\" data-element_type=\"widget\" data-widget_type=\"text-editor.default\">\n\t\t\t\t<div class=\"elementor-widget-container\">\n\t\t\t\t\t\t\t\t\t<p>Questo \u00e8 un resort per soli adulti, tuttavia non vi \u00e8 alcun obbligo o garanzia di sesso. Tuttavia, si applicano tutte le normali regole di comportamento degli scambisti, come la buona educazione, la discrezione e la pulizia. Un no significa no e non costituisce un&#8217;offesa.<\/p>\n<p>Per evitare molestie, l&#8217;utilizzo della vasca idromassaggio \u00e8 vietato dopo le 22.00. Inoltre, a partire da quest&#8217;ora, tutte le attivit\u00e0 che potrebbero causare disturbi devono essere spostate nelle aree interne del resort. A tal fine sono disponibili delle camere.<\/p>\t\t\t\t\t\t\t\t<\/div>\n\t\t\t\t<\/div>\n\t\t\t\t<div class=\"elementor-element elementor-element-2868180 elementor-widget elementor-widget-heading\" data-id=\"2868180\" data-element_type=\"widget\" data-widget_type=\"heading.default\">\n\t\t\t\t<div class=\"elementor-widget-container\">\n\t\t\t\t\t<h2 class=\"elementor-heading-title elementor-size-default\">Niente foto<\/h2>\t\t\t\t<\/div>\n\t\t\t\t<\/div>\n\t\t\t\t<div class=\"elementor-element elementor-element-53f7212c elementor-widget elementor-widget-text-editor\" data-id=\"53f7212c\" data-element_type=\"widget\" data-widget_type=\"text-editor.default\">\n\t\t\t\t<div class=\"elementor-widget-container\">\n\t\t\t\t\t\t\t\t\t<p>Per garantire la discrezione, la privacy e la riservatezza, non \u00e8 consentito scattare foto o fare video di alcun tipo all&#8217;interno del resort senza l&#8217;esplicito consenso di tutte le persone incluse nelle foto o nei video. Non ci saranno eccezioni a questo divieto!<\/p>\n<p>Chiunque scatti foto o video clandestini e non autorizzati ad altri ospiti del complesso senza il loro esplicito consenso potr\u00e0 essere espulso dal SW Paradise Resort senza alcun rimborso delle spese di soggiorno versate. <\/p>\n<p> <\/p>\t\t\t\t\t\t\t\t<\/div>\n\t\t\t\t<\/div>\n\t\t\t\t\t<\/div>\n\t\t<\/div>\n\t\t\t\t\t<\/div>\n\t\t<\/section>\n\t\t\t\t<section class=\"elementor-section elementor-top-section elementor-element elementor-element-dc07018 elementor-section-boxed elementor-section-height-default elementor-section-height-default\" data-id=\"dc07018\" data-element_type=\"section\">\n\t\t\t\t\t\t<div class=\"elementor-container elementor-column-gap-default\">\n\t\t\t\t\t<div class=\"elementor-column elementor-col-50 elementor-top-column elementor-element elementor-element-b068ec3\" data-id=\"b068ec3\" data-element_type=\"column\">\n\t\t\t<div class=\"elementor-widget-wrap elementor-element-populated\">\n\t\t\t\t\t\t<div class=\"elementor-element elementor-element-d9e6d7b elementor-widget elementor-widget-text-editor\" data-id=\"d9e6d7b\" data-element_type=\"widget\" data-widget_type=\"text-editor.default\">\n\t\t\t\t<div class=\"elementor-widget-container\">\n\t\t\t\t\t\t\t\t\t<p>Partiamo dal presupposto che i nostri ospiti siano consapevoli della natura speciale della loro vacanza qui al SW Paradise Resort. Non \u00e8 previsto alcun rimborso delle spese di soggiorno a causa di malintesi.<\/p>\n<p>Tutte le informazioni saranno trattate con la massima riservatezza e si garantisce che nessuna di queste informazioni sar\u00e0 trasmessa a terzi. La vostra identit\u00e0 e quella di tutte le persone che incontrerete con noi \u00e8 assolutamente riservata.<\/p>\n<p>Lo stabilimento si riserva il diritto di concedere l&#8217;accesso in conformit\u00e0 alla legislazione vigente e alle condizioni indicate nell&#8217;accesso allo stabilimento.<\/p>\n<p> <\/p>\t\t\t\t\t\t\t\t<\/div>\n\t\t\t\t<\/div>\n\t\t\t\t\t<\/div>\n\t\t<\/div>\n\t\t\t\t<div class=\"elementor-column elementor-col-50 elementor-top-column elementor-element elementor-element-e2e51c9\" data-id=\"e2e51c9\" data-element_type=\"column\">\n\t\t\t<div class=\"elementor-widget-wrap elementor-element-populated\">\n\t\t\t\t\t\t<div class=\"elementor-element elementor-element-057640b elementor-widget elementor-widget-text-editor\" data-id=\"057640b\" data-element_type=\"widget\" data-widget_type=\"text-editor.default\">\n\t\t\t\t<div class=\"elementor-widget-container\">\n\t\t\t\t\t\t\t\t\t<p>L&#8217;utilizzo di un pass giornaliero \u00e8 subordinato al corretto utilizzo e alla manutenzione delle strutture e delle attrezzature. In caso di danni, il centro pu\u00f2 addebitarne il costo.<\/p>\n<p>Gli ospiti giornalieri possono accedere ai bungalow solo su espressa autorizzazione della reception o del ristorante dell&#8217;SW Paradise Resort.<\/p>\n<p>La sauna \u00e8 aperta tutti i giorni dalle 12:00 alle 22:00 (da ottobre ad aprile).<\/p>\n<p>Gli ospiti giornalieri devono lasciare il resort entro e non oltre le ore 20:00.<\/p>\n<p>  <\/p>\t\t\t\t\t\t\t\t<\/div>\n\t\t\t\t<\/div>\n\t\t\t\t\t<\/div>\n\t\t<\/div>\n\t\t\t\t\t<\/div>\n\t\t<\/section>\n\t\t\t\t<section class=\"elementor-section elementor-top-section elementor-element elementor-element-3bda8d9 elementor-section-boxed elementor-section-height-default elementor-section-height-default\" data-id=\"3bda8d9\" data-element_type=\"section\">\n\t\t\t\t\t\t<div class=\"elementor-container elementor-column-gap-default\">\n\t\t\t\t\t<div class=\"elementor-column elementor-col-100 elementor-top-column elementor-element elementor-element-ce8bbd7\" data-id=\"ce8bbd7\" data-element_type=\"column\">\n\t\t\t<div class=\"elementor-widget-wrap elementor-element-populated\">\n\t\t\t\t\t\t<div class=\"elementor-element elementor-element-7a4c72b elementor-widget elementor-widget-heading\" data-id=\"7a4c72b\" data-element_type=\"widget\" data-widget_type=\"heading.default\">\n\t\t\t\t<div class=\"elementor-widget-container\">\n\t\t\t\t\t<h2 class=\"elementor-heading-title elementor-size-default\">Auguriamo a tutti i nostri ospiti un soggiorno piacevole e indimenticabile all'SW Paradise Resort. <\/h2>\t\t\t\t<\/div>\n\t\t\t\t<\/div>\n\t\t\t\t<div class=\"elementor-element elementor-element-a8fece5 elementor-widget elementor-widget-text-editor\" data-id=\"a8fece5\" data-element_type=\"widget\" data-widget_type=\"text-editor.default\">\n\t\t\t\t<div class=\"elementor-widget-container\">\n\t\t\t\t\t\t\t\t\t<p style=\"text-align: center;\">Se avete domande e\/o suggerimenti, non esitate a comunicarceli. <\/p>\t\t\t\t\t\t\t\t<\/div>\n\t\t\t\t<\/div>\n\t\t\t\t\t<\/div>\n\t\t<\/div>\n\t\t\t\t\t<\/div>\n\t\t<\/section>\n\t\t\t\t<\/div>\n\t\t","protected":false},"excerpt":{"rendered":"<p>Regole e informazioni sulla casa Check-in dalle 14h. Check-out fino alle 11. La reception \u00e8 [&hellip;]<\/p>\n","protected":false},"author":1,"featured_media":0,"parent":0,"menu_order":0,"comment_status":"closed","ping_status":"closed","template":"","meta":{"footnotes":""},"class_list":["post-6584","page","type-page","status-publish","hentry"],"yoast_head":"<!-- This site is optimized with the Yoast SEO plugin v26.3 - https:\/\/yoast.com\/wordpress\/plugins\/seo\/ -->\n<title>Regole per tutti - SW Paradise Resort | Gran Canaria<\/title>\n<meta name=\"robots\" content=\"index, follow, max-snippet:-1, max-image-preview:large, max-video-preview:-1\" \/>\n<link rel=\"canonical\" href=\"https:\/\/www.swparadiseresort.com\/it\/regole-per-tutti\/\" \/>\n<meta property=\"og:locale\" content=\"it_IT\" \/>\n<meta property=\"og:type\" content=\"article\" \/>\n<meta property=\"og:title\" content=\"Regole per tutti - SW Paradise Resort | Gran Canaria\" \/>\n<meta property=\"og:description\" content=\"Regole e informazioni sulla casa Check-in dalle 14h. Check-out fino alle 11. La reception \u00e8 [&hellip;]\" \/>\n<meta property=\"og:url\" content=\"https:\/\/www.swparadiseresort.com\/it\/regole-per-tutti\/\" \/>\n<meta property=\"og:site_name\" content=\"SW Paradise Resort | Gran Canaria\" \/>\n<meta property=\"article:modified_time\" content=\"2025-08-21T21:56:07+00:00\" \/>\n<meta property=\"og:image\" content=\"https:\/\/www.swparadiseresort.com\/wp-content\/uploads\/buganvilla-scaled.jpg\" \/>\n\t<meta property=\"og:image:width\" content=\"1440\" \/>\n\t<meta property=\"og:image:height\" content=\"1920\" \/>\n\t<meta property=\"og:image:type\" content=\"image\/jpeg\" \/>\n<meta name=\"twitter:card\" content=\"summary_large_image\" \/>\n<meta name=\"twitter:label1\" content=\"Tempo di lettura stimato\" \/>\n\t<meta name=\"twitter:data1\" content=\"4 minuti\" \/>\n<script type=\"application\/ld+json\" class=\"yoast-schema-graph\">{\"@context\":\"https:\/\/schema.org\",\"@graph\":[{\"@type\":\"WebPage\",\"@id\":\"https:\/\/www.swparadiseresort.com\/it\/regole-per-tutti\/\",\"url\":\"https:\/\/www.swparadiseresort.com\/it\/regole-per-tutti\/\",\"name\":\"Regole per tutti - SW Paradise Resort | Gran Canaria\",\"isPartOf\":{\"@id\":\"https:\/\/www.swparadiseresort.com\/#website\"},\"primaryImageOfPage\":{\"@id\":\"https:\/\/www.swparadiseresort.com\/it\/regole-per-tutti\/#primaryimage\"},\"image\":{\"@id\":\"https:\/\/www.swparadiseresort.com\/it\/regole-per-tutti\/#primaryimage\"},\"thumbnailUrl\":\"https:\/\/www.swparadiseresort.com\/wp-content\/uploads\/buganvilla-768x1024.jpg\",\"datePublished\":\"2023-12-27T10:26:59+00:00\",\"dateModified\":\"2025-08-21T21:56:07+00:00\",\"breadcrumb\":{\"@id\":\"https:\/\/www.swparadiseresort.com\/it\/regole-per-tutti\/#breadcrumb\"},\"inLanguage\":\"it-IT\",\"potentialAction\":[{\"@type\":\"ReadAction\",\"target\":[\"https:\/\/www.swparadiseresort.com\/it\/regole-per-tutti\/\"]}]},{\"@type\":\"ImageObject\",\"inLanguage\":\"it-IT\",\"@id\":\"https:\/\/www.swparadiseresort.com\/it\/regole-per-tutti\/#primaryimage\",\"url\":\"https:\/\/www.swparadiseresort.com\/wp-content\/uploads\/buganvilla-768x1024.jpg\",\"contentUrl\":\"https:\/\/www.swparadiseresort.com\/wp-content\/uploads\/buganvilla-768x1024.jpg\"},{\"@type\":\"BreadcrumbList\",\"@id\":\"https:\/\/www.swparadiseresort.com\/it\/regole-per-tutti\/#breadcrumb\",\"itemListElement\":[{\"@type\":\"ListItem\",\"position\":1,\"name\":\"Startseite\",\"item\":\"https:\/\/www.swparadiseresort.com\/\"},{\"@type\":\"ListItem\",\"position\":2,\"name\":\"Regole per tutti\"}]},{\"@type\":\"WebSite\",\"@id\":\"https:\/\/www.swparadiseresort.com\/#website\",\"url\":\"https:\/\/www.swparadiseresort.com\/\",\"name\":\"SW Paradise Resort | Gran Canaria\",\"description\":\"Das Mekka f\u00fcr alle Swinger\",\"potentialAction\":[{\"@type\":\"SearchAction\",\"target\":{\"@type\":\"EntryPoint\",\"urlTemplate\":\"https:\/\/www.swparadiseresort.com\/?s={search_term_string}\"},\"query-input\":{\"@type\":\"PropertyValueSpecification\",\"valueRequired\":true,\"valueName\":\"search_term_string\"}}],\"inLanguage\":\"it-IT\"}]}<\/script>\n<!-- \/ Yoast SEO plugin. -->","yoast_head_json":{"title":"Regole per tutti - SW Paradise Resort | Gran Canaria","robots":{"index":"index","follow":"follow","max-snippet":"max-snippet:-1","max-image-preview":"max-image-preview:large","max-video-preview":"max-video-preview:-1"},"canonical":"https:\/\/www.swparadiseresort.com\/it\/regole-per-tutti\/","og_locale":"it_IT","og_type":"article","og_title":"Regole per tutti - SW Paradise Resort | Gran Canaria","og_description":"Regole e informazioni sulla casa Check-in dalle 14h. Check-out fino alle 11. La reception \u00e8 [&hellip;]","og_url":"https:\/\/www.swparadiseresort.com\/it\/regole-per-tutti\/","og_site_name":"SW Paradise Resort | Gran Canaria","article_modified_time":"2025-08-21T21:56:07+00:00","og_image":[{"width":1440,"height":1920,"url":"https:\/\/www.swparadiseresort.com\/wp-content\/uploads\/buganvilla-scaled.jpg","type":"image\/jpeg"}],"twitter_card":"summary_large_image","twitter_misc":{"Tempo di lettura stimato":"4 minuti"},"schema":{"@context":"https:\/\/schema.org","@graph":[{"@type":"WebPage","@id":"https:\/\/www.swparadiseresort.com\/it\/regole-per-tutti\/","url":"https:\/\/www.swparadiseresort.com\/it\/regole-per-tutti\/","name":"Regole per tutti - SW Paradise Resort | Gran Canaria","isPartOf":{"@id":"https:\/\/www.swparadiseresort.com\/#website"},"primaryImageOfPage":{"@id":"https:\/\/www.swparadiseresort.com\/it\/regole-per-tutti\/#primaryimage"},"image":{"@id":"https:\/\/www.swparadiseresort.com\/it\/regole-per-tutti\/#primaryimage"},"thumbnailUrl":"https:\/\/www.swparadiseresort.com\/wp-content\/uploads\/buganvilla-768x1024.jpg","datePublished":"2023-12-27T10:26:59+00:00","dateModified":"2025-08-21T21:56:07+00:00","breadcrumb":{"@id":"https:\/\/www.swparadiseresort.com\/it\/regole-per-tutti\/#breadcrumb"},"inLanguage":"it-IT","potentialAction":[{"@type":"ReadAction","target":["https:\/\/www.swparadiseresort.com\/it\/regole-per-tutti\/"]}]},{"@type":"ImageObject","inLanguage":"it-IT","@id":"https:\/\/www.swparadiseresort.com\/it\/regole-per-tutti\/#primaryimage","url":"https:\/\/www.swparadiseresort.com\/wp-content\/uploads\/buganvilla-768x1024.jpg","contentUrl":"https:\/\/www.swparadiseresort.com\/wp-content\/uploads\/buganvilla-768x1024.jpg"},{"@type":"BreadcrumbList","@id":"https:\/\/www.swparadiseresort.com\/it\/regole-per-tutti\/#breadcrumb","itemListElement":[{"@type":"ListItem","position":1,"name":"Startseite","item":"https:\/\/www.swparadiseresort.com\/"},{"@type":"ListItem","position":2,"name":"Regole per tutti"}]},{"@type":"WebSite","@id":"https:\/\/www.swparadiseresort.com\/#website","url":"https:\/\/www.swparadiseresort.com\/","name":"SW Paradise Resort | Gran Canaria","description":"Das Mekka f\u00fcr alle Swinger","potentialAction":[{"@type":"SearchAction","target":{"@type":"EntryPoint","urlTemplate":"https:\/\/www.swparadiseresort.com\/?s={search_term_string}"},"query-input":{"@type":"PropertyValueSpecification","valueRequired":true,"valueName":"search_term_string"}}],"inLanguage":"it-IT"}]}},"_links":{"self":[{"href":"https:\/\/www.swparadiseresort.com\/it\/wp-json\/wp\/v2\/pages\/6584","targetHints":{"allow":["GET"]}}],"collection":[{"href":"https:\/\/www.swparadiseresort.com\/it\/wp-json\/wp\/v2\/pages"}],"about":[{"href":"https:\/\/www.swparadiseresort.com\/it\/wp-json\/wp\/v2\/types\/page"}],"author":[{"embeddable":true,"href":"https:\/\/www.swparadiseresort.com\/it\/wp-json\/wp\/v2\/users\/1"}],"replies":[{"embeddable":true,"href":"https:\/\/www.swparadiseresort.com\/it\/wp-json\/wp\/v2\/comments?post=6584"}],"version-history":[{"count":20,"href":"https:\/\/www.swparadiseresort.com\/it\/wp-json\/wp\/v2\/pages\/6584\/revisions"}],"predecessor-version":[{"id":7211,"href":"https:\/\/www.swparadiseresort.com\/it\/wp-json\/wp\/v2\/pages\/6584\/revisions\/7211"}],"wp:attachment":[{"href":"https:\/\/www.swparadiseresort.com\/it\/wp-json\/wp\/v2\/media?parent=6584"}],"curies":[{"name":"wp","href":"https:\/\/api.w.org\/{rel}","templated":true}]}}